{"id":474,"date":"2022-11-16T16:23:45","date_gmt":"2022-11-16T15:23:45","guid":{"rendered":"https:\/\/dr-franke-metallwaren.de\/metall\/?post_type=product&#038;p=474"},"modified":"2023-10-04T11:12:58","modified_gmt":"2023-10-04T09:12:58","slug":"zungenschloesser-gross-125-mm-rotary-bolt-lock-large","status":"publish","type":"product","link":"https:\/\/dr-franke-metallwaren.de\/metall\/produkt\/zungenschloesser-gross-125-mm-rotary-bolt-lock-large\/","title":{"rendered":"Zungenschl\u00f6sser gro\u00df"},"content":{"rendered":"<p>&nbsp;<\/p>\n\n<table id=\"tablepress-2\" class=\"tablepress tablepress-id-2\">\n<thead>\n<tr class=\"row-1\">\n\t<th class=\"column-1\"><strong>Artikelbezeichnung <br \/>\nArticle description<\/strong><\/th><th class=\"column-2\"><strong>Artikelnummer <br \/>\nArticle number<\/strong><\/th><th class=\"column-3\"><strong>Ausf\u00fchrung<br \/>\nVersion<\/strong><\/th><th class=\"column-4\"><strong>Besonderheit<br \/>\nSpecial feature<\/strong><\/th><th class=\"column-5\"><strong>Ma\u00dfe HxBxT in mm<br \/>\nDimensions HxWxD in mm<\/strong><\/th>\n<\/tr>\n<\/thead>\n<tbody class=\"row-striping row-hover\">\n<tr class=\"row-2\">\n\t<td class=\"column-1\"><\/td><td class=\"column-2\"><\/td><td class=\"column-3\"><\/td><td class=\"column-4\"><\/td><td class=\"column-5\"><\/td>\n<\/tr>\n<tr class=\"row-3\">\n\t<td class=\"column-1\">Zungenschloss \/ <span style=\"color:#000000;\">rotary bolt lock<\/span><\/td><td class=\"column-2\">A-0329 000<\/td><td class=\"column-3\">Stahl, verzinkt \/ Steel, Zinc plated<\/td><td class=\"column-4\">Standardnuss \/ Standard nut<\/td><td class=\"column-5\">125 x 27 x 15<\/td>\n<\/tr>\n<tr class=\"row-4\">\n\t<td class=\"column-1\">Zungenschloss mit Anschlag \/ <span style=\"color:#000000;\">rotary bolt lock with stop<\/span><\/td><td class=\"column-2\">A-0329 008<\/td><td class=\"column-3\">Stahl, verzinkt \/ Steel, Zinc plated<\/td><td class=\"column-4\">Standardnuss \/ Standard nut<\/td><td class=\"column-5\">125 x 27 x 15<\/td>\n<\/tr>\n<tr class=\"row-5\">\n\t<td class=\"column-1\">Zungenschloss RECHTS mit<br \/>\nHakennuss \/<span style=\"color:#000000;\"> rotary bolt lock RIGHT with<br \/>\nHook nut<\/span><\/td><td class=\"column-2\">A-0329 010<\/td><td class=\"column-3\">Stahl, verzinkt \/ Steel, Zinc plated<\/td><td class=\"column-4\">Hakennuss \/ Hook nut<\/td><td class=\"column-5\">125 x 27 x 15<\/td>\n<\/tr>\n<tr class=\"row-6\">\n\t<td class=\"column-1\">Zungenschloss LINKS mit<br \/>\nHakennuss \/ <span style=\"color:#000000;\">rotary bolt lock LEFT with<br \/>\nHook nut<\/span><\/td><td class=\"column-2\">A-0329 011<\/td><td class=\"column-3\">Stahl, verzinkt \/ Steel, Zinc plated<\/td><td class=\"column-4\">Hakennuss \/ Hook nut<\/td><td class=\"column-5\">125 x 27 x 15<\/td>\n<\/tr>\n<\/tbody>\n<\/table>\n<!-- #tablepress-2 from cache -->\n<p>Weitere Varianten bez\u00fcglich Material, Oberfl\u00e4che und Ausf\u00fchrungen auf Anfrage!<\/p>\n","protected":false},"excerpt":{"rendered":"<p>Klassisches Zungenschloss f\u00fcr vielf\u00e4ltige Einsatzbereiche in unterschiedlichen Ausf\u00fchrungen und Ma\u00dfen.<\/p>\n<ul>\n<li>Stahl, verzinkt<\/li>\n<li>mit Standardnuss oder Hakennuss<\/li>\n<li>Bohrung 5,5 mm<\/li>\n<li>Schloss mit Hakennuss in linker und rechter Ausf\u00fchrung erh\u00e4ltlich<\/li>\n<li>Schloss mit Standardnuss auch mit Anschlag erh\u00e4ltlich<\/li>\n<\/ul>\n<p>&nbsp;<\/p>\n<p>Weitere Varianten bez\u00fcglich Material, Oberfl\u00e4che und Ausf\u00fchrung auf Anfrage!<\/p>\n","protected":false},"featured_media":535,"template":"","meta":[],"product_brand":[],"product_cat":[402,415],"product_tag":[318],"class_list":{"0":"post-474","1":"product","2":"type-product","3":"status-publish","4":"has-post-thumbnail","6":"product_cat-schloesser-und-verschluesse","7":"product_cat-zungenschloesser-gross","8":"product_tag-zungenschloss","10":"first","11":"instock","12":"shipping-taxable","13":"product-type-simple"},"yoast_head":"<!-- This site is optimized with the Yoast SEO plugin v27.4 - https:\/\/yoast.com\/product\/yoast-seo-wordpress\/ -->\n<title>Zungenschl\u00f6sser gro\u00df - Dr. Franke Metallwaren<\/title>\n<meta name=\"description\" content=\"Dr. Franke Metallwaren: Zungenschl\u00f6sser gro\u00df (125 mm) f\u00fcr den Fahrzeugbau.\" \/>\n<meta name=\"robots\" content=\"index, follow, max-snippet:-1, max-image-preview:large, max-video-preview:-1\" \/>\n<link rel=\"canonical\" href=\"https:\/\/dr-franke-metallwaren.de\/metall\/produkt\/zungenschloesser-gross-125-mm-rotary-bolt-lock-large\/\" \/>\n<meta property=\"og:locale\" content=\"de_DE\" \/>\n<meta property=\"og:type\" content=\"article\" \/>\n<meta property=\"og:title\" content=\"Zungenschl\u00f6sser gro\u00df - Dr. Franke Metallwaren\" \/>\n<meta property=\"og:description\" content=\"Dr. Franke Metallwaren: Zungenschl\u00f6sser gro\u00df (125 mm) f\u00fcr den Fahrzeugbau.\" \/>\n<meta property=\"og:url\" content=\"https:\/\/dr-franke-metallwaren.de\/metall\/produkt\/zungenschloesser-gross-125-mm-rotary-bolt-lock-large\/\" \/>\n<meta property=\"og:site_name\" content=\"Dr. Franke Metallwaren\" \/>\n<meta property=\"article:modified_time\" content=\"2023-10-04T09:12:58+00:00\" \/>\n<meta property=\"og:image\" content=\"https:\/\/dr-franke-metallwaren.de\/metall\/wp-content\/uploads\/2022\/11\/A-0329-000_zungenschloss.png\" \/>\n\t<meta property=\"og:image:width\" content=\"1200\" \/>\n\t<meta property=\"og:image:height\" content=\"1200\" \/>\n\t<meta property=\"og:image:type\" content=\"image\/png\" \/>\n<meta name=\"twitter:card\" content=\"summary_large_image\" \/>\n<meta name=\"twitter:label1\" content=\"Gesch\u00e4tzte Lesezeit\" \/>\n\t<meta name=\"twitter:data1\" content=\"1\u00a0Minute\" \/>\n<script type=\"application\/ld+json\" class=\"yoast-schema-graph\">{\"@context\":\"https:\\\/\\\/schema.org\",\"@graph\":[{\"@type\":\"WebPage\",\"@id\":\"https:\\\/\\\/dr-franke-metallwaren.de\\\/metall\\\/produkt\\\/zungenschloesser-gross-125-mm-rotary-bolt-lock-large\\\/\",\"url\":\"https:\\\/\\\/dr-franke-metallwaren.de\\\/metall\\\/produkt\\\/zungenschloesser-gross-125-mm-rotary-bolt-lock-large\\\/\",\"name\":\"Zungenschl\u00f6sser gro\u00df - Dr. Franke Metallwaren\",\"isPartOf\":{\"@id\":\"https:\\\/\\\/dr-franke-metallwaren.de\\\/metall\\\/#website\"},\"primaryImageOfPage\":{\"@id\":\"https:\\\/\\\/dr-franke-metallwaren.de\\\/metall\\\/produkt\\\/zungenschloesser-gross-125-mm-rotary-bolt-lock-large\\\/#primaryimage\"},\"image\":{\"@id\":\"https:\\\/\\\/dr-franke-metallwaren.de\\\/metall\\\/produkt\\\/zungenschloesser-gross-125-mm-rotary-bolt-lock-large\\\/#primaryimage\"},\"thumbnailUrl\":\"https:\\\/\\\/dr-franke-metallwaren.de\\\/metall\\\/wp-content\\\/uploads\\\/2022\\\/11\\\/A-0329-000_zungenschloss.png\",\"datePublished\":\"2022-11-16T15:23:45+00:00\",\"dateModified\":\"2023-10-04T09:12:58+00:00\",\"description\":\"Dr. Franke Metallwaren: Zungenschl\u00f6sser gro\u00df (125 mm) f\u00fcr den Fahrzeugbau.\",\"breadcrumb\":{\"@id\":\"https:\\\/\\\/dr-franke-metallwaren.de\\\/metall\\\/produkt\\\/zungenschloesser-gross-125-mm-rotary-bolt-lock-large\\\/#breadcrumb\"},\"inLanguage\":\"de\",\"potentialAction\":[{\"@type\":\"ReadAction\",\"target\":[\"https:\\\/\\\/dr-franke-metallwaren.de\\\/metall\\\/produkt\\\/zungenschloesser-gross-125-mm-rotary-bolt-lock-large\\\/\"]}]},{\"@type\":\"ImageObject\",\"inLanguage\":\"de\",\"@id\":\"https:\\\/\\\/dr-franke-metallwaren.de\\\/metall\\\/produkt\\\/zungenschloesser-gross-125-mm-rotary-bolt-lock-large\\\/#primaryimage\",\"url\":\"https:\\\/\\\/dr-franke-metallwaren.de\\\/metall\\\/wp-content\\\/uploads\\\/2022\\\/11\\\/A-0329-000_zungenschloss.png\",\"contentUrl\":\"https:\\\/\\\/dr-franke-metallwaren.de\\\/metall\\\/wp-content\\\/uploads\\\/2022\\\/11\\\/A-0329-000_zungenschloss.png\",\"width\":1200,\"height\":1200},{\"@type\":\"BreadcrumbList\",\"@id\":\"https:\\\/\\\/dr-franke-metallwaren.de\\\/metall\\\/produkt\\\/zungenschloesser-gross-125-mm-rotary-bolt-lock-large\\\/#breadcrumb\",\"itemListElement\":[{\"@type\":\"ListItem\",\"position\":1,\"name\":\"Startseite\",\"item\":\"https:\\\/\\\/dr-franke-metallwaren.de\\\/metall\\\/\"},{\"@type\":\"ListItem\",\"position\":2,\"name\":\"Shop\",\"item\":\"https:\\\/\\\/dr-franke-metallwaren.de\\\/metall\\\/shop\\\/\"},{\"@type\":\"ListItem\",\"position\":3,\"name\":\"Zungenschl\u00f6sser gro\u00df\"}]},{\"@type\":\"WebSite\",\"@id\":\"https:\\\/\\\/dr-franke-metallwaren.de\\\/metall\\\/#website\",\"url\":\"https:\\\/\\\/dr-franke-metallwaren.de\\\/metall\\\/\",\"name\":\"Dr. Franke Metallwaren\",\"description\":\"Schl\u00f6sser, Beschl\u00e4ge, Scharniere aus Remscheid sowie Pre\u00df-, Stanz- und Ziehteile aus NRW\",\"publisher\":{\"@id\":\"https:\\\/\\\/dr-franke-metallwaren.de\\\/metall\\\/#organization\"},\"potentialAction\":[{\"@type\":\"SearchAction\",\"target\":{\"@type\":\"EntryPoint\",\"urlTemplate\":\"https:\\\/\\\/dr-franke-metallwaren.de\\\/metall\\\/?s={search_term_string}\"},\"query-input\":{\"@type\":\"PropertyValueSpecification\",\"valueRequired\":true,\"valueName\":\"search_term_string\"}}],\"inLanguage\":\"de\"},{\"@type\":\"Organization\",\"@id\":\"https:\\\/\\\/dr-franke-metallwaren.de\\\/metall\\\/#organization\",\"name\":\"Dr. Franke Metallwaren\",\"url\":\"https:\\\/\\\/dr-franke-metallwaren.de\\\/metall\\\/\",\"logo\":{\"@type\":\"ImageObject\",\"inLanguage\":\"de\",\"@id\":\"https:\\\/\\\/dr-franke-metallwaren.de\\\/metall\\\/#\\\/schema\\\/logo\\\/image\\\/\",\"url\":\"https:\\\/\\\/dr-franke-metallwaren.de\\\/metall\\\/wp-content\\\/uploads\\\/2023\\\/10\\\/cropped-RZ_Logo_dr_franke_metallwaren_Schloesser_Beschlaege_Scharniere.png\",\"contentUrl\":\"https:\\\/\\\/dr-franke-metallwaren.de\\\/metall\\\/wp-content\\\/uploads\\\/2023\\\/10\\\/cropped-RZ_Logo_dr_franke_metallwaren_Schloesser_Beschlaege_Scharniere.png\",\"width\":279,\"height\":99,\"caption\":\"Dr. Franke Metallwaren\"},\"image\":{\"@id\":\"https:\\\/\\\/dr-franke-metallwaren.de\\\/metall\\\/#\\\/schema\\\/logo\\\/image\\\/\"}}]}<\/script>\n<!-- \/ Yoast SEO plugin. -->","yoast_head_json":{"title":"Zungenschl\u00f6sser gro\u00df - Dr. Franke Metallwaren","description":"Dr. Franke Metallwaren: Zungenschl\u00f6sser gro\u00df (125 mm) f\u00fcr den Fahrzeugbau.","robots":{"index":"index","follow":"follow","max-snippet":"max-snippet:-1","max-image-preview":"max-image-preview:large","max-video-preview":"max-video-preview:-1"},"canonical":"https:\/\/dr-franke-metallwaren.de\/metall\/produkt\/zungenschloesser-gross-125-mm-rotary-bolt-lock-large\/","og_locale":"de_DE","og_type":"article","og_title":"Zungenschl\u00f6sser gro\u00df - Dr. Franke Metallwaren","og_description":"Dr. Franke Metallwaren: Zungenschl\u00f6sser gro\u00df (125 mm) f\u00fcr den Fahrzeugbau.","og_url":"https:\/\/dr-franke-metallwaren.de\/metall\/produkt\/zungenschloesser-gross-125-mm-rotary-bolt-lock-large\/","og_site_name":"Dr. Franke Metallwaren","article_modified_time":"2023-10-04T09:12:58+00:00","og_image":[{"width":1200,"height":1200,"url":"https:\/\/dr-franke-metallwaren.de\/metall\/wp-content\/uploads\/2022\/11\/A-0329-000_zungenschloss.png","type":"image\/png"}],"twitter_card":"summary_large_image","twitter_misc":{"Gesch\u00e4tzte Lesezeit":"1\u00a0Minute"},"schema":{"@context":"https:\/\/schema.org","@graph":[{"@type":"WebPage","@id":"https:\/\/dr-franke-metallwaren.de\/metall\/produkt\/zungenschloesser-gross-125-mm-rotary-bolt-lock-large\/","url":"https:\/\/dr-franke-metallwaren.de\/metall\/produkt\/zungenschloesser-gross-125-mm-rotary-bolt-lock-large\/","name":"Zungenschl\u00f6sser gro\u00df - Dr. Franke Metallwaren","isPartOf":{"@id":"https:\/\/dr-franke-metallwaren.de\/metall\/#website"},"primaryImageOfPage":{"@id":"https:\/\/dr-franke-metallwaren.de\/metall\/produkt\/zungenschloesser-gross-125-mm-rotary-bolt-lock-large\/#primaryimage"},"image":{"@id":"https:\/\/dr-franke-metallwaren.de\/metall\/produkt\/zungenschloesser-gross-125-mm-rotary-bolt-lock-large\/#primaryimage"},"thumbnailUrl":"https:\/\/dr-franke-metallwaren.de\/metall\/wp-content\/uploads\/2022\/11\/A-0329-000_zungenschloss.png","datePublished":"2022-11-16T15:23:45+00:00","dateModified":"2023-10-04T09:12:58+00:00","description":"Dr. Franke Metallwaren: Zungenschl\u00f6sser gro\u00df (125 mm) f\u00fcr den Fahrzeugbau.","breadcrumb":{"@id":"https:\/\/dr-franke-metallwaren.de\/metall\/produkt\/zungenschloesser-gross-125-mm-rotary-bolt-lock-large\/#breadcrumb"},"inLanguage":"de","potentialAction":[{"@type":"ReadAction","target":["https:\/\/dr-franke-metallwaren.de\/metall\/produkt\/zungenschloesser-gross-125-mm-rotary-bolt-lock-large\/"]}]},{"@type":"ImageObject","inLanguage":"de","@id":"https:\/\/dr-franke-metallwaren.de\/metall\/produkt\/zungenschloesser-gross-125-mm-rotary-bolt-lock-large\/#primaryimage","url":"https:\/\/dr-franke-metallwaren.de\/metall\/wp-content\/uploads\/2022\/11\/A-0329-000_zungenschloss.png","contentUrl":"https:\/\/dr-franke-metallwaren.de\/metall\/wp-content\/uploads\/2022\/11\/A-0329-000_zungenschloss.png","width":1200,"height":1200},{"@type":"BreadcrumbList","@id":"https:\/\/dr-franke-metallwaren.de\/metall\/produkt\/zungenschloesser-gross-125-mm-rotary-bolt-lock-large\/#breadcrumb","itemListElement":[{"@type":"ListItem","position":1,"name":"Startseite","item":"https:\/\/dr-franke-metallwaren.de\/metall\/"},{"@type":"ListItem","position":2,"name":"Shop","item":"https:\/\/dr-franke-metallwaren.de\/metall\/shop\/"},{"@type":"ListItem","position":3,"name":"Zungenschl\u00f6sser gro\u00df"}]},{"@type":"WebSite","@id":"https:\/\/dr-franke-metallwaren.de\/metall\/#website","url":"https:\/\/dr-franke-metallwaren.de\/metall\/","name":"Dr. Franke Metallwaren","description":"Schl\u00f6sser, Beschl\u00e4ge, Scharniere aus Remscheid sowie Pre\u00df-, Stanz- und Ziehteile aus NRW","publisher":{"@id":"https:\/\/dr-franke-metallwaren.de\/metall\/#organization"},"potentialAction":[{"@type":"SearchAction","target":{"@type":"EntryPoint","urlTemplate":"https:\/\/dr-franke-metallwaren.de\/metall\/?s={search_term_string}"},"query-input":{"@type":"PropertyValueSpecification","valueRequired":true,"valueName":"search_term_string"}}],"inLanguage":"de"},{"@type":"Organization","@id":"https:\/\/dr-franke-metallwaren.de\/metall\/#organization","name":"Dr. Franke Metallwaren","url":"https:\/\/dr-franke-metallwaren.de\/metall\/","logo":{"@type":"ImageObject","inLanguage":"de","@id":"https:\/\/dr-franke-metallwaren.de\/metall\/#\/schema\/logo\/image\/","url":"https:\/\/dr-franke-metallwaren.de\/metall\/wp-content\/uploads\/2023\/10\/cropped-RZ_Logo_dr_franke_metallwaren_Schloesser_Beschlaege_Scharniere.png","contentUrl":"https:\/\/dr-franke-metallwaren.de\/metall\/wp-content\/uploads\/2023\/10\/cropped-RZ_Logo_dr_franke_metallwaren_Schloesser_Beschlaege_Scharniere.png","width":279,"height":99,"caption":"Dr. Franke Metallwaren"},"image":{"@id":"https:\/\/dr-franke-metallwaren.de\/metall\/#\/schema\/logo\/image\/"}}]}},"_links":{"self":[{"href":"https:\/\/dr-franke-metallwaren.de\/metall\/wp-json\/wp\/v2\/product\/474","targetHints":{"allow":["GET"]}}],"collection":[{"href":"https:\/\/dr-franke-metallwaren.de\/metall\/wp-json\/wp\/v2\/product"}],"about":[{"href":"https:\/\/dr-franke-metallwaren.de\/metall\/wp-json\/wp\/v2\/types\/product"}],"version-history":[{"count":3,"href":"https:\/\/dr-franke-metallwaren.de\/metall\/wp-json\/wp\/v2\/product\/474\/revisions"}],"predecessor-version":[{"id":1335,"href":"https:\/\/dr-franke-metallwaren.de\/metall\/wp-json\/wp\/v2\/product\/474\/revisions\/1335"}],"wp:featuredmedia":[{"embeddable":true,"href":"https:\/\/dr-franke-metallwaren.de\/metall\/wp-json\/wp\/v2\/media\/535"}],"wp:attachment":[{"href":"https:\/\/dr-franke-metallwaren.de\/metall\/wp-json\/wp\/v2\/media?parent=474"}],"wp:term":[{"taxonomy":"product_brand","embeddable":true,"href":"https:\/\/dr-franke-metallwaren.de\/metall\/wp-json\/wp\/v2\/product_brand?post=474"},{"taxonomy":"product_cat","embeddable":true,"href":"https:\/\/dr-franke-metallwaren.de\/metall\/wp-json\/wp\/v2\/product_cat?post=474"},{"taxonomy":"product_tag","embeddable":true,"href":"https:\/\/dr-franke-metallwaren.de\/metall\/wp-json\/wp\/v2\/product_tag?post=474"}],"curies":[{"name":"wp","href":"https:\/\/api.w.org\/{rel}","templated":true}]}}