{"id":1900,"date":"2023-09-12T16:10:43","date_gmt":"2023-09-12T14:10:43","guid":{"rendered":"https:\/\/dr-franke-metallwaren.de\/metall\/?post_type=product&#038;p=1900"},"modified":"2023-10-04T16:21:10","modified_gmt":"2023-10-04T14:21:10","slug":"maintenances-free-hinges","status":"publish","type":"product","link":"https:\/\/dr-franke-metallwaren.de\/metall\/produkt\/maintenances-free-hinges\/?lang=en","title":{"rendered":"Maintenance-free hinges"},"content":{"rendered":"\t\t<div data-elementor-type=\"product-post\" data-elementor-id=\"1900\" class=\"elementor elementor-1900 elementor-1899\" data-elementor-post-type=\"product\">\n\t\t\t\t\t\t<section class=\"elementor-section elementor-top-section elementor-element elementor-element-8d92b83 elementor-section-boxed elementor-section-height-default elementor-section-height-default\" data-id=\"8d92b83\" data-element_type=\"section\" data-e-type=\"section\">\n\t\t\t\t\t\t<div class=\"elementor-container elementor-column-gap-default\">\n\t\t\t\t\t<div class=\"elementor-column elementor-col-100 elementor-top-column elementor-element elementor-element-759c53b\" data-id=\"759c53b\" data-element_type=\"column\" data-e-type=\"column\">\n\t\t\t<div class=\"elementor-widget-wrap elementor-element-populated\">\n\t\t\t\t\t\t<div class=\"elementor-element elementor-element-5a972fa elementor-widget elementor-widget-text-editor\" data-id=\"5a972fa\" data-element_type=\"widget\" data-e-type=\"widget\" data-widget_type=\"text-editor.default\">\n\t\t\t\t<div class=\"elementor-widget-container\">\n\t\t\t\t\t\t\t\t\t<p>\n<table id=\"tablepress-37\" class=\"tablepress tablepress-id-37\">\n<thead>\n<tr class=\"row-1\">\n\t<th class=\"column-1\"><strong>Artikelbezeichnung <br \/>\nArticle description<\/strong><\/th><th class=\"column-2\"><strong>Artikelnummer <br \/>\nArticle number<\/strong><\/th><th class=\"column-3\"><strong>Ausf\u00fchrung<br \/>\nVersion<\/strong><\/th><th class=\"column-4\"><strong>Besonderheit<br \/>\nSpecial feature<\/strong><\/th>\n<\/tr>\n<\/thead>\n<tbody class=\"row-striping row-hover\">\n<tr class=\"row-2\">\n\t<td class=\"column-1\">Wartungsfreie Scharniere \/ Maintenance-free hinges<\/td><td class=\"column-2\"><\/td><td class=\"column-3\">Typ 1<\/td><td class=\"column-4\">gelocht u. versenkt \/ with countersunk holes<\/td>\n<\/tr>\n<tr class=\"row-3\">\n\t<td class=\"column-1\">Wartungsfreie Scharniere \/ Maintenance-free hinges<\/td><td class=\"column-2\"><\/td><td class=\"column-3\">Typ 1.1<\/td><td class=\"column-4\">ungelocht \/ without holes<\/td>\n<\/tr>\n<tr class=\"row-4\">\n\t<td class=\"column-1\">Wartungsfreie Scharniere \/ Maintenance-free hinges<\/td><td class=\"column-2\"><\/td><td class=\"column-3\">Typ 2<\/td><td class=\"column-4\">mit Nietl\u00f6chern 6,4 mm \/ with holes for riveting<\/td>\n<\/tr>\n<tr class=\"row-5\">\n\t<td class=\"column-1\">Wartungsfreie Scharniere \/ Maintenance-free hinges<\/td><td class=\"column-2\"><\/td><td class=\"column-3\">Typ 3<\/td><td class=\"column-4\">wie Typ 1, jedoch 1 Lappen 35 mm \/ one flap 35 mm<\/td>\n<\/tr>\n<tr class=\"row-6\">\n\t<td class=\"column-1\">Wartungsfreie Scharniere \/ Maintenance-free hinges<\/td><td class=\"column-2\"><\/td><td class=\"column-3\">Typ 4<\/td><td class=\"column-4\">wie Typ 1.1, jedoch 1 Lappen 35 mm \/ one flap 35 mm<\/td>\n<\/tr>\n<tr class=\"row-7\">\n\t<td class=\"column-1\">Wartungsfreie Scharniere \/ Maintenance-free hinges<\/td><td class=\"column-2\"><\/td><td class=\"column-3\">Typ 5<\/td><td class=\"column-4\">wie Typ 2, jedoch 1 Lappen 35 mm \/ one flap 35 mm<\/td>\n<\/tr>\n<tr class=\"row-8\">\n\t<td class=\"column-1\">Wartungsfreie Scharniere \/ Maintenance-free hinges<\/td><td class=\"column-2\"><\/td><td class=\"column-3\">Typ 6<\/td><td class=\"column-4\">wie Typ 1, beide Lappen 35 mm \/ one flap 35 mm<\/td>\n<\/tr>\n<tr class=\"row-9\">\n\t<td class=\"column-1\">Wartungsfreie Scharniere \/ Maintenance-free hinges<\/td><td class=\"column-2\"><\/td><td class=\"column-3\">Typ 7<\/td><td class=\"column-4\">wie Typ 1.1, beide Lappen 35 mm \/ one flap 35 mm<\/td>\n<\/tr>\n<tr class=\"row-10\">\n\t<td class=\"column-1\">Wartungsfreie Scharniere \/ Maintenance-free hinges<\/td><td class=\"column-2\"><\/td><td class=\"column-3\">Typ 8<\/td><td class=\"column-4\">wie 2, beide Lappen 35 mm \/ one flap 35 mm<\/td>\n<\/tr>\n<\/tbody>\n<\/table>\n<!-- #tablepress-37 from cache --><\/p>\n\t\t\t\t\t\t\t\t<\/div>\n\t\t\t\t<\/div>\n\t\t\t\t<div class=\"elementor-element elementor-element-157fd2b elementor-widget elementor-widget-text-editor\" data-id=\"157fd2b\" data-element_type=\"widget\" data-e-type=\"widget\" data-widget_type=\"text-editor.default\">\n\t\t\t\t<div class=\"elementor-widget-container\">\n\t\t\t\t\t\t\t\t\t<p>Galvanized, maintenance-free hinges made of sectional steel, optionally with countersunk or rivet holes 6.4 mm or unperforated, mounted with galvanized steel screws. Knurled pin and a metal-plastic bushing.<\/p>\n<p><em>Maintenance-free hinge, made of profile steel, with countersunk holes or rivet holes 6,4 mm or unholed, assembled with zinc-pla- ted hinge-pin and metaloplast-bush.<\/em><\/p>\n\t\t\t\t\t\t\t\t<\/div>\n\t\t\t\t<\/div>\n\t\t\t\t\t<\/div>\n\t\t<\/div>\n\t\t\t\t\t<\/div>\n\t\t<\/section>\n\t\t\t\t<\/div>\n\t\t","protected":false},"excerpt":{"rendered":"<ul>\n<li>Maintenance-free hinges<br \/>\nmade of sectional steel St 37-2, ww. with and without screw-on or rivet holes diameter 6.4 mm, surface DIN EN 12329 Fe\/\/Zn 12\/\/B, mounted with hardened hinge pin and Metaloplast bush (Norglide).These products are characterized in particular by a maintenance-free bearing due to Metaloplast bushes. The parts are also Cr6 free zinc plated.<br \/>\nA perforated, recessed hinge or a non-perforated version are available as variants.<br \/>\nAlso you can choose freely with different lengths.<\/li>\n<li>Furniture truck hinges<br \/>\nThese are usually profile hinges that are used for heavy flaps (e.g.: rear doors). The term &#8222;side door hinges&#8220; is also commonly used.<br \/>\nThe hinges are available with lubricating pin or also in a maintenance-free version with bushings.<\/li>\n<\/ul>\n","protected":false},"featured_media":2121,"template":"","meta":[],"product_brand":[],"product_cat":[380,418,381,376],"product_tag":[382,383],"class_list":{"0":"post-1900","1":"product","2":"type-product","3":"status-publish","4":"has-post-thumbnail","6":"product_cat-hinges-for-vehicle-manufacturing","7":"product_cat-hinges-fittings-and-connecting-elements","8":"product_cat-maintenance-free-hinges-en","9":"product_cat-rolled-hinges","10":"product_tag-hinges-for-vehicle-manufacturing","11":"product_tag-maintenance-free-hinges","13":"first","14":"instock","15":"shipping-taxable","16":"product-type-simple"},"yoast_head":"<!-- This site is optimized with the Yoast SEO plugin v27.4 - https:\/\/yoast.com\/product\/yoast-seo-wordpress\/ -->\n<title>Maintenance-free hinges - Dr. Franke Metallwaren<\/title>\n<meta name=\"description\" content=\"Hinges for vehicle construction. Maintenance-free hinges\" \/>\n<meta name=\"robots\" content=\"index, follow, max-snippet:-1, max-image-preview:large, max-video-preview:-1\" \/>\n<link rel=\"canonical\" href=\"https:\/\/dr-franke-metallwaren.de\/metall\/produkt\/maintenances-free-hinges\/\" \/>\n<meta property=\"og:locale\" content=\"de_DE\" \/>\n<meta property=\"og:type\" content=\"article\" \/>\n<meta property=\"og:title\" content=\"Maintenance-free hinges - Dr. Franke Metallwaren\" \/>\n<meta property=\"og:description\" content=\"Hinges for vehicle construction. Maintenance-free hinges\" \/>\n<meta property=\"og:url\" content=\"https:\/\/dr-franke-metallwaren.de\/metall\/produkt\/maintenances-free-hinges\/?lang=en\" \/>\n<meta property=\"og:site_name\" content=\"Dr. Franke Metallwaren\" \/>\n<meta property=\"article:modified_time\" content=\"2023-10-04T14:21:10+00:00\" \/>\n<meta property=\"og:image\" content=\"https:\/\/dr-franke-metallwaren.de\/metall\/wp-content\/uploads\/2023\/09\/Wartungsfreie-Scharniere-drei-groessen-1.jpg\" \/>\n\t<meta property=\"og:image:width\" content=\"1280\" \/>\n\t<meta property=\"og:image:height\" content=\"1280\" \/>\n\t<meta property=\"og:image:type\" content=\"image\/jpeg\" \/>\n<meta name=\"twitter:card\" content=\"summary_large_image\" \/>\n<meta name=\"twitter:label1\" content=\"Gesch\u00e4tzte Lesezeit\" \/>\n\t<meta name=\"twitter:data1\" content=\"1\u00a0Minute\" \/>\n<script type=\"application\/ld+json\" class=\"yoast-schema-graph\">{\"@context\":\"https:\\\/\\\/schema.org\",\"@graph\":[{\"@type\":\"WebPage\",\"@id\":\"https:\\\/\\\/dr-franke-metallwaren.de\\\/metall\\\/produkt\\\/maintenances-free-hinges\\\/?lang=en\",\"url\":\"https:\\\/\\\/dr-franke-metallwaren.de\\\/metall\\\/produkt\\\/maintenances-free-hinges\\\/?lang=en\",\"name\":\"Maintenance-free hinges - Dr. Franke Metallwaren\",\"isPartOf\":{\"@id\":\"https:\\\/\\\/dr-franke-metallwaren.de\\\/metall\\\/#website\"},\"primaryImageOfPage\":{\"@id\":\"https:\\\/\\\/dr-franke-metallwaren.de\\\/metall\\\/produkt\\\/maintenances-free-hinges\\\/?lang=en#primaryimage\"},\"image\":{\"@id\":\"https:\\\/\\\/dr-franke-metallwaren.de\\\/metall\\\/produkt\\\/maintenances-free-hinges\\\/?lang=en#primaryimage\"},\"thumbnailUrl\":\"https:\\\/\\\/dr-franke-metallwaren.de\\\/metall\\\/wp-content\\\/uploads\\\/2023\\\/09\\\/Wartungsfreie-Scharniere-drei-groessen-1.jpg\",\"datePublished\":\"2023-09-12T14:10:43+00:00\",\"dateModified\":\"2023-10-04T14:21:10+00:00\",\"description\":\"Hinges for vehicle construction. Maintenance-free hinges\",\"breadcrumb\":{\"@id\":\"https:\\\/\\\/dr-franke-metallwaren.de\\\/metall\\\/produkt\\\/maintenances-free-hinges\\\/?lang=en#breadcrumb\"},\"inLanguage\":\"de\",\"potentialAction\":[{\"@type\":\"ReadAction\",\"target\":[\"https:\\\/\\\/dr-franke-metallwaren.de\\\/metall\\\/produkt\\\/maintenances-free-hinges\\\/?lang=en\"]}]},{\"@type\":\"ImageObject\",\"inLanguage\":\"de\",\"@id\":\"https:\\\/\\\/dr-franke-metallwaren.de\\\/metall\\\/produkt\\\/maintenances-free-hinges\\\/?lang=en#primaryimage\",\"url\":\"https:\\\/\\\/dr-franke-metallwaren.de\\\/metall\\\/wp-content\\\/uploads\\\/2023\\\/09\\\/Wartungsfreie-Scharniere-drei-groessen-1.jpg\",\"contentUrl\":\"https:\\\/\\\/dr-franke-metallwaren.de\\\/metall\\\/wp-content\\\/uploads\\\/2023\\\/09\\\/Wartungsfreie-Scharniere-drei-groessen-1.jpg\",\"width\":1280,\"height\":1280},{\"@type\":\"BreadcrumbList\",\"@id\":\"https:\\\/\\\/dr-franke-metallwaren.de\\\/metall\\\/produkt\\\/maintenances-free-hinges\\\/?lang=en#breadcrumb\",\"itemListElement\":[{\"@type\":\"ListItem\",\"position\":1,\"name\":\"Startseite\",\"item\":\"https:\\\/\\\/dr-franke-metallwaren.de\\\/metall\\\/\"},{\"@type\":\"ListItem\",\"position\":2,\"name\":\"Shop\",\"item\":\"https:\\\/\\\/dr-franke-metallwaren.de\\\/metall\\\/shop\\\/\"},{\"@type\":\"ListItem\",\"position\":3,\"name\":\"Maintenance-free hinges\"}]},{\"@type\":\"WebSite\",\"@id\":\"https:\\\/\\\/dr-franke-metallwaren.de\\\/metall\\\/#website\",\"url\":\"https:\\\/\\\/dr-franke-metallwaren.de\\\/metall\\\/\",\"name\":\"Dr. Franke Metallwaren\",\"description\":\"Schl\u00f6sser, Beschl\u00e4ge, Scharniere aus Remscheid sowie Pre\u00df-, Stanz- und Ziehteile aus NRW\",\"publisher\":{\"@id\":\"https:\\\/\\\/dr-franke-metallwaren.de\\\/metall\\\/#organization\"},\"potentialAction\":[{\"@type\":\"SearchAction\",\"target\":{\"@type\":\"EntryPoint\",\"urlTemplate\":\"https:\\\/\\\/dr-franke-metallwaren.de\\\/metall\\\/?s={search_term_string}\"},\"query-input\":{\"@type\":\"PropertyValueSpecification\",\"valueRequired\":true,\"valueName\":\"search_term_string\"}}],\"inLanguage\":\"de\"},{\"@type\":\"Organization\",\"@id\":\"https:\\\/\\\/dr-franke-metallwaren.de\\\/metall\\\/#organization\",\"name\":\"Dr. Franke Metallwaren\",\"url\":\"https:\\\/\\\/dr-franke-metallwaren.de\\\/metall\\\/\",\"logo\":{\"@type\":\"ImageObject\",\"inLanguage\":\"de\",\"@id\":\"https:\\\/\\\/dr-franke-metallwaren.de\\\/metall\\\/#\\\/schema\\\/logo\\\/image\\\/\",\"url\":\"https:\\\/\\\/dr-franke-metallwaren.de\\\/metall\\\/wp-content\\\/uploads\\\/2023\\\/10\\\/cropped-RZ_Logo_dr_franke_metallwaren_Schloesser_Beschlaege_Scharniere.png\",\"contentUrl\":\"https:\\\/\\\/dr-franke-metallwaren.de\\\/metall\\\/wp-content\\\/uploads\\\/2023\\\/10\\\/cropped-RZ_Logo_dr_franke_metallwaren_Schloesser_Beschlaege_Scharniere.png\",\"width\":279,\"height\":99,\"caption\":\"Dr. Franke Metallwaren\"},\"image\":{\"@id\":\"https:\\\/\\\/dr-franke-metallwaren.de\\\/metall\\\/#\\\/schema\\\/logo\\\/image\\\/\"}}]}<\/script>\n<!-- \/ Yoast SEO plugin. -->","yoast_head_json":{"title":"Maintenance-free hinges - Dr. Franke Metallwaren","description":"Hinges for vehicle construction. Maintenance-free hinges","robots":{"index":"index","follow":"follow","max-snippet":"max-snippet:-1","max-image-preview":"max-image-preview:large","max-video-preview":"max-video-preview:-1"},"canonical":"https:\/\/dr-franke-metallwaren.de\/metall\/produkt\/maintenances-free-hinges\/","og_locale":"de_DE","og_type":"article","og_title":"Maintenance-free hinges - Dr. Franke Metallwaren","og_description":"Hinges for vehicle construction. Maintenance-free hinges","og_url":"https:\/\/dr-franke-metallwaren.de\/metall\/produkt\/maintenances-free-hinges\/?lang=en","og_site_name":"Dr. Franke Metallwaren","article_modified_time":"2023-10-04T14:21:10+00:00","og_image":[{"width":1280,"height":1280,"url":"https:\/\/dr-franke-metallwaren.de\/metall\/wp-content\/uploads\/2023\/09\/Wartungsfreie-Scharniere-drei-groessen-1.jpg","type":"image\/jpeg"}],"twitter_card":"summary_large_image","twitter_misc":{"Gesch\u00e4tzte Lesezeit":"1\u00a0Minute"},"schema":{"@context":"https:\/\/schema.org","@graph":[{"@type":"WebPage","@id":"https:\/\/dr-franke-metallwaren.de\/metall\/produkt\/maintenances-free-hinges\/?lang=en","url":"https:\/\/dr-franke-metallwaren.de\/metall\/produkt\/maintenances-free-hinges\/?lang=en","name":"Maintenance-free hinges - Dr. Franke Metallwaren","isPartOf":{"@id":"https:\/\/dr-franke-metallwaren.de\/metall\/#website"},"primaryImageOfPage":{"@id":"https:\/\/dr-franke-metallwaren.de\/metall\/produkt\/maintenances-free-hinges\/?lang=en#primaryimage"},"image":{"@id":"https:\/\/dr-franke-metallwaren.de\/metall\/produkt\/maintenances-free-hinges\/?lang=en#primaryimage"},"thumbnailUrl":"https:\/\/dr-franke-metallwaren.de\/metall\/wp-content\/uploads\/2023\/09\/Wartungsfreie-Scharniere-drei-groessen-1.jpg","datePublished":"2023-09-12T14:10:43+00:00","dateModified":"2023-10-04T14:21:10+00:00","description":"Hinges for vehicle construction. Maintenance-free hinges","breadcrumb":{"@id":"https:\/\/dr-franke-metallwaren.de\/metall\/produkt\/maintenances-free-hinges\/?lang=en#breadcrumb"},"inLanguage":"de","potentialAction":[{"@type":"ReadAction","target":["https:\/\/dr-franke-metallwaren.de\/metall\/produkt\/maintenances-free-hinges\/?lang=en"]}]},{"@type":"ImageObject","inLanguage":"de","@id":"https:\/\/dr-franke-metallwaren.de\/metall\/produkt\/maintenances-free-hinges\/?lang=en#primaryimage","url":"https:\/\/dr-franke-metallwaren.de\/metall\/wp-content\/uploads\/2023\/09\/Wartungsfreie-Scharniere-drei-groessen-1.jpg","contentUrl":"https:\/\/dr-franke-metallwaren.de\/metall\/wp-content\/uploads\/2023\/09\/Wartungsfreie-Scharniere-drei-groessen-1.jpg","width":1280,"height":1280},{"@type":"BreadcrumbList","@id":"https:\/\/dr-franke-metallwaren.de\/metall\/produkt\/maintenances-free-hinges\/?lang=en#breadcrumb","itemListElement":[{"@type":"ListItem","position":1,"name":"Startseite","item":"https:\/\/dr-franke-metallwaren.de\/metall\/"},{"@type":"ListItem","position":2,"name":"Shop","item":"https:\/\/dr-franke-metallwaren.de\/metall\/shop\/"},{"@type":"ListItem","position":3,"name":"Maintenance-free hinges"}]},{"@type":"WebSite","@id":"https:\/\/dr-franke-metallwaren.de\/metall\/#website","url":"https:\/\/dr-franke-metallwaren.de\/metall\/","name":"Dr. Franke Metallwaren","description":"Schl\u00f6sser, Beschl\u00e4ge, Scharniere aus Remscheid sowie Pre\u00df-, Stanz- und Ziehteile aus NRW","publisher":{"@id":"https:\/\/dr-franke-metallwaren.de\/metall\/#organization"},"potentialAction":[{"@type":"SearchAction","target":{"@type":"EntryPoint","urlTemplate":"https:\/\/dr-franke-metallwaren.de\/metall\/?s={search_term_string}"},"query-input":{"@type":"PropertyValueSpecification","valueRequired":true,"valueName":"search_term_string"}}],"inLanguage":"de"},{"@type":"Organization","@id":"https:\/\/dr-franke-metallwaren.de\/metall\/#organization","name":"Dr. Franke Metallwaren","url":"https:\/\/dr-franke-metallwaren.de\/metall\/","logo":{"@type":"ImageObject","inLanguage":"de","@id":"https:\/\/dr-franke-metallwaren.de\/metall\/#\/schema\/logo\/image\/","url":"https:\/\/dr-franke-metallwaren.de\/metall\/wp-content\/uploads\/2023\/10\/cropped-RZ_Logo_dr_franke_metallwaren_Schloesser_Beschlaege_Scharniere.png","contentUrl":"https:\/\/dr-franke-metallwaren.de\/metall\/wp-content\/uploads\/2023\/10\/cropped-RZ_Logo_dr_franke_metallwaren_Schloesser_Beschlaege_Scharniere.png","width":279,"height":99,"caption":"Dr. Franke Metallwaren"},"image":{"@id":"https:\/\/dr-franke-metallwaren.de\/metall\/#\/schema\/logo\/image\/"}}]}},"_links":{"self":[{"href":"https:\/\/dr-franke-metallwaren.de\/metall\/wp-json\/wp\/v2\/product\/1900","targetHints":{"allow":["GET"]}}],"collection":[{"href":"https:\/\/dr-franke-metallwaren.de\/metall\/wp-json\/wp\/v2\/product"}],"about":[{"href":"https:\/\/dr-franke-metallwaren.de\/metall\/wp-json\/wp\/v2\/types\/product"}],"version-history":[{"count":10,"href":"https:\/\/dr-franke-metallwaren.de\/metall\/wp-json\/wp\/v2\/product\/1900\/revisions"}],"predecessor-version":[{"id":2482,"href":"https:\/\/dr-franke-metallwaren.de\/metall\/wp-json\/wp\/v2\/product\/1900\/revisions\/2482"}],"wp:featuredmedia":[{"embeddable":true,"href":"https:\/\/dr-franke-metallwaren.de\/metall\/wp-json\/wp\/v2\/media\/2121"}],"wp:attachment":[{"href":"https:\/\/dr-franke-metallwaren.de\/metall\/wp-json\/wp\/v2\/media?parent=1900"}],"wp:term":[{"taxonomy":"product_brand","embeddable":true,"href":"https:\/\/dr-franke-metallwaren.de\/metall\/wp-json\/wp\/v2\/product_brand?post=1900"},{"taxonomy":"product_cat","embeddable":true,"href":"https:\/\/dr-franke-metallwaren.de\/metall\/wp-json\/wp\/v2\/product_cat?post=1900"},{"taxonomy":"product_tag","embeddable":true,"href":"https:\/\/dr-franke-metallwaren.de\/metall\/wp-json\/wp\/v2\/product_tag?post=1900"}],"curies":[{"name":"wp","href":"https:\/\/api.w.org\/{rel}","templated":true}]}}