{"id":1883,"date":"2023-09-12T16:04:17","date_gmt":"2023-09-12T14:04:17","guid":{"rendered":"https:\/\/dr-franke-metallwaren.de\/metall\/?post_type=product&#038;p=1883"},"modified":"2023-10-04T10:55:04","modified_gmt":"2023-10-04T08:55:04","slug":"scharniere-fuer-den-fahrzeugbau","status":"publish","type":"product","link":"https:\/\/dr-franke-metallwaren.de\/metall\/produkt\/scharniere-fuer-den-fahrzeugbau\/","title":{"rendered":"Scharniere f\u00fcr den Fahrzeugbau"},"content":{"rendered":"\t\t<div data-elementor-type=\"product-post\" data-elementor-id=\"1883\" class=\"elementor elementor-1883\" data-elementor-post-type=\"product\">\n\t\t\t\t\t\t<section class=\"elementor-section elementor-top-section elementor-element elementor-element-8d92b83 elementor-section-boxed elementor-section-height-default elementor-section-height-default\" data-id=\"8d92b83\" data-element_type=\"section\" data-e-type=\"section\">\n\t\t\t\t\t\t<div class=\"elementor-container elementor-column-gap-default\">\n\t\t\t\t\t<div class=\"elementor-column elementor-col-100 elementor-top-column elementor-element elementor-element-759c53b\" data-id=\"759c53b\" data-element_type=\"column\" data-e-type=\"column\">\n\t\t\t<div class=\"elementor-widget-wrap elementor-element-populated\">\n\t\t\t\t\t\t<div class=\"elementor-element elementor-element-5a972fa elementor-widget elementor-widget-text-editor\" data-id=\"5a972fa\" data-element_type=\"widget\" data-e-type=\"widget\" data-widget_type=\"text-editor.default\">\n\t\t\t\t<div class=\"elementor-widget-container\">\n\t\t\t\t\t\t\t\t\t<p>\n<table id=\"tablepress-36\" class=\"tablepress tablepress-id-36\">\n<thead>\n<tr class=\"row-1\">\n\t<th class=\"column-1\"><strong>Artikelbezeichnung <br \/>\nArticle description<\/strong><\/th><th class=\"column-2\"><strong>Artikelnummer <br \/>\nArticle number<\/strong><\/th><th class=\"column-3\"><strong>Ausf\u00fchrung<br \/>\nVersion<\/strong><\/th><th class=\"column-4\"><strong>Besonderheit<br \/>\nSpecial feature<\/strong><\/th><th class=\"column-5\">Gewicht kg p. St. \/ weight kg p. pc.<\/th>\n<\/tr>\n<\/thead>\n<tbody class=\"row-striping row-hover\">\n<tr class=\"row-2\">\n\t<td class=\"column-1\">Scharniere f\u00fcr Fahrzeugbau Typ1<\/td><td class=\"column-2\"><\/td><td class=\"column-3\">nichtrostender Stahl 1.4301, gelocht<br \/>\nstainless steel 1.4301, with holes<\/td><td class=\"column-4\"><\/td><td class=\"column-5\">0,4<\/td>\n<\/tr>\n<tr class=\"row-3\">\n\t<td class=\"column-1\">Scharniere f\u00fcr Fahrzeugbau Typ1<\/td><td class=\"column-2\"><\/td><td class=\"column-3\">nichtrostender Stahl 1.4301, mit Gewindebolzen<br \/>\nstainless steel 1.4301, with thread pivots<\/td><td class=\"column-4\"><\/td><td class=\"column-5\">0,4<\/td>\n<\/tr>\n<tr class=\"row-4\">\n\t<td class=\"column-1\">Scharniere f\u00fcr Fahrzeugbau Typ1<\/td><td class=\"column-2\"><\/td><td class=\"column-3\">nichtrostender Stahl 1.4301, ungelocht<br \/>\nstainless steel 1.4301, without holes<\/td><td class=\"column-4\"><\/td><td class=\"column-5\">0,4<\/td>\n<\/tr>\n<tr class=\"row-5\">\n\t<td class=\"column-1\">Scharniere f\u00fcr Fahrzeugbau Typ1<\/td><td class=\"column-2\"><\/td><td class=\"column-3\">Stahl blank, ungelocht<br \/>\nbright steel, without holes<\/td><td class=\"column-4\"><\/td><td class=\"column-5\">0,4<\/td>\n<\/tr>\n<tr class=\"row-6\">\n\t<td class=\"column-1\">Scharniere f\u00fcr Fahrzeugbau Typ1<\/td><td class=\"column-2\"><\/td><td class=\"column-3\">Stahl verzinkt, ungelocht<br \/>\nzinc-plated, without holes<\/td><td class=\"column-4\"><\/td><td class=\"column-5\">0,4<\/td>\n<\/tr>\n<tr class=\"row-7\">\n\t<td class=\"column-1\"><\/td><td class=\"column-2\"><\/td><td class=\"column-3\"><\/td><td class=\"column-4\"><\/td><td class=\"column-5\"><\/td>\n<\/tr>\n<tr class=\"row-8\">\n\t<td class=\"column-1\">Scharniere f\u00fcr Fahrzeugbau Typ2<\/td><td class=\"column-2\"><\/td><td class=\"column-3\">50 x 72 x 72 x 3,5 mm<\/td><td class=\"column-4\"><\/td><td class=\"column-5\">0,36<\/td>\n<\/tr>\n<tr class=\"row-9\">\n\t<td class=\"column-1\">Scharniere f\u00fcr Fahrzeugbau Typ2<\/td><td class=\"column-2\"><\/td><td class=\"column-3\">80 x 114 x 114 x 6 mm<\/td><td class=\"column-4\"><\/td><td class=\"column-5\">0,825<\/td>\n<\/tr>\n<\/tbody>\n<\/table>\n<!-- #tablepress-36 from cache --><\/p>\t\t\t\t\t\t\t\t<\/div>\n\t\t\t\t<\/div>\n\t\t\t\t<div class=\"elementor-element elementor-element-157fd2b elementor-widget elementor-widget-text-editor\" data-id=\"157fd2b\" data-element_type=\"widget\" data-e-type=\"widget\" data-widget_type=\"text-editor.default\">\n\t\t\t\t<div class=\"elementor-widget-container\">\n\t\t\t\t\t\t\t\t\t<p><strong>Ausf\u00fchrung Typ 1:<\/strong><\/p><p>Gerollte Ausf\u00fchrung mit wartungsfreier Lagerung durch 4 Buchsen aus PA 6.6, wahlweise mit aufgeschwei\u00dftem Gewindebolzen M8x2S oder mit Nietl\u00f6chern 6 mm, Oberfl\u00e4che unbehandelt, Veredelungen gegen Mehrpreis m\u00f6glich.<\/p><p><em>Rolled version with maintenance free axial\/radial play, with welded thread pivot or with clinch holes, surface untreated, special surface on enquiry.<\/em><\/p><p>\u00a0<\/p><p><strong>Ausf\u00fchrung Typ 2:<\/strong><\/p><p>Seitent\u00fcrscharniere, Oberfl\u00e4che verzinkt mit Schmierstift und Nippel.<\/p><p><em>Panatechnicon van-hinge, surface zinc-plated with grease pin and nipples.<\/em><\/p>\t\t\t\t\t\t\t\t<\/div>\n\t\t\t\t<\/div>\n\t\t\t\t\t<\/div>\n\t\t<\/div>\n\t\t\t\t\t<\/div>\n\t\t<\/section>\n\t\t\t\t<\/div>\n\t\t","protected":false},"excerpt":{"rendered":"<p>SCHARNIERE F\u00dcR DEN FAHRZEUGBAU<\/p>\n","protected":false},"featured_media":1973,"template":"","meta":[],"product_brand":[],"product_cat":[369,404],"product_tag":[368,365,370],"class_list":{"0":"post-1883","1":"product","2":"type-product","3":"status-publish","4":"has-post-thumbnail","6":"product_cat-scharniere-fuer-den-fahrzeugbau","7":"product_cat-scharniere-beschlaege-verbindungselemente","8":"product_tag-anschweissbandrollen","9":"product_tag-befestigungshalter","10":"product_tag-scharniere-fuer-den-fahrzeugbau","12":"first","13":"instock","14":"shipping-taxable","15":"product-type-simple"},"yoast_head":"<!-- This site is optimized with the Yoast SEO plugin v27.4 - https:\/\/yoast.com\/product\/yoast-seo-wordpress\/ -->\n<title>Scharniere f\u00fcr den Fahrzeugbau - Dr. Franke Metallwaren<\/title>\n<meta name=\"description\" content=\"Scharniere f\u00fcr den Fahrzeugbau\" \/>\n<meta name=\"robots\" content=\"index, follow, max-snippet:-1, max-image-preview:large, max-video-preview:-1\" \/>\n<link rel=\"canonical\" href=\"https:\/\/dr-franke-metallwaren.de\/metall\/produkt\/scharniere-fuer-den-fahrzeugbau\/\" \/>\n<meta property=\"og:locale\" content=\"de_DE\" \/>\n<meta property=\"og:type\" content=\"article\" \/>\n<meta property=\"og:title\" content=\"Scharniere f\u00fcr den Fahrzeugbau - Dr. Franke Metallwaren\" \/>\n<meta property=\"og:description\" content=\"Scharniere f\u00fcr den Fahrzeugbau\" \/>\n<meta property=\"og:url\" content=\"https:\/\/dr-franke-metallwaren.de\/metall\/produkt\/scharniere-fuer-den-fahrzeugbau\/\" \/>\n<meta property=\"og:site_name\" content=\"Dr. Franke Metallwaren\" \/>\n<meta property=\"article:modified_time\" content=\"2023-10-04T08:55:04+00:00\" \/>\n<meta property=\"og:image\" content=\"https:\/\/dr-franke-metallwaren.de\/metall\/wp-content\/uploads\/2023\/09\/Scharniere-Fahrzeugbau-Typ-1u2.jpg\" \/>\n\t<meta property=\"og:image:width\" content=\"1280\" \/>\n\t<meta property=\"og:image:height\" content=\"1280\" \/>\n\t<meta property=\"og:image:type\" content=\"image\/jpeg\" \/>\n<meta name=\"twitter:card\" content=\"summary_large_image\" \/>\n<meta name=\"twitter:label1\" content=\"Gesch\u00e4tzte Lesezeit\" \/>\n\t<meta name=\"twitter:data1\" content=\"1\u00a0Minute\" \/>\n<script type=\"application\/ld+json\" class=\"yoast-schema-graph\">{\"@context\":\"https:\\\/\\\/schema.org\",\"@graph\":[{\"@type\":\"WebPage\",\"@id\":\"https:\\\/\\\/dr-franke-metallwaren.de\\\/metall\\\/produkt\\\/scharniere-fuer-den-fahrzeugbau\\\/\",\"url\":\"https:\\\/\\\/dr-franke-metallwaren.de\\\/metall\\\/produkt\\\/scharniere-fuer-den-fahrzeugbau\\\/\",\"name\":\"Scharniere f\u00fcr den Fahrzeugbau - Dr. Franke Metallwaren\",\"isPartOf\":{\"@id\":\"https:\\\/\\\/dr-franke-metallwaren.de\\\/metall\\\/#website\"},\"primaryImageOfPage\":{\"@id\":\"https:\\\/\\\/dr-franke-metallwaren.de\\\/metall\\\/produkt\\\/scharniere-fuer-den-fahrzeugbau\\\/#primaryimage\"},\"image\":{\"@id\":\"https:\\\/\\\/dr-franke-metallwaren.de\\\/metall\\\/produkt\\\/scharniere-fuer-den-fahrzeugbau\\\/#primaryimage\"},\"thumbnailUrl\":\"https:\\\/\\\/dr-franke-metallwaren.de\\\/metall\\\/wp-content\\\/uploads\\\/2023\\\/09\\\/Scharniere-Fahrzeugbau-Typ-1u2.jpg\",\"datePublished\":\"2023-09-12T14:04:17+00:00\",\"dateModified\":\"2023-10-04T08:55:04+00:00\",\"description\":\"Scharniere f\u00fcr den Fahrzeugbau\",\"breadcrumb\":{\"@id\":\"https:\\\/\\\/dr-franke-metallwaren.de\\\/metall\\\/produkt\\\/scharniere-fuer-den-fahrzeugbau\\\/#breadcrumb\"},\"inLanguage\":\"de\",\"potentialAction\":[{\"@type\":\"ReadAction\",\"target\":[\"https:\\\/\\\/dr-franke-metallwaren.de\\\/metall\\\/produkt\\\/scharniere-fuer-den-fahrzeugbau\\\/\"]}]},{\"@type\":\"ImageObject\",\"inLanguage\":\"de\",\"@id\":\"https:\\\/\\\/dr-franke-metallwaren.de\\\/metall\\\/produkt\\\/scharniere-fuer-den-fahrzeugbau\\\/#primaryimage\",\"url\":\"https:\\\/\\\/dr-franke-metallwaren.de\\\/metall\\\/wp-content\\\/uploads\\\/2023\\\/09\\\/Scharniere-Fahrzeugbau-Typ-1u2.jpg\",\"contentUrl\":\"https:\\\/\\\/dr-franke-metallwaren.de\\\/metall\\\/wp-content\\\/uploads\\\/2023\\\/09\\\/Scharniere-Fahrzeugbau-Typ-1u2.jpg\",\"width\":1280,\"height\":1280},{\"@type\":\"BreadcrumbList\",\"@id\":\"https:\\\/\\\/dr-franke-metallwaren.de\\\/metall\\\/produkt\\\/scharniere-fuer-den-fahrzeugbau\\\/#breadcrumb\",\"itemListElement\":[{\"@type\":\"ListItem\",\"position\":1,\"name\":\"Startseite\",\"item\":\"https:\\\/\\\/dr-franke-metallwaren.de\\\/metall\\\/\"},{\"@type\":\"ListItem\",\"position\":2,\"name\":\"Shop\",\"item\":\"https:\\\/\\\/dr-franke-metallwaren.de\\\/metall\\\/shop\\\/\"},{\"@type\":\"ListItem\",\"position\":3,\"name\":\"Scharniere f\u00fcr den Fahrzeugbau\"}]},{\"@type\":\"WebSite\",\"@id\":\"https:\\\/\\\/dr-franke-metallwaren.de\\\/metall\\\/#website\",\"url\":\"https:\\\/\\\/dr-franke-metallwaren.de\\\/metall\\\/\",\"name\":\"Dr. Franke Metallwaren\",\"description\":\"Schl\u00f6sser, Beschl\u00e4ge, Scharniere aus Remscheid sowie Pre\u00df-, Stanz- und Ziehteile aus NRW\",\"publisher\":{\"@id\":\"https:\\\/\\\/dr-franke-metallwaren.de\\\/metall\\\/#organization\"},\"potentialAction\":[{\"@type\":\"SearchAction\",\"target\":{\"@type\":\"EntryPoint\",\"urlTemplate\":\"https:\\\/\\\/dr-franke-metallwaren.de\\\/metall\\\/?s={search_term_string}\"},\"query-input\":{\"@type\":\"PropertyValueSpecification\",\"valueRequired\":true,\"valueName\":\"search_term_string\"}}],\"inLanguage\":\"de\"},{\"@type\":\"Organization\",\"@id\":\"https:\\\/\\\/dr-franke-metallwaren.de\\\/metall\\\/#organization\",\"name\":\"Dr. Franke Metallwaren\",\"url\":\"https:\\\/\\\/dr-franke-metallwaren.de\\\/metall\\\/\",\"logo\":{\"@type\":\"ImageObject\",\"inLanguage\":\"de\",\"@id\":\"https:\\\/\\\/dr-franke-metallwaren.de\\\/metall\\\/#\\\/schema\\\/logo\\\/image\\\/\",\"url\":\"https:\\\/\\\/dr-franke-metallwaren.de\\\/metall\\\/wp-content\\\/uploads\\\/2023\\\/10\\\/cropped-RZ_Logo_dr_franke_metallwaren_Schloesser_Beschlaege_Scharniere.png\",\"contentUrl\":\"https:\\\/\\\/dr-franke-metallwaren.de\\\/metall\\\/wp-content\\\/uploads\\\/2023\\\/10\\\/cropped-RZ_Logo_dr_franke_metallwaren_Schloesser_Beschlaege_Scharniere.png\",\"width\":279,\"height\":99,\"caption\":\"Dr. Franke Metallwaren\"},\"image\":{\"@id\":\"https:\\\/\\\/dr-franke-metallwaren.de\\\/metall\\\/#\\\/schema\\\/logo\\\/image\\\/\"}}]}<\/script>\n<!-- \/ Yoast SEO plugin. -->","yoast_head_json":{"title":"Scharniere f\u00fcr den Fahrzeugbau - Dr. Franke Metallwaren","description":"Scharniere f\u00fcr den Fahrzeugbau","robots":{"index":"index","follow":"follow","max-snippet":"max-snippet:-1","max-image-preview":"max-image-preview:large","max-video-preview":"max-video-preview:-1"},"canonical":"https:\/\/dr-franke-metallwaren.de\/metall\/produkt\/scharniere-fuer-den-fahrzeugbau\/","og_locale":"de_DE","og_type":"article","og_title":"Scharniere f\u00fcr den Fahrzeugbau - Dr. Franke Metallwaren","og_description":"Scharniere f\u00fcr den Fahrzeugbau","og_url":"https:\/\/dr-franke-metallwaren.de\/metall\/produkt\/scharniere-fuer-den-fahrzeugbau\/","og_site_name":"Dr. Franke Metallwaren","article_modified_time":"2023-10-04T08:55:04+00:00","og_image":[{"width":1280,"height":1280,"url":"https:\/\/dr-franke-metallwaren.de\/metall\/wp-content\/uploads\/2023\/09\/Scharniere-Fahrzeugbau-Typ-1u2.jpg","type":"image\/jpeg"}],"twitter_card":"summary_large_image","twitter_misc":{"Gesch\u00e4tzte Lesezeit":"1\u00a0Minute"},"schema":{"@context":"https:\/\/schema.org","@graph":[{"@type":"WebPage","@id":"https:\/\/dr-franke-metallwaren.de\/metall\/produkt\/scharniere-fuer-den-fahrzeugbau\/","url":"https:\/\/dr-franke-metallwaren.de\/metall\/produkt\/scharniere-fuer-den-fahrzeugbau\/","name":"Scharniere f\u00fcr den Fahrzeugbau - Dr. Franke Metallwaren","isPartOf":{"@id":"https:\/\/dr-franke-metallwaren.de\/metall\/#website"},"primaryImageOfPage":{"@id":"https:\/\/dr-franke-metallwaren.de\/metall\/produkt\/scharniere-fuer-den-fahrzeugbau\/#primaryimage"},"image":{"@id":"https:\/\/dr-franke-metallwaren.de\/metall\/produkt\/scharniere-fuer-den-fahrzeugbau\/#primaryimage"},"thumbnailUrl":"https:\/\/dr-franke-metallwaren.de\/metall\/wp-content\/uploads\/2023\/09\/Scharniere-Fahrzeugbau-Typ-1u2.jpg","datePublished":"2023-09-12T14:04:17+00:00","dateModified":"2023-10-04T08:55:04+00:00","description":"Scharniere f\u00fcr den Fahrzeugbau","breadcrumb":{"@id":"https:\/\/dr-franke-metallwaren.de\/metall\/produkt\/scharniere-fuer-den-fahrzeugbau\/#breadcrumb"},"inLanguage":"de","potentialAction":[{"@type":"ReadAction","target":["https:\/\/dr-franke-metallwaren.de\/metall\/produkt\/scharniere-fuer-den-fahrzeugbau\/"]}]},{"@type":"ImageObject","inLanguage":"de","@id":"https:\/\/dr-franke-metallwaren.de\/metall\/produkt\/scharniere-fuer-den-fahrzeugbau\/#primaryimage","url":"https:\/\/dr-franke-metallwaren.de\/metall\/wp-content\/uploads\/2023\/09\/Scharniere-Fahrzeugbau-Typ-1u2.jpg","contentUrl":"https:\/\/dr-franke-metallwaren.de\/metall\/wp-content\/uploads\/2023\/09\/Scharniere-Fahrzeugbau-Typ-1u2.jpg","width":1280,"height":1280},{"@type":"BreadcrumbList","@id":"https:\/\/dr-franke-metallwaren.de\/metall\/produkt\/scharniere-fuer-den-fahrzeugbau\/#breadcrumb","itemListElement":[{"@type":"ListItem","position":1,"name":"Startseite","item":"https:\/\/dr-franke-metallwaren.de\/metall\/"},{"@type":"ListItem","position":2,"name":"Shop","item":"https:\/\/dr-franke-metallwaren.de\/metall\/shop\/"},{"@type":"ListItem","position":3,"name":"Scharniere f\u00fcr den Fahrzeugbau"}]},{"@type":"WebSite","@id":"https:\/\/dr-franke-metallwaren.de\/metall\/#website","url":"https:\/\/dr-franke-metallwaren.de\/metall\/","name":"Dr. Franke Metallwaren","description":"Schl\u00f6sser, Beschl\u00e4ge, Scharniere aus Remscheid sowie Pre\u00df-, Stanz- und Ziehteile aus NRW","publisher":{"@id":"https:\/\/dr-franke-metallwaren.de\/metall\/#organization"},"potentialAction":[{"@type":"SearchAction","target":{"@type":"EntryPoint","urlTemplate":"https:\/\/dr-franke-metallwaren.de\/metall\/?s={search_term_string}"},"query-input":{"@type":"PropertyValueSpecification","valueRequired":true,"valueName":"search_term_string"}}],"inLanguage":"de"},{"@type":"Organization","@id":"https:\/\/dr-franke-metallwaren.de\/metall\/#organization","name":"Dr. Franke Metallwaren","url":"https:\/\/dr-franke-metallwaren.de\/metall\/","logo":{"@type":"ImageObject","inLanguage":"de","@id":"https:\/\/dr-franke-metallwaren.de\/metall\/#\/schema\/logo\/image\/","url":"https:\/\/dr-franke-metallwaren.de\/metall\/wp-content\/uploads\/2023\/10\/cropped-RZ_Logo_dr_franke_metallwaren_Schloesser_Beschlaege_Scharniere.png","contentUrl":"https:\/\/dr-franke-metallwaren.de\/metall\/wp-content\/uploads\/2023\/10\/cropped-RZ_Logo_dr_franke_metallwaren_Schloesser_Beschlaege_Scharniere.png","width":279,"height":99,"caption":"Dr. Franke Metallwaren"},"image":{"@id":"https:\/\/dr-franke-metallwaren.de\/metall\/#\/schema\/logo\/image\/"}}]}},"_links":{"self":[{"href":"https:\/\/dr-franke-metallwaren.de\/metall\/wp-json\/wp\/v2\/product\/1883","targetHints":{"allow":["GET"]}}],"collection":[{"href":"https:\/\/dr-franke-metallwaren.de\/metall\/wp-json\/wp\/v2\/product"}],"about":[{"href":"https:\/\/dr-franke-metallwaren.de\/metall\/wp-json\/wp\/v2\/types\/product"}],"version-history":[{"count":10,"href":"https:\/\/dr-franke-metallwaren.de\/metall\/wp-json\/wp\/v2\/product\/1883\/revisions"}],"predecessor-version":[{"id":1932,"href":"https:\/\/dr-franke-metallwaren.de\/metall\/wp-json\/wp\/v2\/product\/1883\/revisions\/1932"}],"wp:featuredmedia":[{"embeddable":true,"href":"https:\/\/dr-franke-metallwaren.de\/metall\/wp-json\/wp\/v2\/media\/1973"}],"wp:attachment":[{"href":"https:\/\/dr-franke-metallwaren.de\/metall\/wp-json\/wp\/v2\/media?parent=1883"}],"wp:term":[{"taxonomy":"product_brand","embeddable":true,"href":"https:\/\/dr-franke-metallwaren.de\/metall\/wp-json\/wp\/v2\/product_brand?post=1883"},{"taxonomy":"product_cat","embeddable":true,"href":"https:\/\/dr-franke-metallwaren.de\/metall\/wp-json\/wp\/v2\/product_cat?post=1883"},{"taxonomy":"product_tag","embeddable":true,"href":"https:\/\/dr-franke-metallwaren.de\/metall\/wp-json\/wp\/v2\/product_tag?post=1883"}],"curies":[{"name":"wp","href":"https:\/\/api.w.org\/{rel}","templated":true}]}}