{"id":1815,"date":"2023-09-12T11:48:19","date_gmt":"2023-09-12T09:48:19","guid":{"rendered":"https:\/\/dr-franke-metallwaren.de\/metall\/?post_type=product&#038;p=1815"},"modified":"2023-10-04T16:19:08","modified_gmt":"2023-10-04T14:19:08","slug":"riveted-and-bolted-hinge-plates","status":"publish","type":"product","link":"https:\/\/dr-franke-metallwaren.de\/metall\/produkt\/riveted-and-bolted-hinge-plates\/?lang=en","title":{"rendered":"Riveted and bolted hinge plates"},"content":{"rendered":"\t\t<div data-elementor-type=\"product-post\" data-elementor-id=\"1815\" class=\"elementor elementor-1815 elementor-1814\" data-elementor-post-type=\"product\">\n\t\t\t\t\t\t<section class=\"elementor-section elementor-top-section elementor-element elementor-element-8d92b83 elementor-section-boxed elementor-section-height-default elementor-section-height-default\" data-id=\"8d92b83\" data-element_type=\"section\" data-e-type=\"section\">\n\t\t\t\t\t\t<div class=\"elementor-container elementor-column-gap-default\">\n\t\t\t\t\t<div class=\"elementor-column elementor-col-100 elementor-top-column elementor-element elementor-element-759c53b\" data-id=\"759c53b\" data-element_type=\"column\" data-e-type=\"column\">\n\t\t\t<div class=\"elementor-widget-wrap elementor-element-populated\">\n\t\t\t\t\t\t<div class=\"elementor-element elementor-element-5a972fa elementor-widget elementor-widget-text-editor\" data-id=\"5a972fa\" data-element_type=\"widget\" data-e-type=\"widget\" data-widget_type=\"text-editor.default\">\n\t\t\t\t<div class=\"elementor-widget-container\">\n\t\t\t\t\t\t\t\t\t<p>\n<table id=\"tablepress-31\" class=\"tablepress tablepress-id-31\">\n<thead>\n<tr class=\"row-1\">\n\t<th class=\"column-1\"><strong>Artikelbezeichnung <br \/>\nArticle description<\/strong><\/th><th class=\"column-2\"><strong>Artikelnummer <br \/>\nArticle number<\/strong><\/th><th class=\"column-3\"><strong>Besonderheit<br \/>\nSpecial feature<\/strong><\/th><th class=\"column-4\"><strong>l<\/strong><\/th><th class=\"column-5\"><strong>Au\u00dfenh\u00e4lfte \/ female<\/strong><\/th><th class=\"column-6\"><strong>Innenh\u00e4lfte \/ male<\/strong><\/th><th class=\"column-7\"><strong>Lochung<br \/>\nscrew holes<br \/>\n<\/strong><\/th><th class=\"column-8\">Gewicht kg p. % St.<br \/>\nweight kg p. % pcs.<\/th>\n<\/tr>\n<\/thead>\n<tbody class=\"row-striping row-hover\">\n<tr class=\"row-2\">\n\t<td class=\"column-1\"><\/td><td class=\"column-2\"><\/td><td class=\"column-3\"><\/td><td class=\"column-4\">Gr\u00f6\u00dfe \/ size mm<\/td><td class=\"column-5\">S \/ H x B<\/td><td class=\"column-6\">S \/ H x B<\/td><td class=\"column-7\">L<\/td><td class=\"column-8\"><\/td>\n<\/tr>\n<tr class=\"row-3\">\n\t<td class=\"column-1\">Nietgelenkb\u00e4nder \/ riveted hinges <\/td><td class=\"column-2\"><\/td><td class=\"column-3\"><\/td><td class=\"column-4\">1<\/td><td class=\"column-5\">3\/4 x 20<\/td><td class=\"column-6\">3\/4 x 20<\/td><td class=\"column-7\">40<\/td><td class=\"column-8\">0,046<\/td>\n<\/tr>\n<tr class=\"row-4\">\n\t<td class=\"column-1\">Nietgelenkb\u00e4nder \/ riveted hinges<\/td><td class=\"column-2\"><\/td><td class=\"column-3\"><\/td><td class=\"column-4\">3<\/td><td class=\"column-5\">3\/4 x 20<\/td><td class=\"column-6\">3\/4 x 40<\/td><td class=\"column-7\">40<\/td><td class=\"column-8\">0,065<\/td>\n<\/tr>\n<tr class=\"row-5\">\n\t<td class=\"column-1\">Nietgelenkb\u00e4nder \/ riveted hinges <\/td><td class=\"column-2\"><\/td><td class=\"column-3\"><\/td><td class=\"column-4\">5<\/td><td class=\"column-5\">3\/4 x 40<\/td><td class=\"column-6\">3\/4 x 40<\/td><td class=\"column-7\">40<\/td><td class=\"column-8\">0,084<\/td>\n<\/tr>\n<tr class=\"row-6\">\n\t<td class=\"column-1\">Nietgelenkb\u00e4nder \/ riveted hinges<\/td><td class=\"column-2\"><\/td><td class=\"column-3\"><\/td><td class=\"column-4\">7<\/td><td class=\"column-5\">5\/6 x 30<\/td><td class=\"column-6\">5\/6 x 30<\/td><td class=\"column-7\">60<\/td><td class=\"column-8\">0,168<\/td>\n<\/tr>\n<tr class=\"row-7\">\n\t<td class=\"column-1\">Nietgelenkb\u00e4nder \/ riveted hinges <\/td><td class=\"column-2\"><\/td><td class=\"column-3\"><\/td><td class=\"column-4\">9<\/td><td class=\"column-5\">5\/6 x 30<\/td><td class=\"column-6\">5\/6 x 60<\/td><td class=\"column-7\">60<\/td><td class=\"column-8\">0,239<\/td>\n<\/tr>\n<tr class=\"row-8\">\n\t<td class=\"column-1\">Nietgelenkb\u00e4nder \/ riveted hinges <\/td><td class=\"column-2\"><\/td><td class=\"column-3\"><\/td><td class=\"column-4\">19<\/td><td class=\"column-5\">5\/6 x 60<\/td><td class=\"column-6\">5\/6 x 60<\/td><td class=\"column-7\">60<\/td><td class=\"column-8\">0,31<\/td>\n<\/tr>\n<tr class=\"row-9\">\n\t<td class=\"column-1\">Nietgelenkb\u00e4nder \/ riveted hinges <\/td><td class=\"column-2\"><\/td><td class=\"column-3\"><\/td><td class=\"column-4\">49<\/td><td class=\"column-5\">7\/8 x 40<\/td><td class=\"column-6\">7\/8 x 40<\/td><td class=\"column-7\">80<\/td><td class=\"column-8\">0,415<\/td>\n<\/tr>\n<tr class=\"row-10\">\n\t<td class=\"column-1\">Nietgelenkb\u00e4nder \/ riveted hinges <\/td><td class=\"column-2\"><\/td><td class=\"column-3\"><\/td><td class=\"column-4\">57<\/td><td class=\"column-5\">7\/8 x 80<\/td><td class=\"column-6\">7\/8 x 80<\/td><td class=\"column-7\">80<\/td><td class=\"column-8\">0,767<\/td>\n<\/tr>\n<tr class=\"row-11\">\n\t<td class=\"column-1\"><\/td><td class=\"column-2\"><\/td><td class=\"column-3\"><\/td><td class=\"column-4\"><\/td><td class=\"column-5\"><\/td><td class=\"column-6\"><\/td><td class=\"column-7\"><\/td><td class=\"column-8\"><\/td>\n<\/tr>\n<tr class=\"row-12\">\n\t<td class=\"column-1\">Bolzengelenkb\u00e4nder \/ bolted hinges <\/td><td class=\"column-2\"><\/td><td class=\"column-3\"><\/td><td class=\"column-4\">1<\/td><td class=\"column-5\">3\/4 x 20<\/td><td class=\"column-6\">3\/4 x 20<\/td><td class=\"column-7\">40<\/td><td class=\"column-8\">0,047<\/td>\n<\/tr>\n<tr class=\"row-13\">\n\t<td class=\"column-1\">Bolzengelenkb\u00e4nder \/ bolted hinges <\/td><td class=\"column-2\"><\/td><td class=\"column-3\"><\/td><td class=\"column-4\">3<\/td><td class=\"column-5\">3\/4 x 20<\/td><td class=\"column-6\">3\/4 x 40<\/td><td class=\"column-7\">40<\/td><td class=\"column-8\">0,066<\/td>\n<\/tr>\n<tr class=\"row-14\">\n\t<td class=\"column-1\">Bolzengelenkb\u00e4nder \/ bolted hinges <\/td><td class=\"column-2\"><\/td><td class=\"column-3\"><\/td><td class=\"column-4\">5<\/td><td class=\"column-5\">3\/4 x 40<\/td><td class=\"column-6\">3\/4 x 40<\/td><td class=\"column-7\">40<\/td><td class=\"column-8\">0,085<\/td>\n<\/tr>\n<tr class=\"row-15\">\n\t<td class=\"column-1\">Bolzengelenkb\u00e4nder \/ bolted hinges <\/td><td class=\"column-2\"><\/td><td class=\"column-3\"><\/td><td class=\"column-4\">7<\/td><td class=\"column-5\">5\/6 x 30<\/td><td class=\"column-6\">5\/6 x 30<\/td><td class=\"column-7\">60<\/td><td class=\"column-8\">0,17<\/td>\n<\/tr>\n<tr class=\"row-16\">\n\t<td class=\"column-1\">Bolzengelenkb\u00e4nder \/ bolted hinges <\/td><td class=\"column-2\"><\/td><td class=\"column-3\"><\/td><td class=\"column-4\">9<\/td><td class=\"column-5\">5\/6 x 30<\/td><td class=\"column-6\">5\/6 x 60<\/td><td class=\"column-7\">60<\/td><td class=\"column-8\">0,242<\/td>\n<\/tr>\n<tr class=\"row-17\">\n\t<td class=\"column-1\">Bolzengelenkb\u00e4nder \/ bolted hinges <\/td><td class=\"column-2\"><\/td><td class=\"column-3\"><\/td><td class=\"column-4\">19<\/td><td class=\"column-5\">5\/6 x 60<\/td><td class=\"column-6\">5\/6 x 60<\/td><td class=\"column-7\">60<\/td><td class=\"column-8\">0,313<\/td>\n<\/tr>\n<tr class=\"row-18\">\n\t<td class=\"column-1\">Bolzengelenkb\u00e4nder \/ bolted hinges <\/td><td class=\"column-2\"><\/td><td class=\"column-3\"><\/td><td class=\"column-4\">49<\/td><td class=\"column-5\">7\/8 x 40<\/td><td class=\"column-6\">7\/8 x 40<\/td><td class=\"column-7\">80<\/td><td class=\"column-8\">0,423<\/td>\n<\/tr>\n<tr class=\"row-19\">\n\t<td class=\"column-1\">Bolzengelenkb\u00e4nder \/ bolted hinges <\/td><td class=\"column-2\"><\/td><td class=\"column-3\"><\/td><td class=\"column-4\">57<\/td><td class=\"column-5\">7\/8 x 80<\/td><td class=\"column-6\">7\/8 x 80<\/td><td class=\"column-7\">80<\/td><td class=\"column-8\">0,775<\/td>\n<\/tr>\n<\/tbody>\n<\/table>\n<!-- #tablepress-31 from cache --><\/p>\n\t\t\t\t\t\t\t\t<\/div>\n\t\t\t\t<\/div>\n\t\t\t\t\t<\/div>\n\t\t<\/div>\n\t\t\t\t\t<\/div>\n\t\t<\/section>\n\t\t\t\t<\/div>\n\t\t","protected":false},"excerpt":{"rendered":"<p>Riveted and bolted hinges plantes DIN 31211\/2<br \/>\n&#8211; Rivet hinges N resp.<br \/>\n&#8211; Bolt hinge B<br \/>\ncomply with DIN 31211\/31212.<\/p>\n<p>Versions in<\/p>\n<ul>\n<li>Stahl blank\/ bright steel<\/li>\n<li>ungelocht \/ without holes<\/li>\n<li>weitere Gr\u00f6\u00dfen auf Anfrage \/ other dimensions by enquiry<\/li>\n<\/ul>\n","protected":false},"featured_media":2012,"template":"","meta":[],"product_brand":[],"product_cat":[377,418,392],"product_tag":[389,394,393],"class_list":{"0":"post-1815","1":"product","2":"type-product","3":"status-publish","4":"has-post-thumbnail","6":"product_cat-bolt-hinges","7":"product_cat-hinges-fittings-and-connecting-elements","8":"product_cat-rivet-hinges","9":"product_tag-bolt-hinges","10":"product_tag-din-31211-31212-en","11":"product_tag-riveted-and-bolted-hinge-plates","13":"first","14":"instock","15":"shipping-taxable","16":"product-type-simple"},"yoast_head":"<!-- This site is optimized with the Yoast SEO plugin v27.4 - https:\/\/yoast.com\/product\/yoast-seo-wordpress\/ -->\n<title>Riveted and bolted hinge plates - Dr. Franke Metallwaren<\/title>\n<meta name=\"description\" content=\"Riveted and bolted hinges plantes DIN 31211\/31212\" \/>\n<meta name=\"robots\" content=\"index, follow, max-snippet:-1, max-image-preview:large, max-video-preview:-1\" \/>\n<link rel=\"canonical\" href=\"https:\/\/dr-franke-metallwaren.de\/metall\/produkt\/riveted-and-bolted-hinge-plates\/\" \/>\n<meta property=\"og:locale\" content=\"de_DE\" \/>\n<meta property=\"og:type\" content=\"article\" \/>\n<meta property=\"og:title\" content=\"Riveted and bolted hinge plates - Dr. Franke Metallwaren\" \/>\n<meta property=\"og:description\" content=\"Riveted and bolted hinges plantes DIN 31211\/31212\" \/>\n<meta property=\"og:url\" content=\"https:\/\/dr-franke-metallwaren.de\/metall\/produkt\/riveted-and-bolted-hinge-plates\/?lang=en\" \/>\n<meta property=\"og:site_name\" content=\"Dr. Franke Metallwaren\" \/>\n<meta property=\"article:modified_time\" content=\"2023-10-04T14:19:08+00:00\" \/>\n<meta property=\"og:image\" content=\"https:\/\/dr-franke-metallwaren.de\/metall\/wp-content\/uploads\/2023\/09\/Bolzengelenbaender-a-und-niet-.jpg\" \/>\n\t<meta property=\"og:image:width\" content=\"1280\" \/>\n\t<meta property=\"og:image:height\" content=\"1280\" \/>\n\t<meta property=\"og:image:type\" content=\"image\/jpeg\" \/>\n<meta name=\"twitter:card\" content=\"summary_large_image\" \/>\n<meta name=\"twitter:label1\" content=\"Gesch\u00e4tzte Lesezeit\" \/>\n\t<meta name=\"twitter:data1\" content=\"1\u00a0Minute\" \/>\n<script type=\"application\/ld+json\" class=\"yoast-schema-graph\">{\"@context\":\"https:\\\/\\\/schema.org\",\"@graph\":[{\"@type\":\"WebPage\",\"@id\":\"https:\\\/\\\/dr-franke-metallwaren.de\\\/metall\\\/produkt\\\/riveted-and-bolted-hinge-plates\\\/?lang=en\",\"url\":\"https:\\\/\\\/dr-franke-metallwaren.de\\\/metall\\\/produkt\\\/riveted-and-bolted-hinge-plates\\\/?lang=en\",\"name\":\"Riveted and bolted hinge plates - Dr. Franke Metallwaren\",\"isPartOf\":{\"@id\":\"https:\\\/\\\/dr-franke-metallwaren.de\\\/metall\\\/#website\"},\"primaryImageOfPage\":{\"@id\":\"https:\\\/\\\/dr-franke-metallwaren.de\\\/metall\\\/produkt\\\/riveted-and-bolted-hinge-plates\\\/?lang=en#primaryimage\"},\"image\":{\"@id\":\"https:\\\/\\\/dr-franke-metallwaren.de\\\/metall\\\/produkt\\\/riveted-and-bolted-hinge-plates\\\/?lang=en#primaryimage\"},\"thumbnailUrl\":\"https:\\\/\\\/dr-franke-metallwaren.de\\\/metall\\\/wp-content\\\/uploads\\\/2023\\\/09\\\/Bolzengelenbaender-a-und-niet-.jpg\",\"datePublished\":\"2023-09-12T09:48:19+00:00\",\"dateModified\":\"2023-10-04T14:19:08+00:00\",\"description\":\"Riveted and bolted hinges plantes DIN 31211\\\/31212\",\"breadcrumb\":{\"@id\":\"https:\\\/\\\/dr-franke-metallwaren.de\\\/metall\\\/produkt\\\/riveted-and-bolted-hinge-plates\\\/?lang=en#breadcrumb\"},\"inLanguage\":\"de\",\"potentialAction\":[{\"@type\":\"ReadAction\",\"target\":[\"https:\\\/\\\/dr-franke-metallwaren.de\\\/metall\\\/produkt\\\/riveted-and-bolted-hinge-plates\\\/?lang=en\"]}]},{\"@type\":\"ImageObject\",\"inLanguage\":\"de\",\"@id\":\"https:\\\/\\\/dr-franke-metallwaren.de\\\/metall\\\/produkt\\\/riveted-and-bolted-hinge-plates\\\/?lang=en#primaryimage\",\"url\":\"https:\\\/\\\/dr-franke-metallwaren.de\\\/metall\\\/wp-content\\\/uploads\\\/2023\\\/09\\\/Bolzengelenbaender-a-und-niet-.jpg\",\"contentUrl\":\"https:\\\/\\\/dr-franke-metallwaren.de\\\/metall\\\/wp-content\\\/uploads\\\/2023\\\/09\\\/Bolzengelenbaender-a-und-niet-.jpg\",\"width\":1280,\"height\":1280},{\"@type\":\"BreadcrumbList\",\"@id\":\"https:\\\/\\\/dr-franke-metallwaren.de\\\/metall\\\/produkt\\\/riveted-and-bolted-hinge-plates\\\/?lang=en#breadcrumb\",\"itemListElement\":[{\"@type\":\"ListItem\",\"position\":1,\"name\":\"Startseite\",\"item\":\"https:\\\/\\\/dr-franke-metallwaren.de\\\/metall\\\/\"},{\"@type\":\"ListItem\",\"position\":2,\"name\":\"Shop\",\"item\":\"https:\\\/\\\/dr-franke-metallwaren.de\\\/metall\\\/shop\\\/\"},{\"@type\":\"ListItem\",\"position\":3,\"name\":\"Riveted and bolted hinge plates\"}]},{\"@type\":\"WebSite\",\"@id\":\"https:\\\/\\\/dr-franke-metallwaren.de\\\/metall\\\/#website\",\"url\":\"https:\\\/\\\/dr-franke-metallwaren.de\\\/metall\\\/\",\"name\":\"Dr. Franke Metallwaren\",\"description\":\"Schl\u00f6sser, Beschl\u00e4ge, Scharniere aus Remscheid sowie Pre\u00df-, Stanz- und Ziehteile aus NRW\",\"publisher\":{\"@id\":\"https:\\\/\\\/dr-franke-metallwaren.de\\\/metall\\\/#organization\"},\"potentialAction\":[{\"@type\":\"SearchAction\",\"target\":{\"@type\":\"EntryPoint\",\"urlTemplate\":\"https:\\\/\\\/dr-franke-metallwaren.de\\\/metall\\\/?s={search_term_string}\"},\"query-input\":{\"@type\":\"PropertyValueSpecification\",\"valueRequired\":true,\"valueName\":\"search_term_string\"}}],\"inLanguage\":\"de\"},{\"@type\":\"Organization\",\"@id\":\"https:\\\/\\\/dr-franke-metallwaren.de\\\/metall\\\/#organization\",\"name\":\"Dr. Franke Metallwaren\",\"url\":\"https:\\\/\\\/dr-franke-metallwaren.de\\\/metall\\\/\",\"logo\":{\"@type\":\"ImageObject\",\"inLanguage\":\"de\",\"@id\":\"https:\\\/\\\/dr-franke-metallwaren.de\\\/metall\\\/#\\\/schema\\\/logo\\\/image\\\/\",\"url\":\"https:\\\/\\\/dr-franke-metallwaren.de\\\/metall\\\/wp-content\\\/uploads\\\/2023\\\/10\\\/cropped-RZ_Logo_dr_franke_metallwaren_Schloesser_Beschlaege_Scharniere.png\",\"contentUrl\":\"https:\\\/\\\/dr-franke-metallwaren.de\\\/metall\\\/wp-content\\\/uploads\\\/2023\\\/10\\\/cropped-RZ_Logo_dr_franke_metallwaren_Schloesser_Beschlaege_Scharniere.png\",\"width\":279,\"height\":99,\"caption\":\"Dr. Franke Metallwaren\"},\"image\":{\"@id\":\"https:\\\/\\\/dr-franke-metallwaren.de\\\/metall\\\/#\\\/schema\\\/logo\\\/image\\\/\"}}]}<\/script>\n<!-- \/ Yoast SEO plugin. -->","yoast_head_json":{"title":"Riveted and bolted hinge plates - Dr. Franke Metallwaren","description":"Riveted and bolted hinges plantes DIN 31211\/31212","robots":{"index":"index","follow":"follow","max-snippet":"max-snippet:-1","max-image-preview":"max-image-preview:large","max-video-preview":"max-video-preview:-1"},"canonical":"https:\/\/dr-franke-metallwaren.de\/metall\/produkt\/riveted-and-bolted-hinge-plates\/","og_locale":"de_DE","og_type":"article","og_title":"Riveted and bolted hinge plates - Dr. Franke Metallwaren","og_description":"Riveted and bolted hinges plantes DIN 31211\/31212","og_url":"https:\/\/dr-franke-metallwaren.de\/metall\/produkt\/riveted-and-bolted-hinge-plates\/?lang=en","og_site_name":"Dr. Franke Metallwaren","article_modified_time":"2023-10-04T14:19:08+00:00","og_image":[{"width":1280,"height":1280,"url":"https:\/\/dr-franke-metallwaren.de\/metall\/wp-content\/uploads\/2023\/09\/Bolzengelenbaender-a-und-niet-.jpg","type":"image\/jpeg"}],"twitter_card":"summary_large_image","twitter_misc":{"Gesch\u00e4tzte Lesezeit":"1\u00a0Minute"},"schema":{"@context":"https:\/\/schema.org","@graph":[{"@type":"WebPage","@id":"https:\/\/dr-franke-metallwaren.de\/metall\/produkt\/riveted-and-bolted-hinge-plates\/?lang=en","url":"https:\/\/dr-franke-metallwaren.de\/metall\/produkt\/riveted-and-bolted-hinge-plates\/?lang=en","name":"Riveted and bolted hinge plates - Dr. Franke Metallwaren","isPartOf":{"@id":"https:\/\/dr-franke-metallwaren.de\/metall\/#website"},"primaryImageOfPage":{"@id":"https:\/\/dr-franke-metallwaren.de\/metall\/produkt\/riveted-and-bolted-hinge-plates\/?lang=en#primaryimage"},"image":{"@id":"https:\/\/dr-franke-metallwaren.de\/metall\/produkt\/riveted-and-bolted-hinge-plates\/?lang=en#primaryimage"},"thumbnailUrl":"https:\/\/dr-franke-metallwaren.de\/metall\/wp-content\/uploads\/2023\/09\/Bolzengelenbaender-a-und-niet-.jpg","datePublished":"2023-09-12T09:48:19+00:00","dateModified":"2023-10-04T14:19:08+00:00","description":"Riveted and bolted hinges plantes DIN 31211\/31212","breadcrumb":{"@id":"https:\/\/dr-franke-metallwaren.de\/metall\/produkt\/riveted-and-bolted-hinge-plates\/?lang=en#breadcrumb"},"inLanguage":"de","potentialAction":[{"@type":"ReadAction","target":["https:\/\/dr-franke-metallwaren.de\/metall\/produkt\/riveted-and-bolted-hinge-plates\/?lang=en"]}]},{"@type":"ImageObject","inLanguage":"de","@id":"https:\/\/dr-franke-metallwaren.de\/metall\/produkt\/riveted-and-bolted-hinge-plates\/?lang=en#primaryimage","url":"https:\/\/dr-franke-metallwaren.de\/metall\/wp-content\/uploads\/2023\/09\/Bolzengelenbaender-a-und-niet-.jpg","contentUrl":"https:\/\/dr-franke-metallwaren.de\/metall\/wp-content\/uploads\/2023\/09\/Bolzengelenbaender-a-und-niet-.jpg","width":1280,"height":1280},{"@type":"BreadcrumbList","@id":"https:\/\/dr-franke-metallwaren.de\/metall\/produkt\/riveted-and-bolted-hinge-plates\/?lang=en#breadcrumb","itemListElement":[{"@type":"ListItem","position":1,"name":"Startseite","item":"https:\/\/dr-franke-metallwaren.de\/metall\/"},{"@type":"ListItem","position":2,"name":"Shop","item":"https:\/\/dr-franke-metallwaren.de\/metall\/shop\/"},{"@type":"ListItem","position":3,"name":"Riveted and bolted hinge plates"}]},{"@type":"WebSite","@id":"https:\/\/dr-franke-metallwaren.de\/metall\/#website","url":"https:\/\/dr-franke-metallwaren.de\/metall\/","name":"Dr. Franke Metallwaren","description":"Schl\u00f6sser, Beschl\u00e4ge, Scharniere aus Remscheid sowie Pre\u00df-, Stanz- und Ziehteile aus NRW","publisher":{"@id":"https:\/\/dr-franke-metallwaren.de\/metall\/#organization"},"potentialAction":[{"@type":"SearchAction","target":{"@type":"EntryPoint","urlTemplate":"https:\/\/dr-franke-metallwaren.de\/metall\/?s={search_term_string}"},"query-input":{"@type":"PropertyValueSpecification","valueRequired":true,"valueName":"search_term_string"}}],"inLanguage":"de"},{"@type":"Organization","@id":"https:\/\/dr-franke-metallwaren.de\/metall\/#organization","name":"Dr. Franke Metallwaren","url":"https:\/\/dr-franke-metallwaren.de\/metall\/","logo":{"@type":"ImageObject","inLanguage":"de","@id":"https:\/\/dr-franke-metallwaren.de\/metall\/#\/schema\/logo\/image\/","url":"https:\/\/dr-franke-metallwaren.de\/metall\/wp-content\/uploads\/2023\/10\/cropped-RZ_Logo_dr_franke_metallwaren_Schloesser_Beschlaege_Scharniere.png","contentUrl":"https:\/\/dr-franke-metallwaren.de\/metall\/wp-content\/uploads\/2023\/10\/cropped-RZ_Logo_dr_franke_metallwaren_Schloesser_Beschlaege_Scharniere.png","width":279,"height":99,"caption":"Dr. Franke Metallwaren"},"image":{"@id":"https:\/\/dr-franke-metallwaren.de\/metall\/#\/schema\/logo\/image\/"}}]}},"_links":{"self":[{"href":"https:\/\/dr-franke-metallwaren.de\/metall\/wp-json\/wp\/v2\/product\/1815","targetHints":{"allow":["GET"]}}],"collection":[{"href":"https:\/\/dr-franke-metallwaren.de\/metall\/wp-json\/wp\/v2\/product"}],"about":[{"href":"https:\/\/dr-franke-metallwaren.de\/metall\/wp-json\/wp\/v2\/types\/product"}],"version-history":[{"count":8,"href":"https:\/\/dr-franke-metallwaren.de\/metall\/wp-json\/wp\/v2\/product\/1815\/revisions"}],"predecessor-version":[{"id":2478,"href":"https:\/\/dr-franke-metallwaren.de\/metall\/wp-json\/wp\/v2\/product\/1815\/revisions\/2478"}],"wp:featuredmedia":[{"embeddable":true,"href":"https:\/\/dr-franke-metallwaren.de\/metall\/wp-json\/wp\/v2\/media\/2012"}],"wp:attachment":[{"href":"https:\/\/dr-franke-metallwaren.de\/metall\/wp-json\/wp\/v2\/media?parent=1815"}],"wp:term":[{"taxonomy":"product_brand","embeddable":true,"href":"https:\/\/dr-franke-metallwaren.de\/metall\/wp-json\/wp\/v2\/product_brand?post=1815"},{"taxonomy":"product_cat","embeddable":true,"href":"https:\/\/dr-franke-metallwaren.de\/metall\/wp-json\/wp\/v2\/product_cat?post=1815"},{"taxonomy":"product_tag","embeddable":true,"href":"https:\/\/dr-franke-metallwaren.de\/metall\/wp-json\/wp\/v2\/product_tag?post=1815"}],"curies":[{"name":"wp","href":"https:\/\/api.w.org\/{rel}","templated":true}]}}