{"id":1588,"date":"2023-03-20T12:20:25","date_gmt":"2023-03-20T11:20:25","guid":{"rendered":"https:\/\/dr-franke-metallwaren.de\/metall\/?post_type=product&#038;p=1588"},"modified":"2023-10-04T16:26:30","modified_gmt":"2023-10-04T14:26:30","slug":"tongue-locks-g-0415","status":"publish","type":"product","link":"https:\/\/dr-franke-metallwaren.de\/metall\/produkt\/tongue-locks-g-0415\/?lang=en","title":{"rendered":"Tongue locks G-0415"},"content":{"rendered":"<p>&nbsp;<\/p>\n\n<table id=\"tablepress-23\" class=\"tablepress tablepress-id-23\">\n<thead>\n<tr class=\"row-1\">\n\t<th class=\"column-1\"><strong>Artikelbezeichnung <br \/>\nArticle description<\/strong><\/th><th class=\"column-2\"><strong>Artikelnummer <br \/>\nArticle number<\/strong><\/th><th class=\"column-3\"><strong>Ausf\u00fchrung<br \/>\nVersion<\/strong><\/th><th class=\"column-4\"><strong>Besonderheit<br \/>\nSpecial feature<\/strong><\/th><th class=\"column-5\"><strong>Ma\u00dfe HxBxT in mm<br \/>\nDimensions HxWxD in mm<\/strong><\/th>\n<\/tr>\n<\/thead>\n<tbody class=\"row-striping row-hover\">\n<tr class=\"row-2\">\n\t<td class=\"column-1\">Zungenschloss mit Treibriegel (Stangenschloss) LINKS  \/ <span style=\"color:#000000;\">Tongue lock with driving latch (bar lock) LEFT<\/span><\/td><td class=\"column-2\">G-0415 000<\/td><td class=\"column-3\">Stahl, verzinkt \/ Steel, Zinc plated<\/td><td class=\"column-4\">mit Federsperre \/ with spring lock,  Hub \/ Stroke 13.5 mm<\/td><td class=\"column-5\">155 x 33 x 17<\/td>\n<\/tr>\n<tr class=\"row-3\">\n\t<td class=\"column-1\">Zungenschloss mit Treibriegel (Stangenschloss) RECHTS  \/ <span style=\"color:#000000;\">Tongue lock with driving latch (bar lock) RIGHT<\/span><\/td><td class=\"column-2\">G-0416 000<\/td><td class=\"column-3\">Stahl, verzinkt \/ Steel, Zinc plated<\/td><td class=\"column-4\">mit Federsperre \/ with spring lock,  Hub \/ Stroke 13.5 mm<\/td><td class=\"column-5\">155 x 33 x 17<\/td>\n<\/tr>\n<\/tbody>\n<\/table>\n<!-- #tablepress-23 from cache -->\n<p>with spring lock.<\/p>\n","protected":false},"excerpt":{"rendered":"<p>Easy securing of doors \/ flaps, galvanised steel.<\/p>\n<ul>\n<li>With spring lock,<\/li>\n<li>Hub 13.5 mm<\/li>\n<li>Steel, zinc-plated<\/li>\n<\/ul>\n","protected":false},"featured_media":1615,"template":"","meta":[],"product_brand":[],"product_cat":[430],"product_tag":[346,345,344],"class_list":{"0":"post-1588","1":"product","2":"type-product","3":"status-publish","4":"has-post-thumbnail","6":"product_cat-tongue-locks-g-0415-en","7":"product_tag-bar-locks","8":"product_tag-square-tongue-lock","9":"product_tag-tongue-lock","11":"first","12":"instock","13":"shipping-taxable","14":"product-type-simple"},"yoast_head":"<!-- This site is optimized with the Yoast SEO plugin v27.3 - https:\/\/yoast.com\/product\/yoast-seo-wordpress\/ -->\n<title>Tongue locks G-0415 - Dr. Franke Metallwaren<\/title>\n<meta name=\"description\" content=\"Dr. Franke Metallwaren: Tongue locks 155 x 33 x 17 for vehicle construction.\" \/>\n<meta name=\"robots\" content=\"index, follow, max-snippet:-1, max-image-preview:large, max-video-preview:-1\" \/>\n<link rel=\"canonical\" href=\"https:\/\/dr-franke-metallwaren.de\/metall\/produkt\/tongue-locks-g-0415\/\" \/>\n<meta property=\"og:locale\" content=\"de_DE\" \/>\n<meta property=\"og:type\" content=\"article\" \/>\n<meta property=\"og:title\" content=\"Tongue locks G-0415 - Dr. Franke Metallwaren\" \/>\n<meta property=\"og:description\" content=\"Dr. Franke Metallwaren: Tongue locks 155 x 33 x 17 for vehicle construction.\" \/>\n<meta property=\"og:url\" content=\"https:\/\/dr-franke-metallwaren.de\/metall\/produkt\/tongue-locks-g-0415\/?lang=en\" \/>\n<meta property=\"og:site_name\" content=\"Dr. Franke Metallwaren\" \/>\n<meta property=\"article:modified_time\" content=\"2023-10-04T14:26:30+00:00\" \/>\n<meta property=\"og:image\" content=\"https:\/\/dr-franke-metallwaren.de\/metall\/wp-content\/uploads\/2023\/03\/G-0415-000.png\" \/>\n\t<meta property=\"og:image:width\" content=\"1200\" \/>\n\t<meta property=\"og:image:height\" content=\"1200\" \/>\n\t<meta property=\"og:image:type\" content=\"image\/png\" \/>\n<meta name=\"twitter:card\" content=\"summary_large_image\" \/>\n<meta name=\"twitter:label1\" content=\"Gesch\u00e4tzte Lesezeit\" \/>\n\t<meta name=\"twitter:data1\" content=\"1\u00a0Minute\" \/>\n<script type=\"application\/ld+json\" class=\"yoast-schema-graph\">{\"@context\":\"https:\\\/\\\/schema.org\",\"@graph\":[{\"@type\":\"WebPage\",\"@id\":\"https:\\\/\\\/dr-franke-metallwaren.de\\\/metall\\\/produkt\\\/tongue-locks-g-0415\\\/?lang=en\",\"url\":\"https:\\\/\\\/dr-franke-metallwaren.de\\\/metall\\\/produkt\\\/tongue-locks-g-0415\\\/?lang=en\",\"name\":\"Tongue locks G-0415 - Dr. Franke Metallwaren\",\"isPartOf\":{\"@id\":\"https:\\\/\\\/dr-franke-metallwaren.de\\\/metall\\\/#website\"},\"primaryImageOfPage\":{\"@id\":\"https:\\\/\\\/dr-franke-metallwaren.de\\\/metall\\\/produkt\\\/tongue-locks-g-0415\\\/?lang=en#primaryimage\"},\"image\":{\"@id\":\"https:\\\/\\\/dr-franke-metallwaren.de\\\/metall\\\/produkt\\\/tongue-locks-g-0415\\\/?lang=en#primaryimage\"},\"thumbnailUrl\":\"https:\\\/\\\/dr-franke-metallwaren.de\\\/metall\\\/wp-content\\\/uploads\\\/2023\\\/03\\\/G-0415-000.png\",\"datePublished\":\"2023-03-20T11:20:25+00:00\",\"dateModified\":\"2023-10-04T14:26:30+00:00\",\"description\":\"Dr. Franke Metallwaren: Tongue locks 155 x 33 x 17 for vehicle construction.\",\"breadcrumb\":{\"@id\":\"https:\\\/\\\/dr-franke-metallwaren.de\\\/metall\\\/produkt\\\/tongue-locks-g-0415\\\/?lang=en#breadcrumb\"},\"inLanguage\":\"de\",\"potentialAction\":[{\"@type\":\"ReadAction\",\"target\":[\"https:\\\/\\\/dr-franke-metallwaren.de\\\/metall\\\/produkt\\\/tongue-locks-g-0415\\\/?lang=en\"]}]},{\"@type\":\"ImageObject\",\"inLanguage\":\"de\",\"@id\":\"https:\\\/\\\/dr-franke-metallwaren.de\\\/metall\\\/produkt\\\/tongue-locks-g-0415\\\/?lang=en#primaryimage\",\"url\":\"https:\\\/\\\/dr-franke-metallwaren.de\\\/metall\\\/wp-content\\\/uploads\\\/2023\\\/03\\\/G-0415-000.png\",\"contentUrl\":\"https:\\\/\\\/dr-franke-metallwaren.de\\\/metall\\\/wp-content\\\/uploads\\\/2023\\\/03\\\/G-0415-000.png\",\"width\":1200,\"height\":1200},{\"@type\":\"BreadcrumbList\",\"@id\":\"https:\\\/\\\/dr-franke-metallwaren.de\\\/metall\\\/produkt\\\/tongue-locks-g-0415\\\/?lang=en#breadcrumb\",\"itemListElement\":[{\"@type\":\"ListItem\",\"position\":1,\"name\":\"Startseite\",\"item\":\"https:\\\/\\\/dr-franke-metallwaren.de\\\/metall\\\/\"},{\"@type\":\"ListItem\",\"position\":2,\"name\":\"Shop\",\"item\":\"https:\\\/\\\/dr-franke-metallwaren.de\\\/metall\\\/shop\\\/\"},{\"@type\":\"ListItem\",\"position\":3,\"name\":\"Tongue locks G-0415\"}]},{\"@type\":\"WebSite\",\"@id\":\"https:\\\/\\\/dr-franke-metallwaren.de\\\/metall\\\/#website\",\"url\":\"https:\\\/\\\/dr-franke-metallwaren.de\\\/metall\\\/\",\"name\":\"Dr. Franke Metallwaren\",\"description\":\"Schl\u00f6sser, Beschl\u00e4ge, Scharniere aus Remscheid sowie Pre\u00df-, Stanz- und Ziehteile aus NRW\",\"publisher\":{\"@id\":\"https:\\\/\\\/dr-franke-metallwaren.de\\\/metall\\\/#organization\"},\"potentialAction\":[{\"@type\":\"SearchAction\",\"target\":{\"@type\":\"EntryPoint\",\"urlTemplate\":\"https:\\\/\\\/dr-franke-metallwaren.de\\\/metall\\\/?s={search_term_string}\"},\"query-input\":{\"@type\":\"PropertyValueSpecification\",\"valueRequired\":true,\"valueName\":\"search_term_string\"}}],\"inLanguage\":\"de\"},{\"@type\":\"Organization\",\"@id\":\"https:\\\/\\\/dr-franke-metallwaren.de\\\/metall\\\/#organization\",\"name\":\"Dr. Franke Metallwaren\",\"url\":\"https:\\\/\\\/dr-franke-metallwaren.de\\\/metall\\\/\",\"logo\":{\"@type\":\"ImageObject\",\"inLanguage\":\"de\",\"@id\":\"https:\\\/\\\/dr-franke-metallwaren.de\\\/metall\\\/#\\\/schema\\\/logo\\\/image\\\/\",\"url\":\"https:\\\/\\\/dr-franke-metallwaren.de\\\/metall\\\/wp-content\\\/uploads\\\/2023\\\/10\\\/cropped-RZ_Logo_dr_franke_metallwaren_Schloesser_Beschlaege_Scharniere.png\",\"contentUrl\":\"https:\\\/\\\/dr-franke-metallwaren.de\\\/metall\\\/wp-content\\\/uploads\\\/2023\\\/10\\\/cropped-RZ_Logo_dr_franke_metallwaren_Schloesser_Beschlaege_Scharniere.png\",\"width\":279,\"height\":99,\"caption\":\"Dr. Franke Metallwaren\"},\"image\":{\"@id\":\"https:\\\/\\\/dr-franke-metallwaren.de\\\/metall\\\/#\\\/schema\\\/logo\\\/image\\\/\"}}]}<\/script>\n<!-- \/ Yoast SEO plugin. -->","yoast_head_json":{"title":"Tongue locks G-0415 - Dr. Franke Metallwaren","description":"Dr. Franke Metallwaren: Tongue locks 155 x 33 x 17 for vehicle construction.","robots":{"index":"index","follow":"follow","max-snippet":"max-snippet:-1","max-image-preview":"max-image-preview:large","max-video-preview":"max-video-preview:-1"},"canonical":"https:\/\/dr-franke-metallwaren.de\/metall\/produkt\/tongue-locks-g-0415\/","og_locale":"de_DE","og_type":"article","og_title":"Tongue locks G-0415 - Dr. Franke Metallwaren","og_description":"Dr. Franke Metallwaren: Tongue locks 155 x 33 x 17 for vehicle construction.","og_url":"https:\/\/dr-franke-metallwaren.de\/metall\/produkt\/tongue-locks-g-0415\/?lang=en","og_site_name":"Dr. Franke Metallwaren","article_modified_time":"2023-10-04T14:26:30+00:00","og_image":[{"width":1200,"height":1200,"url":"https:\/\/dr-franke-metallwaren.de\/metall\/wp-content\/uploads\/2023\/03\/G-0415-000.png","type":"image\/png"}],"twitter_card":"summary_large_image","twitter_misc":{"Gesch\u00e4tzte Lesezeit":"1\u00a0Minute"},"schema":{"@context":"https:\/\/schema.org","@graph":[{"@type":"WebPage","@id":"https:\/\/dr-franke-metallwaren.de\/metall\/produkt\/tongue-locks-g-0415\/?lang=en","url":"https:\/\/dr-franke-metallwaren.de\/metall\/produkt\/tongue-locks-g-0415\/?lang=en","name":"Tongue locks G-0415 - Dr. Franke Metallwaren","isPartOf":{"@id":"https:\/\/dr-franke-metallwaren.de\/metall\/#website"},"primaryImageOfPage":{"@id":"https:\/\/dr-franke-metallwaren.de\/metall\/produkt\/tongue-locks-g-0415\/?lang=en#primaryimage"},"image":{"@id":"https:\/\/dr-franke-metallwaren.de\/metall\/produkt\/tongue-locks-g-0415\/?lang=en#primaryimage"},"thumbnailUrl":"https:\/\/dr-franke-metallwaren.de\/metall\/wp-content\/uploads\/2023\/03\/G-0415-000.png","datePublished":"2023-03-20T11:20:25+00:00","dateModified":"2023-10-04T14:26:30+00:00","description":"Dr. Franke Metallwaren: Tongue locks 155 x 33 x 17 for vehicle construction.","breadcrumb":{"@id":"https:\/\/dr-franke-metallwaren.de\/metall\/produkt\/tongue-locks-g-0415\/?lang=en#breadcrumb"},"inLanguage":"de","potentialAction":[{"@type":"ReadAction","target":["https:\/\/dr-franke-metallwaren.de\/metall\/produkt\/tongue-locks-g-0415\/?lang=en"]}]},{"@type":"ImageObject","inLanguage":"de","@id":"https:\/\/dr-franke-metallwaren.de\/metall\/produkt\/tongue-locks-g-0415\/?lang=en#primaryimage","url":"https:\/\/dr-franke-metallwaren.de\/metall\/wp-content\/uploads\/2023\/03\/G-0415-000.png","contentUrl":"https:\/\/dr-franke-metallwaren.de\/metall\/wp-content\/uploads\/2023\/03\/G-0415-000.png","width":1200,"height":1200},{"@type":"BreadcrumbList","@id":"https:\/\/dr-franke-metallwaren.de\/metall\/produkt\/tongue-locks-g-0415\/?lang=en#breadcrumb","itemListElement":[{"@type":"ListItem","position":1,"name":"Startseite","item":"https:\/\/dr-franke-metallwaren.de\/metall\/"},{"@type":"ListItem","position":2,"name":"Shop","item":"https:\/\/dr-franke-metallwaren.de\/metall\/shop\/"},{"@type":"ListItem","position":3,"name":"Tongue locks G-0415"}]},{"@type":"WebSite","@id":"https:\/\/dr-franke-metallwaren.de\/metall\/#website","url":"https:\/\/dr-franke-metallwaren.de\/metall\/","name":"Dr. Franke Metallwaren","description":"Schl\u00f6sser, Beschl\u00e4ge, Scharniere aus Remscheid sowie Pre\u00df-, Stanz- und Ziehteile aus NRW","publisher":{"@id":"https:\/\/dr-franke-metallwaren.de\/metall\/#organization"},"potentialAction":[{"@type":"SearchAction","target":{"@type":"EntryPoint","urlTemplate":"https:\/\/dr-franke-metallwaren.de\/metall\/?s={search_term_string}"},"query-input":{"@type":"PropertyValueSpecification","valueRequired":true,"valueName":"search_term_string"}}],"inLanguage":"de"},{"@type":"Organization","@id":"https:\/\/dr-franke-metallwaren.de\/metall\/#organization","name":"Dr. Franke Metallwaren","url":"https:\/\/dr-franke-metallwaren.de\/metall\/","logo":{"@type":"ImageObject","inLanguage":"de","@id":"https:\/\/dr-franke-metallwaren.de\/metall\/#\/schema\/logo\/image\/","url":"https:\/\/dr-franke-metallwaren.de\/metall\/wp-content\/uploads\/2023\/10\/cropped-RZ_Logo_dr_franke_metallwaren_Schloesser_Beschlaege_Scharniere.png","contentUrl":"https:\/\/dr-franke-metallwaren.de\/metall\/wp-content\/uploads\/2023\/10\/cropped-RZ_Logo_dr_franke_metallwaren_Schloesser_Beschlaege_Scharniere.png","width":279,"height":99,"caption":"Dr. Franke Metallwaren"},"image":{"@id":"https:\/\/dr-franke-metallwaren.de\/metall\/#\/schema\/logo\/image\/"}}]}},"_links":{"self":[{"href":"https:\/\/dr-franke-metallwaren.de\/metall\/wp-json\/wp\/v2\/product\/1588","targetHints":{"allow":["GET"]}}],"collection":[{"href":"https:\/\/dr-franke-metallwaren.de\/metall\/wp-json\/wp\/v2\/product"}],"about":[{"href":"https:\/\/dr-franke-metallwaren.de\/metall\/wp-json\/wp\/v2\/types\/product"}],"version-history":[{"count":1,"href":"https:\/\/dr-franke-metallwaren.de\/metall\/wp-json\/wp\/v2\/product\/1588\/revisions"}],"predecessor-version":[{"id":1685,"href":"https:\/\/dr-franke-metallwaren.de\/metall\/wp-json\/wp\/v2\/product\/1588\/revisions\/1685"}],"wp:featuredmedia":[{"embeddable":true,"href":"https:\/\/dr-franke-metallwaren.de\/metall\/wp-json\/wp\/v2\/media\/1615"}],"wp:attachment":[{"href":"https:\/\/dr-franke-metallwaren.de\/metall\/wp-json\/wp\/v2\/media?parent=1588"}],"wp:term":[{"taxonomy":"product_brand","embeddable":true,"href":"https:\/\/dr-franke-metallwaren.de\/metall\/wp-json\/wp\/v2\/product_brand?post=1588"},{"taxonomy":"product_cat","embeddable":true,"href":"https:\/\/dr-franke-metallwaren.de\/metall\/wp-json\/wp\/v2\/product_cat?post=1588"},{"taxonomy":"product_tag","embeddable":true,"href":"https:\/\/dr-franke-metallwaren.de\/metall\/wp-json\/wp\/v2\/product_tag?post=1588"}],"curies":[{"name":"wp","href":"https:\/\/api.w.org\/{rel}","templated":true}]}}