{"id":1231,"date":"2022-11-21T16:49:08","date_gmt":"2022-11-21T15:49:08","guid":{"rendered":"https:\/\/dr-franke-metallwaren.de\/metall\/produkt\/bar-lock\/"},"modified":"2023-10-04T16:33:07","modified_gmt":"2023-10-04T14:33:07","slug":"bar-locks","status":"publish","type":"product","link":"https:\/\/dr-franke-metallwaren.de\/metall\/produkt\/bar-locks\/?lang=en","title":{"rendered":"Bar lock"},"content":{"rendered":"<p>&nbsp;<\/p>\n\n<table id=\"tablepress-5\" class=\"tablepress tablepress-id-5\">\n<thead>\n<tr class=\"row-1\">\n\t<th class=\"column-1\"><strong>Artikelbezeichnung <br \/>\nArticle description<\/strong><\/th><th class=\"column-2\"><strong>Artikelnummer <br \/>\nArticle number<\/strong><\/th><th class=\"column-3\"><strong>Ausf\u00fchrung<br \/>\nVersion<\/strong><\/th><th class=\"column-4\"><strong>Besonderheit<br \/>\nSpecial feature<\/strong><\/th><th class=\"column-5\"><strong>Ma\u00dfe HxBxT in mm<br \/>\nDimensions HxWxD in mm<\/strong><\/th>\n<\/tr>\n<\/thead>\n<tbody class=\"row-striping row-hover\">\n<tr class=\"row-2\">\n\t<td class=\"column-1\">Stangenschloss RE \/ Rod lock RIGHT<\/td><td class=\"column-2\">A-1706 000<\/td><td class=\"column-3\">Stahl, verzinkt \/ Steel, Zinc plated<\/td><td class=\"column-4\"><\/td><td class=\"column-5\">123 x 56 x 15<\/td>\n<\/tr>\n<tr class=\"row-3\">\n\t<td class=\"column-1\">Stangenschloss LI \/ Rod lock LEFT<\/td><td class=\"column-2\">A-1706 001<\/td><td class=\"column-3\">Stahl, verzinkt \/ Steel, Zinc plated<\/td><td class=\"column-4\"><\/td><td class=\"column-5\">123 x 56 x 15<\/td>\n<\/tr>\n<tr class=\"row-4\">\n\t<td class=\"column-1\">Stangenschloss LI \/ Rod lock LEFT, with latch<\/td><td class=\"column-2\">A-1706 003<\/td><td class=\"column-3\">Stahl, verzinkt \/ Steel, Zinc plated<\/td><td class=\"column-4\">Zus\u00e4tzliche Falle \/ Extra trap<\/td><td class=\"column-5\">123 x 56 x 15<\/td>\n<\/tr>\n<tr class=\"row-5\">\n\t<td class=\"column-1\">Stangenschloss RE, mit Mitnahmebolzen \/ Rod lock RIGHT with drive pin<\/td><td class=\"column-2\">A-1706 004<\/td><td class=\"column-3\">Stahl, verzinkt \/ Steel, Zinc plated<\/td><td class=\"column-4\">Mit Mitnahmebolzen auf den Riegeln \/ With driving bolt on the latches<\/td><td class=\"column-5\">123 x 56 x 15<\/td>\n<\/tr>\n<tr class=\"row-6\">\n\t<td class=\"column-1\">Stangenschloss RE, mit Mitnahmebolzen \/ Rod lock RIGHT with drive pin<\/td><td class=\"column-2\">A-1706 005<\/td><td class=\"column-3\">Stahl, verzinkt \/ Steel, Zinc plated<\/td><td class=\"column-4\">Mit Mitnahmebolzen auf den Riegeln \/ With driving bolt on the latches<\/td><td class=\"column-5\">123 x 56 x 15<\/td>\n<\/tr>\n<tr class=\"row-7\">\n\t<td class=\"column-1\">Stangenschloss LI mit Falle und  Mitnahmebolzen \/ Rod lock LEFT with latch and drive pin<\/td><td class=\"column-2\">A-1706 007<\/td><td class=\"column-3\">Stahl, verzinkt \/ Steel, Zinc plated<\/td><td class=\"column-4\">Zus\u00e4tzliche Falle und Mitnahmebolzen auf den Riegeln \/ Additional latch and driving bolt on the latches<\/td><td class=\"column-5\">123 x 56 x 15<\/td>\n<\/tr>\n<tr class=\"row-8\">\n\t<td class=\"column-1\"><\/td><td class=\"column-2\"><\/td><td class=\"column-3\"><\/td><td class=\"column-4\"><\/td><td class=\"column-5\"><\/td>\n<\/tr>\n<tr class=\"row-9\">\n\t<td class=\"column-1\"><strong>Zubeh\u00f6r:  \/ Accessories:<\/strong><\/td><td class=\"column-2\"><\/td><td class=\"column-3\"><\/td><td class=\"column-4\"><\/td><td class=\"column-5\"><\/td>\n<\/tr>\n<tr class=\"row-10\">\n\t<td class=\"column-1\"><\/td><td class=\"column-2\">Zugstangen \/ <br \/>\nTie rods <br \/>\nSTA 040 und STA 041<\/td><td class=\"column-3\"><\/td><td class=\"column-4\"><\/td><td class=\"column-5\"><\/td>\n<\/tr>\n<tr class=\"row-11\">\n\t<td class=\"column-1\"><\/td><td class=\"column-2\">F\u00fchrung F\u00dc 023; Platte PL 072 \/ <br \/>\nGuide part F\u00dc 023; plate PL 072<\/td><td class=\"column-3\"><\/td><td class=\"column-4\"><\/td><td class=\"column-5\"><\/td>\n<\/tr>\n<tr class=\"row-12\">\n\t<td class=\"column-1\"><\/td><td class=\"column-2\">Federriegel klein aus der A-1718 Baureihe \/ Spring catch small from A-1718 series<\/td><td class=\"column-3\"><\/td><td class=\"column-4\"><\/td><td class=\"column-5\"><\/td>\n<\/tr>\n<\/tbody>\n<\/table>\n<!-- #tablepress-5 from cache -->\n","protected":false},"excerpt":{"rendered":"<p>Bar locks with or without latch<\/p>\n<ul>\n<li>Depending on the version, with driving pins on the bolts<\/li>\n<li>Steel, zinc plated<\/li>\n<li>Left or right version (see table)<\/li>\n<li>Select extra drawbar<\/li>\n<li>Choose extra guidance<\/li>\n<\/ul>\n","protected":false},"featured_media":710,"template":"","meta":[],"product_brand":[],"product_cat":[428],"product_tag":[314],"class_list":{"0":"post-1231","1":"product","2":"type-product","3":"status-publish","4":"has-post-thumbnail","6":"product_cat-bar-locks-2","7":"product_tag-bar-lock","9":"first","10":"instock","11":"shipping-taxable","12":"product-type-simple"},"yoast_head":"<!-- This site is optimized with the Yoast SEO plugin v27.4 - https:\/\/yoast.com\/product\/yoast-seo-wordpress\/ -->\n<title>Bar lock - Dr. Franke Metallwaren<\/title>\n<meta name=\"description\" content=\"Bar locks with or without latch, depending on the version with driving bolts on the bolts\" \/>\n<meta name=\"robots\" content=\"index, follow, max-snippet:-1, max-image-preview:large, max-video-preview:-1\" \/>\n<link rel=\"canonical\" href=\"https:\/\/dr-franke-metallwaren.de\/metall\/produkt\/bar-locks\/\" \/>\n<meta property=\"og:locale\" content=\"de_DE\" \/>\n<meta property=\"og:type\" content=\"article\" \/>\n<meta property=\"og:title\" content=\"Bar lock - Dr. Franke Metallwaren\" \/>\n<meta property=\"og:description\" content=\"Bar locks with or without latch, depending on the version with driving bolts on the bolts\" \/>\n<meta property=\"og:url\" content=\"https:\/\/dr-franke-metallwaren.de\/metall\/produkt\/bar-locks\/?lang=en\" \/>\n<meta property=\"og:site_name\" content=\"Dr. Franke Metallwaren\" \/>\n<meta property=\"article:modified_time\" content=\"2023-10-04T14:33:07+00:00\" \/>\n<meta property=\"og:image\" content=\"https:\/\/dr-franke-metallwaren.de\/metall\/wp-content\/uploads\/2022\/11\/A-1706-000-001-SF-ZB-Stangenschloss.png\" \/>\n\t<meta property=\"og:image:width\" content=\"1200\" \/>\n\t<meta property=\"og:image:height\" content=\"1200\" \/>\n\t<meta property=\"og:image:type\" content=\"image\/png\" \/>\n<meta name=\"twitter:card\" content=\"summary_large_image\" \/>\n<meta name=\"twitter:label1\" content=\"Gesch\u00e4tzte Lesezeit\" \/>\n\t<meta name=\"twitter:data1\" content=\"1\u00a0Minute\" \/>\n<script type=\"application\/ld+json\" class=\"yoast-schema-graph\">{\"@context\":\"https:\\\/\\\/schema.org\",\"@graph\":[{\"@type\":\"WebPage\",\"@id\":\"https:\\\/\\\/dr-franke-metallwaren.de\\\/metall\\\/produkt\\\/bar-locks\\\/?lang=en\",\"url\":\"https:\\\/\\\/dr-franke-metallwaren.de\\\/metall\\\/produkt\\\/bar-locks\\\/?lang=en\",\"name\":\"Bar lock - Dr. Franke Metallwaren\",\"isPartOf\":{\"@id\":\"https:\\\/\\\/dr-franke-metallwaren.de\\\/metall\\\/#website\"},\"primaryImageOfPage\":{\"@id\":\"https:\\\/\\\/dr-franke-metallwaren.de\\\/metall\\\/produkt\\\/bar-locks\\\/?lang=en#primaryimage\"},\"image\":{\"@id\":\"https:\\\/\\\/dr-franke-metallwaren.de\\\/metall\\\/produkt\\\/bar-locks\\\/?lang=en#primaryimage\"},\"thumbnailUrl\":\"https:\\\/\\\/dr-franke-metallwaren.de\\\/metall\\\/wp-content\\\/uploads\\\/2022\\\/11\\\/A-1706-000-001-SF-ZB-Stangenschloss.png\",\"datePublished\":\"2022-11-21T15:49:08+00:00\",\"dateModified\":\"2023-10-04T14:33:07+00:00\",\"description\":\"Bar locks with or without latch, depending on the version with driving bolts on the bolts\",\"breadcrumb\":{\"@id\":\"https:\\\/\\\/dr-franke-metallwaren.de\\\/metall\\\/produkt\\\/bar-locks\\\/?lang=en#breadcrumb\"},\"inLanguage\":\"de\",\"potentialAction\":[{\"@type\":\"ReadAction\",\"target\":[\"https:\\\/\\\/dr-franke-metallwaren.de\\\/metall\\\/produkt\\\/bar-locks\\\/?lang=en\"]}]},{\"@type\":\"ImageObject\",\"inLanguage\":\"de\",\"@id\":\"https:\\\/\\\/dr-franke-metallwaren.de\\\/metall\\\/produkt\\\/bar-locks\\\/?lang=en#primaryimage\",\"url\":\"https:\\\/\\\/dr-franke-metallwaren.de\\\/metall\\\/wp-content\\\/uploads\\\/2022\\\/11\\\/A-1706-000-001-SF-ZB-Stangenschloss.png\",\"contentUrl\":\"https:\\\/\\\/dr-franke-metallwaren.de\\\/metall\\\/wp-content\\\/uploads\\\/2022\\\/11\\\/A-1706-000-001-SF-ZB-Stangenschloss.png\",\"width\":1200,\"height\":1200},{\"@type\":\"BreadcrumbList\",\"@id\":\"https:\\\/\\\/dr-franke-metallwaren.de\\\/metall\\\/produkt\\\/bar-locks\\\/?lang=en#breadcrumb\",\"itemListElement\":[{\"@type\":\"ListItem\",\"position\":1,\"name\":\"Startseite\",\"item\":\"https:\\\/\\\/dr-franke-metallwaren.de\\\/metall\\\/\"},{\"@type\":\"ListItem\",\"position\":2,\"name\":\"Shop\",\"item\":\"https:\\\/\\\/dr-franke-metallwaren.de\\\/metall\\\/shop\\\/\"},{\"@type\":\"ListItem\",\"position\":3,\"name\":\"Bar lock\"}]},{\"@type\":\"WebSite\",\"@id\":\"https:\\\/\\\/dr-franke-metallwaren.de\\\/metall\\\/#website\",\"url\":\"https:\\\/\\\/dr-franke-metallwaren.de\\\/metall\\\/\",\"name\":\"Dr. Franke Metallwaren\",\"description\":\"Schl\u00f6sser, Beschl\u00e4ge, Scharniere aus Remscheid sowie Pre\u00df-, Stanz- und Ziehteile aus NRW\",\"publisher\":{\"@id\":\"https:\\\/\\\/dr-franke-metallwaren.de\\\/metall\\\/#organization\"},\"potentialAction\":[{\"@type\":\"SearchAction\",\"target\":{\"@type\":\"EntryPoint\",\"urlTemplate\":\"https:\\\/\\\/dr-franke-metallwaren.de\\\/metall\\\/?s={search_term_string}\"},\"query-input\":{\"@type\":\"PropertyValueSpecification\",\"valueRequired\":true,\"valueName\":\"search_term_string\"}}],\"inLanguage\":\"de\"},{\"@type\":\"Organization\",\"@id\":\"https:\\\/\\\/dr-franke-metallwaren.de\\\/metall\\\/#organization\",\"name\":\"Dr. Franke Metallwaren\",\"url\":\"https:\\\/\\\/dr-franke-metallwaren.de\\\/metall\\\/\",\"logo\":{\"@type\":\"ImageObject\",\"inLanguage\":\"de\",\"@id\":\"https:\\\/\\\/dr-franke-metallwaren.de\\\/metall\\\/#\\\/schema\\\/logo\\\/image\\\/\",\"url\":\"https:\\\/\\\/dr-franke-metallwaren.de\\\/metall\\\/wp-content\\\/uploads\\\/2023\\\/10\\\/cropped-RZ_Logo_dr_franke_metallwaren_Schloesser_Beschlaege_Scharniere.png\",\"contentUrl\":\"https:\\\/\\\/dr-franke-metallwaren.de\\\/metall\\\/wp-content\\\/uploads\\\/2023\\\/10\\\/cropped-RZ_Logo_dr_franke_metallwaren_Schloesser_Beschlaege_Scharniere.png\",\"width\":279,\"height\":99,\"caption\":\"Dr. Franke Metallwaren\"},\"image\":{\"@id\":\"https:\\\/\\\/dr-franke-metallwaren.de\\\/metall\\\/#\\\/schema\\\/logo\\\/image\\\/\"}}]}<\/script>\n<!-- \/ Yoast SEO plugin. -->","yoast_head_json":{"title":"Bar lock - Dr. Franke Metallwaren","description":"Bar locks with or without latch, depending on the version with driving bolts on the bolts","robots":{"index":"index","follow":"follow","max-snippet":"max-snippet:-1","max-image-preview":"max-image-preview:large","max-video-preview":"max-video-preview:-1"},"canonical":"https:\/\/dr-franke-metallwaren.de\/metall\/produkt\/bar-locks\/","og_locale":"de_DE","og_type":"article","og_title":"Bar lock - Dr. Franke Metallwaren","og_description":"Bar locks with or without latch, depending on the version with driving bolts on the bolts","og_url":"https:\/\/dr-franke-metallwaren.de\/metall\/produkt\/bar-locks\/?lang=en","og_site_name":"Dr. Franke Metallwaren","article_modified_time":"2023-10-04T14:33:07+00:00","og_image":[{"width":1200,"height":1200,"url":"https:\/\/dr-franke-metallwaren.de\/metall\/wp-content\/uploads\/2022\/11\/A-1706-000-001-SF-ZB-Stangenschloss.png","type":"image\/png"}],"twitter_card":"summary_large_image","twitter_misc":{"Gesch\u00e4tzte Lesezeit":"1\u00a0Minute"},"schema":{"@context":"https:\/\/schema.org","@graph":[{"@type":"WebPage","@id":"https:\/\/dr-franke-metallwaren.de\/metall\/produkt\/bar-locks\/?lang=en","url":"https:\/\/dr-franke-metallwaren.de\/metall\/produkt\/bar-locks\/?lang=en","name":"Bar lock - Dr. Franke Metallwaren","isPartOf":{"@id":"https:\/\/dr-franke-metallwaren.de\/metall\/#website"},"primaryImageOfPage":{"@id":"https:\/\/dr-franke-metallwaren.de\/metall\/produkt\/bar-locks\/?lang=en#primaryimage"},"image":{"@id":"https:\/\/dr-franke-metallwaren.de\/metall\/produkt\/bar-locks\/?lang=en#primaryimage"},"thumbnailUrl":"https:\/\/dr-franke-metallwaren.de\/metall\/wp-content\/uploads\/2022\/11\/A-1706-000-001-SF-ZB-Stangenschloss.png","datePublished":"2022-11-21T15:49:08+00:00","dateModified":"2023-10-04T14:33:07+00:00","description":"Bar locks with or without latch, depending on the version with driving bolts on the bolts","breadcrumb":{"@id":"https:\/\/dr-franke-metallwaren.de\/metall\/produkt\/bar-locks\/?lang=en#breadcrumb"},"inLanguage":"de","potentialAction":[{"@type":"ReadAction","target":["https:\/\/dr-franke-metallwaren.de\/metall\/produkt\/bar-locks\/?lang=en"]}]},{"@type":"ImageObject","inLanguage":"de","@id":"https:\/\/dr-franke-metallwaren.de\/metall\/produkt\/bar-locks\/?lang=en#primaryimage","url":"https:\/\/dr-franke-metallwaren.de\/metall\/wp-content\/uploads\/2022\/11\/A-1706-000-001-SF-ZB-Stangenschloss.png","contentUrl":"https:\/\/dr-franke-metallwaren.de\/metall\/wp-content\/uploads\/2022\/11\/A-1706-000-001-SF-ZB-Stangenschloss.png","width":1200,"height":1200},{"@type":"BreadcrumbList","@id":"https:\/\/dr-franke-metallwaren.de\/metall\/produkt\/bar-locks\/?lang=en#breadcrumb","itemListElement":[{"@type":"ListItem","position":1,"name":"Startseite","item":"https:\/\/dr-franke-metallwaren.de\/metall\/"},{"@type":"ListItem","position":2,"name":"Shop","item":"https:\/\/dr-franke-metallwaren.de\/metall\/shop\/"},{"@type":"ListItem","position":3,"name":"Bar lock"}]},{"@type":"WebSite","@id":"https:\/\/dr-franke-metallwaren.de\/metall\/#website","url":"https:\/\/dr-franke-metallwaren.de\/metall\/","name":"Dr. Franke Metallwaren","description":"Schl\u00f6sser, Beschl\u00e4ge, Scharniere aus Remscheid sowie Pre\u00df-, Stanz- und Ziehteile aus NRW","publisher":{"@id":"https:\/\/dr-franke-metallwaren.de\/metall\/#organization"},"potentialAction":[{"@type":"SearchAction","target":{"@type":"EntryPoint","urlTemplate":"https:\/\/dr-franke-metallwaren.de\/metall\/?s={search_term_string}"},"query-input":{"@type":"PropertyValueSpecification","valueRequired":true,"valueName":"search_term_string"}}],"inLanguage":"de"},{"@type":"Organization","@id":"https:\/\/dr-franke-metallwaren.de\/metall\/#organization","name":"Dr. Franke Metallwaren","url":"https:\/\/dr-franke-metallwaren.de\/metall\/","logo":{"@type":"ImageObject","inLanguage":"de","@id":"https:\/\/dr-franke-metallwaren.de\/metall\/#\/schema\/logo\/image\/","url":"https:\/\/dr-franke-metallwaren.de\/metall\/wp-content\/uploads\/2023\/10\/cropped-RZ_Logo_dr_franke_metallwaren_Schloesser_Beschlaege_Scharniere.png","contentUrl":"https:\/\/dr-franke-metallwaren.de\/metall\/wp-content\/uploads\/2023\/10\/cropped-RZ_Logo_dr_franke_metallwaren_Schloesser_Beschlaege_Scharniere.png","width":279,"height":99,"caption":"Dr. Franke Metallwaren"},"image":{"@id":"https:\/\/dr-franke-metallwaren.de\/metall\/#\/schema\/logo\/image\/"}}]}},"_links":{"self":[{"href":"https:\/\/dr-franke-metallwaren.de\/metall\/wp-json\/wp\/v2\/product\/1231","targetHints":{"allow":["GET"]}}],"collection":[{"href":"https:\/\/dr-franke-metallwaren.de\/metall\/wp-json\/wp\/v2\/product"}],"about":[{"href":"https:\/\/dr-franke-metallwaren.de\/metall\/wp-json\/wp\/v2\/types\/product"}],"version-history":[{"count":1,"href":"https:\/\/dr-franke-metallwaren.de\/metall\/wp-json\/wp\/v2\/product\/1231\/revisions"}],"predecessor-version":[{"id":1677,"href":"https:\/\/dr-franke-metallwaren.de\/metall\/wp-json\/wp\/v2\/product\/1231\/revisions\/1677"}],"wp:featuredmedia":[{"embeddable":true,"href":"https:\/\/dr-franke-metallwaren.de\/metall\/wp-json\/wp\/v2\/media\/710"}],"wp:attachment":[{"href":"https:\/\/dr-franke-metallwaren.de\/metall\/wp-json\/wp\/v2\/media?parent=1231"}],"wp:term":[{"taxonomy":"product_brand","embeddable":true,"href":"https:\/\/dr-franke-metallwaren.de\/metall\/wp-json\/wp\/v2\/product_brand?post=1231"},{"taxonomy":"product_cat","embeddable":true,"href":"https:\/\/dr-franke-metallwaren.de\/metall\/wp-json\/wp\/v2\/product_cat?post=1231"},{"taxonomy":"product_tag","embeddable":true,"href":"https:\/\/dr-franke-metallwaren.de\/metall\/wp-json\/wp\/v2\/product_tag?post=1231"}],"curies":[{"name":"wp","href":"https:\/\/api.w.org\/{rel}","templated":true}]}}