{"id":1229,"date":"2022-11-22T14:13:04","date_gmt":"2022-11-22T13:13:04","guid":{"rendered":"https:\/\/dr-franke-metallwaren.de\/metall\/produkt\/bolt-lock\/"},"modified":"2023-03-23T15:46:49","modified_gmt":"2023-03-23T14:46:49","slug":"bolt-lock","status":"publish","type":"product","link":"https:\/\/dr-franke-metallwaren.de\/metall\/produkt\/bolt-lock\/?lang=en","title":{"rendered":"Bolt lock"},"content":{"rendered":"<p>&nbsp;<\/p>\n\n<table id=\"tablepress-7\" class=\"tablepress tablepress-id-7\">\n<thead>\n<tr class=\"row-1\">\n\t<th class=\"column-1\"><strong>Artikelbezeichnung <br \/>\nArticle description<\/strong><\/th><th class=\"column-2\"><strong>Artikelnummer <br \/>\nArticle number<\/strong><\/th><th class=\"column-3\"><strong>Ausf\u00fchrung<br \/>\nVersion<\/strong><\/th><th class=\"column-4\"><strong>Besonderheit<br \/>\nSpecial feature<\/strong><\/th><th class=\"column-5\"><strong>Ma\u00dfe HxBxT in mm<br \/>\nDimensions HxWxD in mm<\/strong><\/th>\n<\/tr>\n<\/thead>\n<tbody class=\"row-striping row-hover\">\n<tr class=\"row-2\">\n\t<td class=\"column-1\">Riegelverschluss \/ <span style=\"color:#000000;\">Bolt latch<\/span><\/td><td class=\"column-2\">A-1710 000<\/td><td class=\"column-3\">Stahl, verzinkt \/ Steel, Zinc plated<\/td><td class=\"column-4\">L\u00e4nge \/ Length: 178mm<\/td><td class=\"column-5\">120 x 40 x 16,5<\/td>\n<\/tr>\n<\/tbody>\n<\/table>\n<!-- #tablepress-7 from cache -->\n","protected":false},"excerpt":{"rendered":"<p>Bolt lock<\/p>\n<ul>\n<li>Flexible positioning<\/li>\n<li>Steel, zinc plated<\/li>\n<li>Maximum assembly and maintenance friendliness<\/li>\n<li>Suitable for almost any application<\/li>\n<\/ul>\n","protected":false},"featured_media":784,"template":"","meta":[],"product_brand":[],"product_cat":[426,25],"product_tag":[304,311,312,313],"class_list":{"0":"post-1229","1":"product","2":"type-product","3":"status-publish","4":"has-post-thumbnail","6":"product_cat-latch-fasteners","7":"product_cat-unkategorisiert","8":"product_tag-bolt-latch-bolt-latch","9":"product_tag-door-bolt","10":"product_tag-gate-bolt","11":"product_tag-lock-bolt","13":"first","14":"instock","15":"shipping-taxable","16":"product-type-simple"},"yoast_head":"<!-- This site is optimized with the Yoast SEO plugin v27.4 - https:\/\/yoast.com\/product\/yoast-seo-wordpress\/ -->\n<title>Bolt lock - Dr. Franke Metallwaren<\/title>\n<meta name=\"description\" content=\"Dr. Franke bolt locks for maximum ease of assembly and maintenance. Can be used almost everywhere.\" \/>\n<meta name=\"robots\" content=\"index, follow, max-snippet:-1, max-image-preview:large, max-video-preview:-1\" \/>\n<link rel=\"canonical\" href=\"https:\/\/dr-franke-metallwaren.de\/metall\/produkt\/bolt-lock\/\" \/>\n<meta property=\"og:locale\" content=\"de_DE\" \/>\n<meta property=\"og:type\" content=\"article\" \/>\n<meta property=\"og:title\" content=\"Bolt lock - Dr. Franke Metallwaren\" \/>\n<meta property=\"og:description\" content=\"Dr. Franke bolt locks for maximum ease of assembly and maintenance. Can be used almost everywhere.\" \/>\n<meta property=\"og:url\" content=\"https:\/\/dr-franke-metallwaren.de\/metall\/produkt\/bolt-lock\/?lang=en\" \/>\n<meta property=\"og:site_name\" content=\"Dr. Franke Metallwaren\" \/>\n<meta property=\"article:modified_time\" content=\"2023-03-23T14:46:49+00:00\" \/>\n<meta property=\"og:image\" content=\"https:\/\/dr-franke-metallwaren.de\/metall\/wp-content\/uploads\/2022\/11\/A-1710-000-01-SF-Riegelverschluss.png\" \/>\n\t<meta property=\"og:image:width\" content=\"1200\" \/>\n\t<meta property=\"og:image:height\" content=\"1200\" \/>\n\t<meta property=\"og:image:type\" content=\"image\/png\" \/>\n<meta name=\"twitter:card\" content=\"summary_large_image\" \/>\n<script type=\"application\/ld+json\" class=\"yoast-schema-graph\">{\"@context\":\"https:\\\/\\\/schema.org\",\"@graph\":[{\"@type\":\"WebPage\",\"@id\":\"https:\\\/\\\/dr-franke-metallwaren.de\\\/metall\\\/produkt\\\/bolt-lock\\\/?lang=en\",\"url\":\"https:\\\/\\\/dr-franke-metallwaren.de\\\/metall\\\/produkt\\\/bolt-lock\\\/?lang=en\",\"name\":\"Bolt lock - Dr. Franke Metallwaren\",\"isPartOf\":{\"@id\":\"https:\\\/\\\/dr-franke-metallwaren.de\\\/metall\\\/#website\"},\"primaryImageOfPage\":{\"@id\":\"https:\\\/\\\/dr-franke-metallwaren.de\\\/metall\\\/produkt\\\/bolt-lock\\\/?lang=en#primaryimage\"},\"image\":{\"@id\":\"https:\\\/\\\/dr-franke-metallwaren.de\\\/metall\\\/produkt\\\/bolt-lock\\\/?lang=en#primaryimage\"},\"thumbnailUrl\":\"https:\\\/\\\/dr-franke-metallwaren.de\\\/metall\\\/wp-content\\\/uploads\\\/2022\\\/11\\\/A-1710-000-01-SF-Riegelverschluss.png\",\"datePublished\":\"2022-11-22T13:13:04+00:00\",\"dateModified\":\"2023-03-23T14:46:49+00:00\",\"description\":\"Dr. Franke bolt locks for maximum ease of assembly and maintenance. Can be used almost everywhere.\",\"breadcrumb\":{\"@id\":\"https:\\\/\\\/dr-franke-metallwaren.de\\\/metall\\\/produkt\\\/bolt-lock\\\/?lang=en#breadcrumb\"},\"inLanguage\":\"de\",\"potentialAction\":[{\"@type\":\"ReadAction\",\"target\":[\"https:\\\/\\\/dr-franke-metallwaren.de\\\/metall\\\/produkt\\\/bolt-lock\\\/?lang=en\"]}]},{\"@type\":\"ImageObject\",\"inLanguage\":\"de\",\"@id\":\"https:\\\/\\\/dr-franke-metallwaren.de\\\/metall\\\/produkt\\\/bolt-lock\\\/?lang=en#primaryimage\",\"url\":\"https:\\\/\\\/dr-franke-metallwaren.de\\\/metall\\\/wp-content\\\/uploads\\\/2022\\\/11\\\/A-1710-000-01-SF-Riegelverschluss.png\",\"contentUrl\":\"https:\\\/\\\/dr-franke-metallwaren.de\\\/metall\\\/wp-content\\\/uploads\\\/2022\\\/11\\\/A-1710-000-01-SF-Riegelverschluss.png\",\"width\":1200,\"height\":1200},{\"@type\":\"BreadcrumbList\",\"@id\":\"https:\\\/\\\/dr-franke-metallwaren.de\\\/metall\\\/produkt\\\/bolt-lock\\\/?lang=en#breadcrumb\",\"itemListElement\":[{\"@type\":\"ListItem\",\"position\":1,\"name\":\"Startseite\",\"item\":\"https:\\\/\\\/dr-franke-metallwaren.de\\\/metall\\\/\"},{\"@type\":\"ListItem\",\"position\":2,\"name\":\"Shop\",\"item\":\"https:\\\/\\\/dr-franke-metallwaren.de\\\/metall\\\/shop\\\/\"},{\"@type\":\"ListItem\",\"position\":3,\"name\":\"Bolt lock\"}]},{\"@type\":\"WebSite\",\"@id\":\"https:\\\/\\\/dr-franke-metallwaren.de\\\/metall\\\/#website\",\"url\":\"https:\\\/\\\/dr-franke-metallwaren.de\\\/metall\\\/\",\"name\":\"Dr. Franke Metallwaren\",\"description\":\"Schl\u00f6sser, Beschl\u00e4ge, Scharniere aus Remscheid sowie Pre\u00df-, Stanz- und Ziehteile aus NRW\",\"publisher\":{\"@id\":\"https:\\\/\\\/dr-franke-metallwaren.de\\\/metall\\\/#organization\"},\"potentialAction\":[{\"@type\":\"SearchAction\",\"target\":{\"@type\":\"EntryPoint\",\"urlTemplate\":\"https:\\\/\\\/dr-franke-metallwaren.de\\\/metall\\\/?s={search_term_string}\"},\"query-input\":{\"@type\":\"PropertyValueSpecification\",\"valueRequired\":true,\"valueName\":\"search_term_string\"}}],\"inLanguage\":\"de\"},{\"@type\":\"Organization\",\"@id\":\"https:\\\/\\\/dr-franke-metallwaren.de\\\/metall\\\/#organization\",\"name\":\"Dr. Franke Metallwaren\",\"url\":\"https:\\\/\\\/dr-franke-metallwaren.de\\\/metall\\\/\",\"logo\":{\"@type\":\"ImageObject\",\"inLanguage\":\"de\",\"@id\":\"https:\\\/\\\/dr-franke-metallwaren.de\\\/metall\\\/#\\\/schema\\\/logo\\\/image\\\/\",\"url\":\"https:\\\/\\\/dr-franke-metallwaren.de\\\/metall\\\/wp-content\\\/uploads\\\/2023\\\/10\\\/cropped-RZ_Logo_dr_franke_metallwaren_Schloesser_Beschlaege_Scharniere.png\",\"contentUrl\":\"https:\\\/\\\/dr-franke-metallwaren.de\\\/metall\\\/wp-content\\\/uploads\\\/2023\\\/10\\\/cropped-RZ_Logo_dr_franke_metallwaren_Schloesser_Beschlaege_Scharniere.png\",\"width\":279,\"height\":99,\"caption\":\"Dr. Franke Metallwaren\"},\"image\":{\"@id\":\"https:\\\/\\\/dr-franke-metallwaren.de\\\/metall\\\/#\\\/schema\\\/logo\\\/image\\\/\"}}]}<\/script>\n<!-- \/ Yoast SEO plugin. -->","yoast_head_json":{"title":"Bolt lock - Dr. Franke Metallwaren","description":"Dr. Franke bolt locks for maximum ease of assembly and maintenance. Can be used almost everywhere.","robots":{"index":"index","follow":"follow","max-snippet":"max-snippet:-1","max-image-preview":"max-image-preview:large","max-video-preview":"max-video-preview:-1"},"canonical":"https:\/\/dr-franke-metallwaren.de\/metall\/produkt\/bolt-lock\/","og_locale":"de_DE","og_type":"article","og_title":"Bolt lock - Dr. Franke Metallwaren","og_description":"Dr. Franke bolt locks for maximum ease of assembly and maintenance. Can be used almost everywhere.","og_url":"https:\/\/dr-franke-metallwaren.de\/metall\/produkt\/bolt-lock\/?lang=en","og_site_name":"Dr. Franke Metallwaren","article_modified_time":"2023-03-23T14:46:49+00:00","og_image":[{"width":1200,"height":1200,"url":"https:\/\/dr-franke-metallwaren.de\/metall\/wp-content\/uploads\/2022\/11\/A-1710-000-01-SF-Riegelverschluss.png","type":"image\/png"}],"twitter_card":"summary_large_image","schema":{"@context":"https:\/\/schema.org","@graph":[{"@type":"WebPage","@id":"https:\/\/dr-franke-metallwaren.de\/metall\/produkt\/bolt-lock\/?lang=en","url":"https:\/\/dr-franke-metallwaren.de\/metall\/produkt\/bolt-lock\/?lang=en","name":"Bolt lock - Dr. Franke Metallwaren","isPartOf":{"@id":"https:\/\/dr-franke-metallwaren.de\/metall\/#website"},"primaryImageOfPage":{"@id":"https:\/\/dr-franke-metallwaren.de\/metall\/produkt\/bolt-lock\/?lang=en#primaryimage"},"image":{"@id":"https:\/\/dr-franke-metallwaren.de\/metall\/produkt\/bolt-lock\/?lang=en#primaryimage"},"thumbnailUrl":"https:\/\/dr-franke-metallwaren.de\/metall\/wp-content\/uploads\/2022\/11\/A-1710-000-01-SF-Riegelverschluss.png","datePublished":"2022-11-22T13:13:04+00:00","dateModified":"2023-03-23T14:46:49+00:00","description":"Dr. Franke bolt locks for maximum ease of assembly and maintenance. Can be used almost everywhere.","breadcrumb":{"@id":"https:\/\/dr-franke-metallwaren.de\/metall\/produkt\/bolt-lock\/?lang=en#breadcrumb"},"inLanguage":"de","potentialAction":[{"@type":"ReadAction","target":["https:\/\/dr-franke-metallwaren.de\/metall\/produkt\/bolt-lock\/?lang=en"]}]},{"@type":"ImageObject","inLanguage":"de","@id":"https:\/\/dr-franke-metallwaren.de\/metall\/produkt\/bolt-lock\/?lang=en#primaryimage","url":"https:\/\/dr-franke-metallwaren.de\/metall\/wp-content\/uploads\/2022\/11\/A-1710-000-01-SF-Riegelverschluss.png","contentUrl":"https:\/\/dr-franke-metallwaren.de\/metall\/wp-content\/uploads\/2022\/11\/A-1710-000-01-SF-Riegelverschluss.png","width":1200,"height":1200},{"@type":"BreadcrumbList","@id":"https:\/\/dr-franke-metallwaren.de\/metall\/produkt\/bolt-lock\/?lang=en#breadcrumb","itemListElement":[{"@type":"ListItem","position":1,"name":"Startseite","item":"https:\/\/dr-franke-metallwaren.de\/metall\/"},{"@type":"ListItem","position":2,"name":"Shop","item":"https:\/\/dr-franke-metallwaren.de\/metall\/shop\/"},{"@type":"ListItem","position":3,"name":"Bolt lock"}]},{"@type":"WebSite","@id":"https:\/\/dr-franke-metallwaren.de\/metall\/#website","url":"https:\/\/dr-franke-metallwaren.de\/metall\/","name":"Dr. Franke Metallwaren","description":"Schl\u00f6sser, Beschl\u00e4ge, Scharniere aus Remscheid sowie Pre\u00df-, Stanz- und Ziehteile aus NRW","publisher":{"@id":"https:\/\/dr-franke-metallwaren.de\/metall\/#organization"},"potentialAction":[{"@type":"SearchAction","target":{"@type":"EntryPoint","urlTemplate":"https:\/\/dr-franke-metallwaren.de\/metall\/?s={search_term_string}"},"query-input":{"@type":"PropertyValueSpecification","valueRequired":true,"valueName":"search_term_string"}}],"inLanguage":"de"},{"@type":"Organization","@id":"https:\/\/dr-franke-metallwaren.de\/metall\/#organization","name":"Dr. Franke Metallwaren","url":"https:\/\/dr-franke-metallwaren.de\/metall\/","logo":{"@type":"ImageObject","inLanguage":"de","@id":"https:\/\/dr-franke-metallwaren.de\/metall\/#\/schema\/logo\/image\/","url":"https:\/\/dr-franke-metallwaren.de\/metall\/wp-content\/uploads\/2023\/10\/cropped-RZ_Logo_dr_franke_metallwaren_Schloesser_Beschlaege_Scharniere.png","contentUrl":"https:\/\/dr-franke-metallwaren.de\/metall\/wp-content\/uploads\/2023\/10\/cropped-RZ_Logo_dr_franke_metallwaren_Schloesser_Beschlaege_Scharniere.png","width":279,"height":99,"caption":"Dr. Franke Metallwaren"},"image":{"@id":"https:\/\/dr-franke-metallwaren.de\/metall\/#\/schema\/logo\/image\/"}}]}},"_links":{"self":[{"href":"https:\/\/dr-franke-metallwaren.de\/metall\/wp-json\/wp\/v2\/product\/1229","targetHints":{"allow":["GET"]}}],"collection":[{"href":"https:\/\/dr-franke-metallwaren.de\/metall\/wp-json\/wp\/v2\/product"}],"about":[{"href":"https:\/\/dr-franke-metallwaren.de\/metall\/wp-json\/wp\/v2\/types\/product"}],"version-history":[{"count":1,"href":"https:\/\/dr-franke-metallwaren.de\/metall\/wp-json\/wp\/v2\/product\/1229\/revisions"}],"predecessor-version":[{"id":1690,"href":"https:\/\/dr-franke-metallwaren.de\/metall\/wp-json\/wp\/v2\/product\/1229\/revisions\/1690"}],"wp:featuredmedia":[{"embeddable":true,"href":"https:\/\/dr-franke-metallwaren.de\/metall\/wp-json\/wp\/v2\/media\/784"}],"wp:attachment":[{"href":"https:\/\/dr-franke-metallwaren.de\/metall\/wp-json\/wp\/v2\/media?parent=1229"}],"wp:term":[{"taxonomy":"product_brand","embeddable":true,"href":"https:\/\/dr-franke-metallwaren.de\/metall\/wp-json\/wp\/v2\/product_brand?post=1229"},{"taxonomy":"product_cat","embeddable":true,"href":"https:\/\/dr-franke-metallwaren.de\/metall\/wp-json\/wp\/v2\/product_cat?post=1229"},{"taxonomy":"product_tag","embeddable":true,"href":"https:\/\/dr-franke-metallwaren.de\/metall\/wp-json\/wp\/v2\/product_tag?post=1229"}],"curies":[{"name":"wp","href":"https:\/\/api.w.org\/{rel}","templated":true}]}}