{"id":1224,"date":"2022-11-23T16:39:50","date_gmt":"2022-11-23T15:39:50","guid":{"rendered":"https:\/\/dr-franke-metallwaren.de\/metall\/produkt\/sliding-door-lock-o-v\/"},"modified":"2023-10-04T16:30:15","modified_gmt":"2023-10-04T14:30:15","slug":"sliding-door-lock","status":"publish","type":"product","link":"https:\/\/dr-franke-metallwaren.de\/metall\/produkt\/sliding-door-lock\/?lang=en","title":{"rendered":"Sliding door locks A-6006"},"content":{"rendered":"\n<table id=\"tablepress-11\" class=\"tablepress tablepress-id-11\">\n<thead>\n<tr class=\"row-1\">\n\t<th class=\"column-1\"><strong>Artikelbezeichnung <br \/>\nArticle description<\/strong><\/th><th class=\"column-2\"><strong>Artikelnummer <br \/>\nArticle number<\/strong><\/th><th class=\"column-3\"><strong>Ausf\u00fchrung<br \/>\nVersion<\/strong><\/th><th class=\"column-4\"><strong>Besonderheit<br \/>\nSpecial feature<\/strong><\/th><th class=\"column-5\"><strong>Ma\u00dfe HxBxT in mm<br \/>\nDimensions HxWxD in mm<\/strong><\/th>\n<\/tr>\n<\/thead>\n<tbody class=\"row-striping row-hover\">\n<tr class=\"row-2\">\n\t<td class=\"column-1\">Schiebet\u00fcrschloss RE mit Innensicherung \/ Sliding door lock RIGHT with inside security<\/td><td class=\"column-2\">A-6006 000<\/td><td class=\"column-3\">Stahl, KTL-schwarz \/ Steel, <span style=\"color:#000000;\">black painted<\/span><\/td><td class=\"column-4\">Links kurzer Haken, rechts langer Haken, Sicherung links \/ Left short hook, right long hook, fuse left<\/td><td class=\"column-5\">154 x 60 x 18<\/td>\n<\/tr>\n<tr class=\"row-3\">\n\t<td class=\"column-1\">Schiebet\u00fcrschloss LI mit Innensicherung \/ Sliding door lock LEFT with inside security<\/td><td class=\"column-2\">A-6006 001<\/td><td class=\"column-3\">Stahl, KTL-schwarz \/ Steel, <span style=\"color:#000000;\">black painted<\/span><\/td><td class=\"column-4\">Links langer Haken, rechts kurzer Haken, Sicherung rechts \/ Left long hook, right short hook, fuse right<\/td><td class=\"column-5\">154 x 60 x 18<\/td>\n<\/tr>\n<tr class=\"row-4\">\n\t<td class=\"column-1\">Schiebet\u00fcrschloss \/ Sliding door lock <\/td><td class=\"column-2\">A-6006 008<\/td><td class=\"column-3\">Stahl, verzinkt \/ Steel, Zinc plated<\/td><td class=\"column-4\">zwei lange Haken \/ two long hooks<\/td><td class=\"column-5\">154 x 60 x 18<\/td>\n<\/tr>\n<tr class=\"row-5\">\n\t<td class=\"column-1\">Schiebet\u00fcrschloss LI \/ Sliding door lock LEFT<\/td><td class=\"column-2\">A-6006 009<\/td><td class=\"column-3\">Stahl, verzinkt \/ Steel, Zinc plated<\/td><td class=\"column-4\">links langer Haken, rechts kurzer Haken \/ left long hook, right short hook<\/td><td class=\"column-5\">154 x 60 x 18<\/td>\n<\/tr>\n<tr class=\"row-6\">\n\t<td class=\"column-1\">Schiebet\u00fcrschloss RE \/ Sliding door lock RIGHT<\/td><td class=\"column-2\">A-6006 010<\/td><td class=\"column-3\">Stahl, verzinkt \/ Steel, Zinc plated<\/td><td class=\"column-4\">links kurzer Haken, rechts langer Haken \/ left short hook, right long hook<\/td><td class=\"column-5\">154 x 60 x 18<\/td>\n<\/tr>\n<tr class=\"row-7\">\n\t<td class=\"column-1\">Schiebet\u00fcrschloss LI mit Innensicherung \/ Sliding door lock LEFT with inside security<\/td><td class=\"column-2\">A-6006 011<\/td><td class=\"column-3\">Stahl, verzinkt \/ Steel, Zinc plated<\/td><td class=\"column-4\">zwei lange Haken \/ two long hooks \/ fuse right<\/td><td class=\"column-5\">154 x 60 x 18<\/td>\n<\/tr>\n<tr class=\"row-8\">\n\t<td class=\"column-1\">Schiebet\u00fcrschloss RE mit Innensicherung \/ Sliding door lock RIGHT with inside security<\/td><td class=\"column-2\">A-6006 014<\/td><td class=\"column-3\">Stahl, verzinkt \/ Steel, Zinc plated<\/td><td class=\"column-4\">zwei lange Haken \/ two long hooks \/ fuse left<\/td><td class=\"column-5\">154 x 60 x 18<\/td>\n<\/tr>\n<tr class=\"row-9\">\n\t<td class=\"column-1\">Schiebet\u00fcrschloss LI mit Innensicherung \/ Sliding door lock LEFT with inside security<\/td><td class=\"column-2\">A-6006 015<\/td><td class=\"column-3\">Stahl, verzinkt \/ Steel, Zinc plated<\/td><td class=\"column-4\">links kurzer Haken, rechts langer Haken \/ left short hook, right long hook \/ fuse right<\/td><td class=\"column-5\">154 x 60 x 18<\/td>\n<\/tr>\n<tr class=\"row-10\">\n\t<td class=\"column-1\">Schiebet\u00fcrschloss RE mit Innensicherung \/ Sliding door lock RIGHT with inside security<\/td><td class=\"column-2\">A-6006 016<\/td><td class=\"column-3\">Stahl, verzinkt \/ Steel, Zinc plated<\/td><td class=\"column-4\">links langer Haken, rechts kurzer Haken \/ left long hook, right short hook \/ fuse left<\/td><td class=\"column-5\">154 x 60 x 18<\/td>\n<\/tr>\n<tr class=\"row-11\">\n\t<td class=\"column-1\">Schiebet\u00fcrschloss \/ Sliding door lock <\/td><td class=\"column-2\">A-6006 018<\/td><td class=\"column-3\">Stahl, verzinkt \/ Steel, Zinc plated<\/td><td class=\"column-4\">zwei lange Haken \/ two long hooks<\/td><td class=\"column-5\">154 x 60 x 18<\/td>\n<\/tr>\n<tr class=\"row-12\">\n\t<td class=\"column-1\">Schiebet\u00fcrschloss LI \/ Sliding door lock LEFT<\/td><td class=\"column-2\">A-6006 021<\/td><td class=\"column-3\">Stahl, KTL-schwarz \/ Steel, <span style=\"color:#000000;\">black painted<\/span><\/td><td class=\"column-4\">links langer Haken, rechts kurzer Haken \/ left long hook, right short hook<\/td><td class=\"column-5\">154 x 60 x 18<\/td>\n<\/tr>\n<tr class=\"row-13\">\n\t<td class=\"column-1\">Schiebet\u00fcrschloss RE \/ Sliding door lock RIGHT<\/td><td class=\"column-2\">A-6006 022<\/td><td class=\"column-3\">Stahl, KTL-schwarz \/ Steel, <span style=\"color:#000000;\">black painted<\/span><\/td><td class=\"column-4\">links kurzer Haken, rechts langer Haken \/ left short hook, right long hook<\/td><td class=\"column-5\">154 x 60 x 18<\/td>\n<\/tr>\n<\/tbody>\n<\/table>\n<!-- #tablepress-11 from cache -->\n\n<table id=\"tablepress-12\" class=\"tablepress tablepress-id-12\">\n<thead>\n<tr class=\"row-1\">\n\t<th class=\"column-1\"><strong>Artikelbezeichnung <br \/>\nArticle description<\/strong><\/th><th class=\"column-2\"><strong>Artikelnummer <br \/>\nArticle number<\/strong><\/th><th class=\"column-3\"><strong>Ausf\u00fchrung<br \/>\nVersion<\/strong><\/th><th class=\"column-4\"><strong>Besonderheit<br \/>\nSpecial feature<\/strong><\/th><th class=\"column-5\"><strong>Ma\u00dfe HxBxT in mm<br \/>\nDimensions HxWxD in mm<\/strong><\/th>\n<\/tr>\n<\/thead>\n<tbody class=\"row-striping row-hover\">\n<tr class=\"row-2\">\n\t<td class=\"column-1\">Zubeh\u00f6r: \/ Accessoires<\/td><td class=\"column-2\"><\/td><td class=\"column-3\"><\/td><td class=\"column-4\"><\/td><td class=\"column-5\"><\/td>\n<\/tr>\n<tr class=\"row-3\">\n\t<td class=\"column-1\">Schliessraste \/ Latch retention plate<\/td><td class=\"column-2\">PL 085.G00<\/td><td class=\"column-3\"><\/td><td class=\"column-4\"><\/td><td class=\"column-5\"><\/td>\n<\/tr>\n<tr class=\"row-4\">\n\t<td class=\"column-1\">Unterlage \/ Underlay <\/td><td class=\"column-2\">GU 021.G00<\/td><td class=\"column-3\"><\/td><td class=\"column-4\"><\/td><td class=\"column-5\"><\/td>\n<\/tr>\n<\/tbody>\n<\/table>\n<!-- #tablepress-12 from cache -->\n","protected":false},"excerpt":{"rendered":"<p>Sliding door lock in a variety of designs<\/p>\n<ul>\n<li>Backset see dimensional drawing<\/li>\n<li>Steel, KTL black or galvanised<\/li>\n<\/ul>\n","protected":false},"featured_media":886,"template":"","meta":[],"product_brand":[],"product_cat":[427],"product_tag":[293,292,310],"class_list":{"0":"post-1224","1":"product","2":"type-product","3":"status-publish","4":"has-post-thumbnail","6":"product_cat-sliding-door-lock-a-6006-en","7":"product_tag-happich-en","8":"product_tag-internal-fuse","9":"product_tag-sliding-door-lock","11":"first","12":"instock","13":"shipping-taxable","14":"product-type-simple"},"yoast_head":"<!-- This site is optimized with the Yoast SEO plugin v27.4 - https:\/\/yoast.com\/product\/yoast-seo-wordpress\/ -->\n<title>Sliding door locks A-6006 - Dr. Franke Metallwaren<\/title>\n<meta name=\"description\" content=\"Sliding door lock in a variety of designs, backset see dimensional drawing, steel, KTL black or galvanised.\" \/>\n<meta name=\"robots\" content=\"index, follow, max-snippet:-1, max-image-preview:large, max-video-preview:-1\" \/>\n<link rel=\"canonical\" href=\"https:\/\/dr-franke-metallwaren.de\/metall\/produkt\/sliding-door-lock\/\" \/>\n<meta property=\"og:locale\" content=\"de_DE\" \/>\n<meta property=\"og:type\" content=\"article\" \/>\n<meta property=\"og:title\" content=\"Sliding door locks A-6006 - Dr. Franke Metallwaren\" \/>\n<meta property=\"og:description\" content=\"Sliding door lock in a variety of designs, backset see dimensional drawing, steel, KTL black or galvanised.\" \/>\n<meta property=\"og:url\" content=\"https:\/\/dr-franke-metallwaren.de\/metall\/produkt\/sliding-door-lock\/?lang=en\" \/>\n<meta property=\"og:site_name\" content=\"Dr. Franke Metallwaren\" \/>\n<meta property=\"article:modified_time\" content=\"2023-10-04T14:30:15+00:00\" \/>\n<meta property=\"og:image\" content=\"https:\/\/dr-franke-metallwaren.de\/metall\/wp-content\/uploads\/2022\/11\/A-6006-008-01-SF-Schiebetuerschloss-o_Verr.png\" \/>\n\t<meta property=\"og:image:width\" content=\"1200\" \/>\n\t<meta property=\"og:image:height\" content=\"1200\" \/>\n\t<meta property=\"og:image:type\" content=\"image\/png\" \/>\n<meta name=\"twitter:card\" content=\"summary_large_image\" \/>\n<meta name=\"twitter:label1\" content=\"Gesch\u00e4tzte Lesezeit\" \/>\n\t<meta name=\"twitter:data1\" content=\"1\u00a0Minute\" \/>\n<script type=\"application\/ld+json\" class=\"yoast-schema-graph\">{\"@context\":\"https:\\\/\\\/schema.org\",\"@graph\":[{\"@type\":\"WebPage\",\"@id\":\"https:\\\/\\\/dr-franke-metallwaren.de\\\/metall\\\/produkt\\\/sliding-door-lock\\\/?lang=en\",\"url\":\"https:\\\/\\\/dr-franke-metallwaren.de\\\/metall\\\/produkt\\\/sliding-door-lock\\\/?lang=en\",\"name\":\"Sliding door locks A-6006 - Dr. Franke Metallwaren\",\"isPartOf\":{\"@id\":\"https:\\\/\\\/dr-franke-metallwaren.de\\\/metall\\\/#website\"},\"primaryImageOfPage\":{\"@id\":\"https:\\\/\\\/dr-franke-metallwaren.de\\\/metall\\\/produkt\\\/sliding-door-lock\\\/?lang=en#primaryimage\"},\"image\":{\"@id\":\"https:\\\/\\\/dr-franke-metallwaren.de\\\/metall\\\/produkt\\\/sliding-door-lock\\\/?lang=en#primaryimage\"},\"thumbnailUrl\":\"https:\\\/\\\/dr-franke-metallwaren.de\\\/metall\\\/wp-content\\\/uploads\\\/2022\\\/11\\\/A-6006-008-01-SF-Schiebetuerschloss-o_Verr.png\",\"datePublished\":\"2022-11-23T15:39:50+00:00\",\"dateModified\":\"2023-10-04T14:30:15+00:00\",\"description\":\"Sliding door lock in a variety of designs, backset see dimensional drawing, steel, KTL black or galvanised.\",\"breadcrumb\":{\"@id\":\"https:\\\/\\\/dr-franke-metallwaren.de\\\/metall\\\/produkt\\\/sliding-door-lock\\\/?lang=en#breadcrumb\"},\"inLanguage\":\"de\",\"potentialAction\":[{\"@type\":\"ReadAction\",\"target\":[\"https:\\\/\\\/dr-franke-metallwaren.de\\\/metall\\\/produkt\\\/sliding-door-lock\\\/?lang=en\"]}]},{\"@type\":\"ImageObject\",\"inLanguage\":\"de\",\"@id\":\"https:\\\/\\\/dr-franke-metallwaren.de\\\/metall\\\/produkt\\\/sliding-door-lock\\\/?lang=en#primaryimage\",\"url\":\"https:\\\/\\\/dr-franke-metallwaren.de\\\/metall\\\/wp-content\\\/uploads\\\/2022\\\/11\\\/A-6006-008-01-SF-Schiebetuerschloss-o_Verr.png\",\"contentUrl\":\"https:\\\/\\\/dr-franke-metallwaren.de\\\/metall\\\/wp-content\\\/uploads\\\/2022\\\/11\\\/A-6006-008-01-SF-Schiebetuerschloss-o_Verr.png\",\"width\":1200,\"height\":1200},{\"@type\":\"BreadcrumbList\",\"@id\":\"https:\\\/\\\/dr-franke-metallwaren.de\\\/metall\\\/produkt\\\/sliding-door-lock\\\/?lang=en#breadcrumb\",\"itemListElement\":[{\"@type\":\"ListItem\",\"position\":1,\"name\":\"Startseite\",\"item\":\"https:\\\/\\\/dr-franke-metallwaren.de\\\/metall\\\/\"},{\"@type\":\"ListItem\",\"position\":2,\"name\":\"Shop\",\"item\":\"https:\\\/\\\/dr-franke-metallwaren.de\\\/metall\\\/shop\\\/\"},{\"@type\":\"ListItem\",\"position\":3,\"name\":\"Sliding door locks A-6006\"}]},{\"@type\":\"WebSite\",\"@id\":\"https:\\\/\\\/dr-franke-metallwaren.de\\\/metall\\\/#website\",\"url\":\"https:\\\/\\\/dr-franke-metallwaren.de\\\/metall\\\/\",\"name\":\"Dr. Franke Metallwaren\",\"description\":\"Schl\u00f6sser, Beschl\u00e4ge, Scharniere aus Remscheid sowie Pre\u00df-, Stanz- und Ziehteile aus NRW\",\"publisher\":{\"@id\":\"https:\\\/\\\/dr-franke-metallwaren.de\\\/metall\\\/#organization\"},\"potentialAction\":[{\"@type\":\"SearchAction\",\"target\":{\"@type\":\"EntryPoint\",\"urlTemplate\":\"https:\\\/\\\/dr-franke-metallwaren.de\\\/metall\\\/?s={search_term_string}\"},\"query-input\":{\"@type\":\"PropertyValueSpecification\",\"valueRequired\":true,\"valueName\":\"search_term_string\"}}],\"inLanguage\":\"de\"},{\"@type\":\"Organization\",\"@id\":\"https:\\\/\\\/dr-franke-metallwaren.de\\\/metall\\\/#organization\",\"name\":\"Dr. Franke Metallwaren\",\"url\":\"https:\\\/\\\/dr-franke-metallwaren.de\\\/metall\\\/\",\"logo\":{\"@type\":\"ImageObject\",\"inLanguage\":\"de\",\"@id\":\"https:\\\/\\\/dr-franke-metallwaren.de\\\/metall\\\/#\\\/schema\\\/logo\\\/image\\\/\",\"url\":\"https:\\\/\\\/dr-franke-metallwaren.de\\\/metall\\\/wp-content\\\/uploads\\\/2023\\\/10\\\/cropped-RZ_Logo_dr_franke_metallwaren_Schloesser_Beschlaege_Scharniere.png\",\"contentUrl\":\"https:\\\/\\\/dr-franke-metallwaren.de\\\/metall\\\/wp-content\\\/uploads\\\/2023\\\/10\\\/cropped-RZ_Logo_dr_franke_metallwaren_Schloesser_Beschlaege_Scharniere.png\",\"width\":279,\"height\":99,\"caption\":\"Dr. Franke Metallwaren\"},\"image\":{\"@id\":\"https:\\\/\\\/dr-franke-metallwaren.de\\\/metall\\\/#\\\/schema\\\/logo\\\/image\\\/\"}}]}<\/script>\n<!-- \/ Yoast SEO plugin. -->","yoast_head_json":{"title":"Sliding door locks A-6006 - Dr. Franke Metallwaren","description":"Sliding door lock in a variety of designs, backset see dimensional drawing, steel, KTL black or galvanised.","robots":{"index":"index","follow":"follow","max-snippet":"max-snippet:-1","max-image-preview":"max-image-preview:large","max-video-preview":"max-video-preview:-1"},"canonical":"https:\/\/dr-franke-metallwaren.de\/metall\/produkt\/sliding-door-lock\/","og_locale":"de_DE","og_type":"article","og_title":"Sliding door locks A-6006 - Dr. Franke Metallwaren","og_description":"Sliding door lock in a variety of designs, backset see dimensional drawing, steel, KTL black or galvanised.","og_url":"https:\/\/dr-franke-metallwaren.de\/metall\/produkt\/sliding-door-lock\/?lang=en","og_site_name":"Dr. Franke Metallwaren","article_modified_time":"2023-10-04T14:30:15+00:00","og_image":[{"width":1200,"height":1200,"url":"https:\/\/dr-franke-metallwaren.de\/metall\/wp-content\/uploads\/2022\/11\/A-6006-008-01-SF-Schiebetuerschloss-o_Verr.png","type":"image\/png"}],"twitter_card":"summary_large_image","twitter_misc":{"Gesch\u00e4tzte Lesezeit":"1\u00a0Minute"},"schema":{"@context":"https:\/\/schema.org","@graph":[{"@type":"WebPage","@id":"https:\/\/dr-franke-metallwaren.de\/metall\/produkt\/sliding-door-lock\/?lang=en","url":"https:\/\/dr-franke-metallwaren.de\/metall\/produkt\/sliding-door-lock\/?lang=en","name":"Sliding door locks A-6006 - Dr. Franke Metallwaren","isPartOf":{"@id":"https:\/\/dr-franke-metallwaren.de\/metall\/#website"},"primaryImageOfPage":{"@id":"https:\/\/dr-franke-metallwaren.de\/metall\/produkt\/sliding-door-lock\/?lang=en#primaryimage"},"image":{"@id":"https:\/\/dr-franke-metallwaren.de\/metall\/produkt\/sliding-door-lock\/?lang=en#primaryimage"},"thumbnailUrl":"https:\/\/dr-franke-metallwaren.de\/metall\/wp-content\/uploads\/2022\/11\/A-6006-008-01-SF-Schiebetuerschloss-o_Verr.png","datePublished":"2022-11-23T15:39:50+00:00","dateModified":"2023-10-04T14:30:15+00:00","description":"Sliding door lock in a variety of designs, backset see dimensional drawing, steel, KTL black or galvanised.","breadcrumb":{"@id":"https:\/\/dr-franke-metallwaren.de\/metall\/produkt\/sliding-door-lock\/?lang=en#breadcrumb"},"inLanguage":"de","potentialAction":[{"@type":"ReadAction","target":["https:\/\/dr-franke-metallwaren.de\/metall\/produkt\/sliding-door-lock\/?lang=en"]}]},{"@type":"ImageObject","inLanguage":"de","@id":"https:\/\/dr-franke-metallwaren.de\/metall\/produkt\/sliding-door-lock\/?lang=en#primaryimage","url":"https:\/\/dr-franke-metallwaren.de\/metall\/wp-content\/uploads\/2022\/11\/A-6006-008-01-SF-Schiebetuerschloss-o_Verr.png","contentUrl":"https:\/\/dr-franke-metallwaren.de\/metall\/wp-content\/uploads\/2022\/11\/A-6006-008-01-SF-Schiebetuerschloss-o_Verr.png","width":1200,"height":1200},{"@type":"BreadcrumbList","@id":"https:\/\/dr-franke-metallwaren.de\/metall\/produkt\/sliding-door-lock\/?lang=en#breadcrumb","itemListElement":[{"@type":"ListItem","position":1,"name":"Startseite","item":"https:\/\/dr-franke-metallwaren.de\/metall\/"},{"@type":"ListItem","position":2,"name":"Shop","item":"https:\/\/dr-franke-metallwaren.de\/metall\/shop\/"},{"@type":"ListItem","position":3,"name":"Sliding door locks A-6006"}]},{"@type":"WebSite","@id":"https:\/\/dr-franke-metallwaren.de\/metall\/#website","url":"https:\/\/dr-franke-metallwaren.de\/metall\/","name":"Dr. Franke Metallwaren","description":"Schl\u00f6sser, Beschl\u00e4ge, Scharniere aus Remscheid sowie Pre\u00df-, Stanz- und Ziehteile aus NRW","publisher":{"@id":"https:\/\/dr-franke-metallwaren.de\/metall\/#organization"},"potentialAction":[{"@type":"SearchAction","target":{"@type":"EntryPoint","urlTemplate":"https:\/\/dr-franke-metallwaren.de\/metall\/?s={search_term_string}"},"query-input":{"@type":"PropertyValueSpecification","valueRequired":true,"valueName":"search_term_string"}}],"inLanguage":"de"},{"@type":"Organization","@id":"https:\/\/dr-franke-metallwaren.de\/metall\/#organization","name":"Dr. Franke Metallwaren","url":"https:\/\/dr-franke-metallwaren.de\/metall\/","logo":{"@type":"ImageObject","inLanguage":"de","@id":"https:\/\/dr-franke-metallwaren.de\/metall\/#\/schema\/logo\/image\/","url":"https:\/\/dr-franke-metallwaren.de\/metall\/wp-content\/uploads\/2023\/10\/cropped-RZ_Logo_dr_franke_metallwaren_Schloesser_Beschlaege_Scharniere.png","contentUrl":"https:\/\/dr-franke-metallwaren.de\/metall\/wp-content\/uploads\/2023\/10\/cropped-RZ_Logo_dr_franke_metallwaren_Schloesser_Beschlaege_Scharniere.png","width":279,"height":99,"caption":"Dr. Franke Metallwaren"},"image":{"@id":"https:\/\/dr-franke-metallwaren.de\/metall\/#\/schema\/logo\/image\/"}}]}},"_links":{"self":[{"href":"https:\/\/dr-franke-metallwaren.de\/metall\/wp-json\/wp\/v2\/product\/1224","targetHints":{"allow":["GET"]}}],"collection":[{"href":"https:\/\/dr-franke-metallwaren.de\/metall\/wp-json\/wp\/v2\/product"}],"about":[{"href":"https:\/\/dr-franke-metallwaren.de\/metall\/wp-json\/wp\/v2\/types\/product"}],"version-history":[{"count":1,"href":"https:\/\/dr-franke-metallwaren.de\/metall\/wp-json\/wp\/v2\/product\/1224\/revisions"}],"predecessor-version":[{"id":1681,"href":"https:\/\/dr-franke-metallwaren.de\/metall\/wp-json\/wp\/v2\/product\/1224\/revisions\/1681"}],"wp:featuredmedia":[{"embeddable":true,"href":"https:\/\/dr-franke-metallwaren.de\/metall\/wp-json\/wp\/v2\/media\/886"}],"wp:attachment":[{"href":"https:\/\/dr-franke-metallwaren.de\/metall\/wp-json\/wp\/v2\/media?parent=1224"}],"wp:term":[{"taxonomy":"product_brand","embeddable":true,"href":"https:\/\/dr-franke-metallwaren.de\/metall\/wp-json\/wp\/v2\/product_brand?post=1224"},{"taxonomy":"product_cat","embeddable":true,"href":"https:\/\/dr-franke-metallwaren.de\/metall\/wp-json\/wp\/v2\/product_cat?post=1224"},{"taxonomy":"product_tag","embeddable":true,"href":"https:\/\/dr-franke-metallwaren.de\/metall\/wp-json\/wp\/v2\/product_tag?post=1224"}],"curies":[{"name":"wp","href":"https:\/\/api.w.org\/{rel}","templated":true}]}}