{"id":222,"date":"2022-11-16T12:38:36","date_gmt":"2022-11-16T11:38:36","guid":{"rendered":"https:\/\/dr-franke-metallwaren.de\/metall?page_id=222"},"modified":"2026-04-15T12:05:23","modified_gmt":"2026-04-15T10:05:23","slug":"home-dr-franke-metallwaren","status":"publish","type":"page","link":"https:\/\/dr-franke-metallwaren.de\/metall\/","title":{"rendered":"Home"},"content":{"rendered":"\t\t<div data-elementor-type=\"wp-page\" data-elementor-id=\"222\" class=\"elementor elementor-222\" data-elementor-post-type=\"page\">\n\t\t\t\t\t\t<section class=\"elementor-section elementor-top-section elementor-element elementor-element-73f2cb28 elementor-section-full_width elementor-section-height-default elementor-section-height-default\" data-id=\"73f2cb28\" data-element_type=\"section\" data-e-type=\"section\" data-settings=\"{&quot;background_background&quot;:&quot;classic&quot;}\">\n\t\t\t\t\t\t<div class=\"elementor-container elementor-column-gap-no\">\n\t\t\t\t\t<div class=\"elementor-column elementor-col-100 elementor-top-column elementor-element elementor-element-553f077\" data-id=\"553f077\" data-element_type=\"column\" data-e-type=\"column\">\n\t\t\t<div class=\"elementor-widget-wrap elementor-element-populated\">\n\t\t\t\t\t\t<div class=\"elementor-element elementor-element-7599e592 elementor--h-position-center elementor--v-position-middle elementor-arrows-position-inside elementor-pagination-position-inside elementor-widget elementor-widget-slides\" data-id=\"7599e592\" data-element_type=\"widget\" data-e-type=\"widget\" data-settings=\"{&quot;navigation&quot;:&quot;both&quot;,&quot;autoplay&quot;:&quot;yes&quot;,&quot;pause_on_hover&quot;:&quot;yes&quot;,&quot;pause_on_interaction&quot;:&quot;yes&quot;,&quot;autoplay_speed&quot;:5000,&quot;infinite&quot;:&quot;yes&quot;,&quot;transition&quot;:&quot;slide&quot;,&quot;transition_speed&quot;:500}\" data-widget_type=\"slides.default\">\n\t\t\t\t<div class=\"elementor-widget-container\">\n\t\t\t\t\t\t\t\t\t<div class=\"elementor-swiper\">\n\t\t\t\t\t<div class=\"elementor-slides-wrapper elementor-main-swiper swiper\" role=\"region\" aria-roledescription=\"carousel\" aria-label=\"Slider\" dir=\"ltr\" data-animation=\"fadeInUp\">\n\t\t\t\t<div class=\"swiper-wrapper elementor-slides\">\n\t\t\t\t\t\t\t\t\t\t<div class=\"elementor-repeater-item-a763703 swiper-slide\" role=\"group\" aria-roledescription=\"slide\"><div class=\"swiper-slide-bg elementor-ken-burns elementor-ken-burns--in\" role=\"img\" aria-label=\"Slidermotiv_Schiebetuer\"><\/div><div class=\"swiper-slide-inner\" ><div class=\"swiper-slide-contents\"><div class=\"elementor-slide-heading\">Schiebet\u00fcrschloss<\/br>Kastenschloss<\/div><\/div><\/div><\/div><div class=\"elementor-repeater-item-c5bbe68 swiper-slide\" role=\"group\" aria-roledescription=\"slide\"><div class=\"swiper-slide-bg\" role=\"img\" aria-label=\"Slidermotive_fernbetaetigung\"><\/div><div class=\"swiper-slide-inner\" ><div class=\"swiper-slide-contents\"><div class=\"elementor-slide-heading\">Fernbet\u00e4tigung<br>Scharniere<\/div><\/div><\/div><\/div><div class=\"elementor-repeater-item-776e162 swiper-slide\" role=\"group\" aria-roledescription=\"slide\"><div class=\"swiper-slide-bg\" role=\"img\" aria-label=\"Slidermotive_Federriegel\"><\/div><div class=\"swiper-slide-inner\" ><div class=\"swiper-slide-contents\"><div class=\"elementor-slide-heading\">Schl\u00f6sser<br>Federriegel<\/div><\/div><\/div><\/div><div class=\"elementor-repeater-item-fa16c36 swiper-slide\" role=\"group\" aria-roledescription=\"slide\"><div class=\"swiper-slide-bg\" role=\"img\" aria-label=\"Slidermotive_schnaepper\"><\/div><div class=\"swiper-slide-inner\" ><div class=\"swiper-slide-contents\"><div class=\"elementor-slide-heading\">Scharniere<br>Schn\u00e4pper<\/div><\/div><\/div><\/div><div class=\"elementor-repeater-item-c3b36e8 swiper-slide\" role=\"group\" aria-roledescription=\"slide\"><div class=\"swiper-slide-bg\" role=\"img\" aria-label=\"Slidermotive_riegelverschluss\"><\/div><div class=\"swiper-slide-inner\" ><div class=\"swiper-slide-contents\"><div class=\"elementor-slide-heading\">Riegelverschluss<br>Zungenschloss<\/div><\/div><\/div><\/div><div class=\"elementor-repeater-item-3c4571b swiper-slide\" role=\"group\" aria-roledescription=\"slide\"><div class=\"swiper-slide-bg\" role=\"img\" aria-label=\"Slidermotive_schlaufe\"><\/div><div class=\"swiper-slide-inner\" ><div class=\"swiper-slide-contents\"><div class=\"elementor-slide-heading\">Schlaufe<br>Klappschloss<\/div><\/div><\/div><\/div><div class=\"elementor-repeater-item-911c7a8 swiper-slide\" role=\"group\" aria-roledescription=\"slide\"><div class=\"swiper-slide-bg\" role=\"img\" aria-label=\"Slidermotive_drehriegel\"><\/div><div class=\"swiper-slide-inner\" ><div class=\"swiper-slide-contents\"><div class=\"elementor-slide-heading\">Drehriegel<br>Treibriegel<\/div><\/div><\/div><\/div>\t\t\t\t<\/div>\n\t\t\t\t\t\t\t\t\t\t\t\t\t\t\t<div class=\"elementor-swiper-button elementor-swiper-button-prev\" role=\"button\" tabindex=\"0\" aria-label=\"Vorheriger Slide\">\n\t\t\t\t\t\t\t<i aria-hidden=\"true\" class=\"eicon-chevron-left\"><\/i>\t\t\t\t\t\t<\/div>\n\t\t\t\t\t\t<div class=\"elementor-swiper-button elementor-swiper-button-next\" role=\"button\" tabindex=\"0\" aria-label=\"N\u00e4chster Slide\">\n\t\t\t\t\t\t\t<i aria-hidden=\"true\" class=\"eicon-chevron-right\"><\/i>\t\t\t\t\t\t<\/div>\n\t\t\t\t\t\t\t\t\t\t\t\t\t\t\t\t<div class=\"swiper-pagination\"><\/div>\n\t\t\t\t\t\t\t\t\t\t\t\t<\/div>\n\t\t\t\t<\/div>\n\t\t\t\t\t\t\t\t<\/div>\n\t\t\t\t<\/div>\n\t\t\t\t<div class=\"elementor-element elementor-element-17d21961 elementor-widget-divider--view-line elementor-widget elementor-widget-divider\" data-id=\"17d21961\" data-element_type=\"widget\" data-e-type=\"widget\" data-widget_type=\"divider.default\">\n\t\t\t\t<div class=\"elementor-widget-container\">\n\t\t\t\t\t\t\t<div class=\"elementor-divider\">\n\t\t\t<span class=\"elementor-divider-separator\">\n\t\t\t\t\t\t<\/span>\n\t\t<\/div>\n\t\t\t\t\t\t<\/div>\n\t\t\t\t<\/div>\n\t\t\t\t\t<\/div>\n\t\t<\/div>\n\t\t\t\t\t<\/div>\n\t\t<\/section>\n\t\t\t\t<section class=\"elementor-section elementor-top-section elementor-element elementor-element-a94ce01 elementor-section-content-middle elementor-section-boxed elementor-section-height-default elementor-section-height-default\" data-id=\"a94ce01\" data-element_type=\"section\" data-e-type=\"section\" data-settings=\"{&quot;background_background&quot;:&quot;classic&quot;}\">\n\t\t\t\t\t\t<div class=\"elementor-container elementor-column-gap-no\">\n\t\t\t\t\t<div class=\"elementor-column elementor-col-100 elementor-top-column elementor-element elementor-element-5e912b99\" data-id=\"5e912b99\" data-element_type=\"column\" data-e-type=\"column\" data-settings=\"{&quot;background_background&quot;:&quot;classic&quot;}\">\n\t\t\t<div class=\"elementor-widget-wrap elementor-element-populated\">\n\t\t\t\t\t\t<div class=\"elementor-element elementor-element-94aa0ca elementor-widget elementor-widget-shortcode\" data-id=\"94aa0ca\" data-element_type=\"widget\" data-e-type=\"widget\" data-widget_type=\"shortcode.default\">\n\t\t\t\t<div class=\"elementor-widget-container\">\n\t\t\t\t\t\t\t<div class=\"elementor-shortcode\"><\/div>\n\t\t\t\t\t\t<\/div>\n\t\t\t\t<\/div>\n\t\t\t\t<div class=\"elementor-element elementor-element-b3ad960 elementor-widget elementor-widget-heading\" data-id=\"b3ad960\" data-element_type=\"widget\" data-e-type=\"widget\" data-widget_type=\"heading.default\">\n\t\t\t\t<div class=\"elementor-widget-container\">\n\t\t\t\t\t<h2 class=\"elementor-heading-title elementor-size-default\">Unsere Premium-Produktsortiment <\/h2>\t\t\t\t<\/div>\n\t\t\t\t<\/div>\n\t\t\t\t<div class=\"elementor-element elementor-element-79efe01 elementor-widget elementor-widget-text-editor\" data-id=\"79efe01\" data-element_type=\"widget\" data-e-type=\"widget\" data-widget_type=\"text-editor.default\">\n\t\t\t\t<div class=\"elementor-widget-container\">\n\t\t\t\t\t\t\t\t\t<p>Innovative und \u00fcberzeugende L\u00f6sungen aus der Verschluss- und Scharniertechnologie.<br \/>Ob in den Bereichen Fahrzeug- oder Sonderfahrzeugbau,<br \/>Maschinenbau, Beleuchtungs- oder Medizintechnologie,<br \/>das Produktportfolio von uns bietet eine Vielzahl von L\u00f6sungen f\u00fcr Ihre Projekte.<\/p>\t\t\t\t\t\t\t\t<\/div>\n\t\t\t\t<\/div>\n\t\t\t\t\t<\/div>\n\t\t<\/div>\n\t\t\t\t\t<\/div>\n\t\t<\/section>\n\t\t\t\t<section class=\"elementor-section elementor-top-section elementor-element elementor-element-36bb6830 elementor-section-boxed elementor-section-height-default elementor-section-height-default\" data-id=\"36bb6830\" data-element_type=\"section\" data-e-type=\"section\" data-settings=\"{&quot;background_background&quot;:&quot;classic&quot;}\">\n\t\t\t\t\t\t<div class=\"elementor-container elementor-column-gap-default\">\n\t\t\t\t\t<div class=\"elementor-column elementor-col-100 elementor-top-column elementor-element elementor-element-7e979b98\" data-id=\"7e979b98\" data-element_type=\"column\" data-e-type=\"column\">\n\t\t\t<div class=\"elementor-widget-wrap elementor-element-populated\">\n\t\t\t\t\t\t<div class=\"elementor-element elementor-element-20bd1ceb elementor-grid-3 elementor-product-loop-item--align-center elementor-grid-mobile-1 elementor-grid-tablet-3 elementor-products-grid elementor-wc-products elementor-widget elementor-widget-wc-categories\" data-id=\"20bd1ceb\" data-element_type=\"widget\" data-e-type=\"widget\" data-widget_type=\"wc-categories.default\">\n\t\t\t\t<div class=\"elementor-widget-container\">\n\t\t\t\t\t<div class=\"woocommerce columns-3\"><ul class=\"products elementor-grid columns-3\">\n<li class=\"product-category product first\">\n\t<a aria-label=\"Produktkategorie Schl\u00f6sser und Verschl\u00fcsse besuchen\" href=\"https:\/\/dr-franke-metallwaren.de\/metall\/produkt-kategorie\/schloesser-und-verschluesse\/\"><img fetchpriority=\"high\" decoding=\"async\" src=\"https:\/\/dr-franke-metallwaren.de\/metall\/wp-content\/uploads\/2023\/10\/Schloesser-und-Verschluesse-300x300.jpg\" alt=\"Schl\u00f6sser und Verschl\u00fcsse\" width=\"300\" height=\"300\" srcset=\"https:\/\/dr-franke-metallwaren.de\/metall\/wp-content\/uploads\/2023\/10\/Schloesser-und-Verschluesse-300x300.jpg 300w, https:\/\/dr-franke-metallwaren.de\/metall\/wp-content\/uploads\/2023\/10\/Schloesser-und-Verschluesse-150x150.jpg 150w, https:\/\/dr-franke-metallwaren.de\/metall\/wp-content\/uploads\/2023\/10\/Schloesser-und-Verschluesse-100x100.jpg 100w, https:\/\/dr-franke-metallwaren.de\/metall\/wp-content\/uploads\/2023\/10\/Schloesser-und-Verschluesse.jpg 600w\" sizes=\"(max-width: 300px) 100vw, 300px\" \/>\t\t<h2 class=\"woocommerce-loop-category__title\">\n\t\t\tSchl\u00f6sser und Verschl\u00fcsse\t\t<\/h2>\n\t\t<\/a><\/li>\n<li class=\"product-category product\">\n\t<a aria-label=\"Produktkategorie Scharniere, Beschl\u00e4ge und Verbindungselemente besuchen\" href=\"https:\/\/dr-franke-metallwaren.de\/metall\/produkt-kategorie\/scharniere-beschlaege-verbindungselemente\/\"><img decoding=\"async\" src=\"https:\/\/dr-franke-metallwaren.de\/metall\/wp-content\/uploads\/2023\/10\/Scharniere-und-Beschaege-300x300.jpg\" alt=\"Scharniere, Beschl\u00e4ge und Verbindungselemente\" width=\"300\" height=\"300\" srcset=\"https:\/\/dr-franke-metallwaren.de\/metall\/wp-content\/uploads\/2023\/10\/Scharniere-und-Beschaege-300x300.jpg 300w, https:\/\/dr-franke-metallwaren.de\/metall\/wp-content\/uploads\/2023\/10\/Scharniere-und-Beschaege-150x150.jpg 150w, https:\/\/dr-franke-metallwaren.de\/metall\/wp-content\/uploads\/2023\/10\/Scharniere-und-Beschaege-100x100.jpg 100w, https:\/\/dr-franke-metallwaren.de\/metall\/wp-content\/uploads\/2023\/10\/Scharniere-und-Beschaege.jpg 600w\" sizes=\"(max-width: 300px) 100vw, 300px\" \/>\t\t<h2 class=\"woocommerce-loop-category__title\">\n\t\t\tScharniere, Beschl\u00e4ge und Verbindungselemente\t\t<\/h2>\n\t\t<\/a><\/li>\n<li class=\"product-category product last\">\n\t<a aria-label=\"Produktkategorie Zubeh\u00f6r und Diverses besuchen\" href=\"https:\/\/dr-franke-metallwaren.de\/metall\/produkt-kategorie\/zubehoer-diverses\/\"><img decoding=\"async\" src=\"https:\/\/dr-franke-metallwaren.de\/metall\/wp-content\/uploads\/2023\/10\/Zubehoer-300x300.jpg\" alt=\"Zubeh\u00f6r und Diverses\" width=\"300\" height=\"300\" srcset=\"https:\/\/dr-franke-metallwaren.de\/metall\/wp-content\/uploads\/2023\/10\/Zubehoer-300x300.jpg 300w, https:\/\/dr-franke-metallwaren.de\/metall\/wp-content\/uploads\/2023\/10\/Zubehoer-150x150.jpg 150w, https:\/\/dr-franke-metallwaren.de\/metall\/wp-content\/uploads\/2023\/10\/Zubehoer-100x100.jpg 100w, https:\/\/dr-franke-metallwaren.de\/metall\/wp-content\/uploads\/2023\/10\/Zubehoer.jpg 600w\" sizes=\"(max-width: 300px) 100vw, 300px\" \/>\t\t<h2 class=\"woocommerce-loop-category__title\">\n\t\t\tZubeh\u00f6r und Diverses\t\t<\/h2>\n\t\t<\/a><\/li>\n<\/ul>\n<\/div>\t\t\t\t<\/div>\n\t\t\t\t<\/div>\n\t\t\t\t\t<\/div>\n\t\t<\/div>\n\t\t\t\t\t<\/div>\n\t\t<\/section>\n\t\t\t\t<section class=\"elementor-section elementor-top-section elementor-element elementor-element-32f84e19 elementor-section-boxed elementor-section-height-default elementor-section-height-default\" data-id=\"32f84e19\" data-element_type=\"section\" data-e-type=\"section\">\n\t\t\t\t\t\t<div class=\"elementor-container elementor-column-gap-default\">\n\t\t\t\t\t<div class=\"elementor-column elementor-col-50 elementor-top-column elementor-element elementor-element-6e67dcf9\" data-id=\"6e67dcf9\" data-element_type=\"column\" data-e-type=\"column\">\n\t\t\t<div class=\"elementor-widget-wrap elementor-element-populated\">\n\t\t\t\t\t\t<div class=\"elementor-element elementor-element-2868ff82 elementor-widget elementor-widget-image\" data-id=\"2868ff82\" data-element_type=\"widget\" data-e-type=\"widget\" data-widget_type=\"image.default\">\n\t\t\t\t<div class=\"elementor-widget-container\">\n\t\t\t\t\t\t\t\t\t\t\t\t\t\t\t\t<a href=\"https:\/\/dr-franke-metallwaren.de\/metall\/wp-content\/uploads\/2026\/04\/Dr-Franke-Metallwaren_-Katalogweb08_Soli-1.pdf\" target=\"_blank\">\n\t\t\t\t\t\t\t<img decoding=\"async\" src=\"https:\/\/dr-franke-metallwaren.de\/metall\/wp-content\/uploads\/elementor\/thumbs\/Deckblatt2-scaled-py6uiww0brrmyc0wem47cr9lf7ntsdb7pa6nwain7k.jpg\" title=\"Deckblatt2\" alt=\"Deckblatt2\" loading=\"lazy\" \/>\t\t\t\t\t\t\t\t<\/a>\n\t\t\t\t\t\t\t\t\t\t\t\t\t\t\t<\/div>\n\t\t\t\t<\/div>\n\t\t\t\t\t<\/div>\n\t\t<\/div>\n\t\t\t\t<div class=\"elementor-column elementor-col-50 elementor-top-column elementor-element elementor-element-15a9b30\" data-id=\"15a9b30\" data-element_type=\"column\" data-e-type=\"column\">\n\t\t\t<div class=\"elementor-widget-wrap elementor-element-populated\">\n\t\t\t\t\t\t<div class=\"elementor-element elementor-element-2d0b3b52 elementor-align-left elementor-mobile-align-center elementor-widget elementor-widget-button\" data-id=\"2d0b3b52\" data-element_type=\"widget\" data-e-type=\"widget\" data-widget_type=\"button.default\">\n\t\t\t\t<div class=\"elementor-widget-container\">\n\t\t\t\t\t\t\t\t\t<div class=\"elementor-button-wrapper\">\n\t\t\t\t\t<a class=\"elementor-button elementor-button-link elementor-size-sm\" href=\"https:\/\/dr-franke-metallwaren.de\/metall\/wp-content\/uploads\/2026\/04\/Dr-Franke-Metallwaren_-Katalogweb09.pdf\" target=\"_blank\">\n\t\t\t\t\t\t<span class=\"elementor-button-content-wrapper\">\n\t\t\t\t\t\t\t\t\t<span class=\"elementor-button-text\">Download Gesamtkatalog<\/span>\n\t\t\t\t\t<\/span>\n\t\t\t\t\t<\/a>\n\t\t\t\t<\/div>\n\t\t\t\t\t\t\t\t<\/div>\n\t\t\t\t<\/div>\n\t\t\t\t\t<\/div>\n\t\t<\/div>\n\t\t\t\t\t<\/div>\n\t\t<\/section>\n\t\t\t\t<\/div>\n\t\t","protected":false},"excerpt":{"rendered":"<p>Schiebet\u00fcrschlossKastenschlossFernbet\u00e4tigungScharniereSchl\u00f6sserFederriegelScharniereSchn\u00e4pperRiegelverschlussZungenschlossSchlaufeKlappschlossDrehriegelTreibriegel Unsere Premium-Produktsortiment Innovative und \u00fcberzeugende L\u00f6sungen aus der Verschluss- und Scharniertechnologie.Ob in den Bereichen Fahrzeug- oder Sonderfahrzeugbau,Maschinenbau, Beleuchtungs- oder Medizintechnologie,das Produktportfolio von uns bietet eine Vielzahl von L\u00f6sungen f\u00fcr Ihre Projekte. Download Gesamtkatalog<\/p>\n","protected":false},"author":1,"featured_media":419,"parent":0,"menu_order":0,"comment_status":"closed","ping_status":"closed","template":"elementor_header_footer","meta":{"footnotes":""},"class_list":["post-222","page","type-page","status-publish","has-post-thumbnail","hentry"],"yoast_head":"<!-- This site is optimized with the Yoast SEO plugin v27.4 - https:\/\/yoast.com\/product\/yoast-seo-wordpress\/ -->\n<title>Home - Dr. Franke Metallwaren<\/title>\n<meta name=\"description\" content=\"Schl\u00f6sser f\u00fcr die Automobil,- Schiff-, Freizeit- und Elektroindustrie, sowie Scharniere, Press-, und Ziehteile direkt aus Remscheid. Dr. Franke Metallwaren geh\u00f6rt zur Dr. Franke group.\" \/>\n<meta name=\"robots\" content=\"index, follow, max-snippet:-1, max-image-preview:large, max-video-preview:-1\" \/>\n<link rel=\"canonical\" href=\"https:\/\/dr-franke-metallwaren.de\/metall\/\" \/>\n<meta property=\"og:locale\" content=\"de_DE\" \/>\n<meta property=\"og:type\" content=\"article\" \/>\n<meta property=\"og:title\" content=\"Home - Dr. Franke Metallwaren\" \/>\n<meta property=\"og:description\" content=\"Schl\u00f6sser f\u00fcr die Automobil,- Schiff-, Freizeit- und Elektroindustrie, sowie Scharniere, Press-, und Ziehteile direkt aus Remscheid. Dr. Franke Metallwaren geh\u00f6rt zur Dr. Franke group.\" \/>\n<meta property=\"og:url\" content=\"https:\/\/dr-franke-metallwaren.de\/metall\/\" \/>\n<meta property=\"og:site_name\" content=\"Dr. Franke Metallwaren\" \/>\n<meta property=\"article:modified_time\" content=\"2026-04-15T10:05:23+00:00\" \/>\n<meta property=\"og:image\" content=\"https:\/\/dr-franke-metallwaren.de\/metall\/wp-content\/uploads\/2022\/11\/cropped-Icon_Franke.png\" \/>\n\t<meta property=\"og:image:width\" content=\"512\" \/>\n\t<meta property=\"og:image:height\" content=\"512\" \/>\n\t<meta property=\"og:image:type\" content=\"image\/png\" \/>\n<meta name=\"twitter:card\" content=\"summary_large_image\" \/>\n<meta name=\"twitter:label1\" content=\"Gesch\u00e4tzte Lesezeit\" \/>\n\t<meta name=\"twitter:data1\" content=\"2\u00a0Minuten\" \/>\n<script type=\"application\/ld+json\" class=\"yoast-schema-graph\">{\"@context\":\"https:\\\/\\\/schema.org\",\"@graph\":[{\"@type\":\"WebPage\",\"@id\":\"https:\\\/\\\/dr-franke-metallwaren.de\\\/metall\\\/\",\"url\":\"https:\\\/\\\/dr-franke-metallwaren.de\\\/metall\\\/\",\"name\":\"Home - Dr. Franke Metallwaren\",\"isPartOf\":{\"@id\":\"https:\\\/\\\/dr-franke-metallwaren.de\\\/metall\\\/#website\"},\"primaryImageOfPage\":{\"@id\":\"https:\\\/\\\/dr-franke-metallwaren.de\\\/metall\\\/#primaryimage\"},\"image\":{\"@id\":\"https:\\\/\\\/dr-franke-metallwaren.de\\\/metall\\\/#primaryimage\"},\"thumbnailUrl\":\"https:\\\/\\\/dr-franke-metallwaren.de\\\/metall\\\/wp-content\\\/uploads\\\/2022\\\/11\\\/cropped-Icon_Franke.png\",\"datePublished\":\"2022-11-16T11:38:36+00:00\",\"dateModified\":\"2026-04-15T10:05:23+00:00\",\"description\":\"Schl\u00f6sser f\u00fcr die Automobil,- Schiff-, Freizeit- und Elektroindustrie, sowie Scharniere, Press-, und Ziehteile direkt aus Remscheid. Dr. Franke Metallwaren geh\u00f6rt zur Dr. Franke group.\",\"breadcrumb\":{\"@id\":\"https:\\\/\\\/dr-franke-metallwaren.de\\\/metall\\\/#breadcrumb\"},\"inLanguage\":\"de\",\"potentialAction\":[{\"@type\":\"ReadAction\",\"target\":[\"https:\\\/\\\/dr-franke-metallwaren.de\\\/metall\\\/\"]}]},{\"@type\":\"ImageObject\",\"inLanguage\":\"de\",\"@id\":\"https:\\\/\\\/dr-franke-metallwaren.de\\\/metall\\\/#primaryimage\",\"url\":\"https:\\\/\\\/dr-franke-metallwaren.de\\\/metall\\\/wp-content\\\/uploads\\\/2022\\\/11\\\/cropped-Icon_Franke.png\",\"contentUrl\":\"https:\\\/\\\/dr-franke-metallwaren.de\\\/metall\\\/wp-content\\\/uploads\\\/2022\\\/11\\\/cropped-Icon_Franke.png\",\"width\":512,\"height\":512},{\"@type\":\"BreadcrumbList\",\"@id\":\"https:\\\/\\\/dr-franke-metallwaren.de\\\/metall\\\/#breadcrumb\",\"itemListElement\":[{\"@type\":\"ListItem\",\"position\":1,\"name\":\"Startseite\",\"item\":\"https:\\\/\\\/dr-franke-metallwaren.de\\\/metall\\\/\"},{\"@type\":\"ListItem\",\"position\":2,\"name\":\"Home\"}]},{\"@type\":\"WebSite\",\"@id\":\"https:\\\/\\\/dr-franke-metallwaren.de\\\/metall\\\/#website\",\"url\":\"https:\\\/\\\/dr-franke-metallwaren.de\\\/metall\\\/\",\"name\":\"Dr. Franke Metallwaren\",\"description\":\"Schl\u00f6sser, Beschl\u00e4ge, Scharniere aus Remscheid sowie Pre\u00df-, Stanz- und Ziehteile aus NRW\",\"publisher\":{\"@id\":\"https:\\\/\\\/dr-franke-metallwaren.de\\\/metall\\\/#organization\"},\"potentialAction\":[{\"@type\":\"SearchAction\",\"target\":{\"@type\":\"EntryPoint\",\"urlTemplate\":\"https:\\\/\\\/dr-franke-metallwaren.de\\\/metall\\\/?s={search_term_string}\"},\"query-input\":{\"@type\":\"PropertyValueSpecification\",\"valueRequired\":true,\"valueName\":\"search_term_string\"}}],\"inLanguage\":\"de\"},{\"@type\":\"Organization\",\"@id\":\"https:\\\/\\\/dr-franke-metallwaren.de\\\/metall\\\/#organization\",\"name\":\"Dr. Franke Metallwaren\",\"url\":\"https:\\\/\\\/dr-franke-metallwaren.de\\\/metall\\\/\",\"logo\":{\"@type\":\"ImageObject\",\"inLanguage\":\"de\",\"@id\":\"https:\\\/\\\/dr-franke-metallwaren.de\\\/metall\\\/#\\\/schema\\\/logo\\\/image\\\/\",\"url\":\"https:\\\/\\\/dr-franke-metallwaren.de\\\/metall\\\/wp-content\\\/uploads\\\/2023\\\/10\\\/cropped-RZ_Logo_dr_franke_metallwaren_Schloesser_Beschlaege_Scharniere.png\",\"contentUrl\":\"https:\\\/\\\/dr-franke-metallwaren.de\\\/metall\\\/wp-content\\\/uploads\\\/2023\\\/10\\\/cropped-RZ_Logo_dr_franke_metallwaren_Schloesser_Beschlaege_Scharniere.png\",\"width\":279,\"height\":99,\"caption\":\"Dr. Franke Metallwaren\"},\"image\":{\"@id\":\"https:\\\/\\\/dr-franke-metallwaren.de\\\/metall\\\/#\\\/schema\\\/logo\\\/image\\\/\"}}]}<\/script>\n<!-- \/ Yoast SEO plugin. -->","yoast_head_json":{"title":"Home - Dr. Franke Metallwaren","description":"Schl\u00f6sser f\u00fcr die Automobil,- Schiff-, Freizeit- und Elektroindustrie, sowie Scharniere, Press-, und Ziehteile direkt aus Remscheid. Dr. Franke Metallwaren geh\u00f6rt zur Dr. Franke group.","robots":{"index":"index","follow":"follow","max-snippet":"max-snippet:-1","max-image-preview":"max-image-preview:large","max-video-preview":"max-video-preview:-1"},"canonical":"https:\/\/dr-franke-metallwaren.de\/metall\/","og_locale":"de_DE","og_type":"article","og_title":"Home - Dr. Franke Metallwaren","og_description":"Schl\u00f6sser f\u00fcr die Automobil,- Schiff-, Freizeit- und Elektroindustrie, sowie Scharniere, Press-, und Ziehteile direkt aus Remscheid. Dr. Franke Metallwaren geh\u00f6rt zur Dr. Franke group.","og_url":"https:\/\/dr-franke-metallwaren.de\/metall\/","og_site_name":"Dr. Franke Metallwaren","article_modified_time":"2026-04-15T10:05:23+00:00","og_image":[{"width":512,"height":512,"url":"https:\/\/dr-franke-metallwaren.de\/metall\/wp-content\/uploads\/2022\/11\/cropped-Icon_Franke.png","type":"image\/png"}],"twitter_card":"summary_large_image","twitter_misc":{"Gesch\u00e4tzte Lesezeit":"2\u00a0Minuten"},"schema":{"@context":"https:\/\/schema.org","@graph":[{"@type":"WebPage","@id":"https:\/\/dr-franke-metallwaren.de\/metall\/","url":"https:\/\/dr-franke-metallwaren.de\/metall\/","name":"Home - Dr. Franke Metallwaren","isPartOf":{"@id":"https:\/\/dr-franke-metallwaren.de\/metall\/#website"},"primaryImageOfPage":{"@id":"https:\/\/dr-franke-metallwaren.de\/metall\/#primaryimage"},"image":{"@id":"https:\/\/dr-franke-metallwaren.de\/metall\/#primaryimage"},"thumbnailUrl":"https:\/\/dr-franke-metallwaren.de\/metall\/wp-content\/uploads\/2022\/11\/cropped-Icon_Franke.png","datePublished":"2022-11-16T11:38:36+00:00","dateModified":"2026-04-15T10:05:23+00:00","description":"Schl\u00f6sser f\u00fcr die Automobil,- Schiff-, Freizeit- und Elektroindustrie, sowie Scharniere, Press-, und Ziehteile direkt aus Remscheid. Dr. Franke Metallwaren geh\u00f6rt zur Dr. Franke group.","breadcrumb":{"@id":"https:\/\/dr-franke-metallwaren.de\/metall\/#breadcrumb"},"inLanguage":"de","potentialAction":[{"@type":"ReadAction","target":["https:\/\/dr-franke-metallwaren.de\/metall\/"]}]},{"@type":"ImageObject","inLanguage":"de","@id":"https:\/\/dr-franke-metallwaren.de\/metall\/#primaryimage","url":"https:\/\/dr-franke-metallwaren.de\/metall\/wp-content\/uploads\/2022\/11\/cropped-Icon_Franke.png","contentUrl":"https:\/\/dr-franke-metallwaren.de\/metall\/wp-content\/uploads\/2022\/11\/cropped-Icon_Franke.png","width":512,"height":512},{"@type":"BreadcrumbList","@id":"https:\/\/dr-franke-metallwaren.de\/metall\/#breadcrumb","itemListElement":[{"@type":"ListItem","position":1,"name":"Startseite","item":"https:\/\/dr-franke-metallwaren.de\/metall\/"},{"@type":"ListItem","position":2,"name":"Home"}]},{"@type":"WebSite","@id":"https:\/\/dr-franke-metallwaren.de\/metall\/#website","url":"https:\/\/dr-franke-metallwaren.de\/metall\/","name":"Dr. Franke Metallwaren","description":"Schl\u00f6sser, Beschl\u00e4ge, Scharniere aus Remscheid sowie Pre\u00df-, Stanz- und Ziehteile aus NRW","publisher":{"@id":"https:\/\/dr-franke-metallwaren.de\/metall\/#organization"},"potentialAction":[{"@type":"SearchAction","target":{"@type":"EntryPoint","urlTemplate":"https:\/\/dr-franke-metallwaren.de\/metall\/?s={search_term_string}"},"query-input":{"@type":"PropertyValueSpecification","valueRequired":true,"valueName":"search_term_string"}}],"inLanguage":"de"},{"@type":"Organization","@id":"https:\/\/dr-franke-metallwaren.de\/metall\/#organization","name":"Dr. Franke Metallwaren","url":"https:\/\/dr-franke-metallwaren.de\/metall\/","logo":{"@type":"ImageObject","inLanguage":"de","@id":"https:\/\/dr-franke-metallwaren.de\/metall\/#\/schema\/logo\/image\/","url":"https:\/\/dr-franke-metallwaren.de\/metall\/wp-content\/uploads\/2023\/10\/cropped-RZ_Logo_dr_franke_metallwaren_Schloesser_Beschlaege_Scharniere.png","contentUrl":"https:\/\/dr-franke-metallwaren.de\/metall\/wp-content\/uploads\/2023\/10\/cropped-RZ_Logo_dr_franke_metallwaren_Schloesser_Beschlaege_Scharniere.png","width":279,"height":99,"caption":"Dr. Franke Metallwaren"},"image":{"@id":"https:\/\/dr-franke-metallwaren.de\/metall\/#\/schema\/logo\/image\/"}}]}},"_links":{"self":[{"href":"https:\/\/dr-franke-metallwaren.de\/metall\/wp-json\/wp\/v2\/pages\/222","targetHints":{"allow":["GET"]}}],"collection":[{"href":"https:\/\/dr-franke-metallwaren.de\/metall\/wp-json\/wp\/v2\/pages"}],"about":[{"href":"https:\/\/dr-franke-metallwaren.de\/metall\/wp-json\/wp\/v2\/types\/page"}],"author":[{"embeddable":true,"href":"https:\/\/dr-franke-metallwaren.de\/metall\/wp-json\/wp\/v2\/users\/1"}],"replies":[{"embeddable":true,"href":"https:\/\/dr-franke-metallwaren.de\/metall\/wp-json\/wp\/v2\/comments?post=222"}],"version-history":[{"count":507,"href":"https:\/\/dr-franke-metallwaren.de\/metall\/wp-json\/wp\/v2\/pages\/222\/revisions"}],"predecessor-version":[{"id":2617,"href":"https:\/\/dr-franke-metallwaren.de\/metall\/wp-json\/wp\/v2\/pages\/222\/revisions\/2617"}],"wp:featuredmedia":[{"embeddable":true,"href":"https:\/\/dr-franke-metallwaren.de\/metall\/wp-json\/wp\/v2\/media\/419"}],"wp:attachment":[{"href":"https:\/\/dr-franke-metallwaren.de\/metall\/wp-json\/wp\/v2\/media?parent=222"}],"curies":[{"name":"wp","href":"https:\/\/api.w.org\/{rel}","templated":true}]}}