{"id":1201,"date":"2022-11-16T12:38:33","date_gmt":"2022-11-16T11:38:33","guid":{"rendered":"https:\/\/dr-franke-metallwaren.de\/metall\/privacy-policy\/"},"modified":"2023-01-18T10:08:40","modified_gmt":"2023-01-18T09:08:40","slug":"privacy-policy","status":"publish","type":"page","link":"https:\/\/dr-franke-metallwaren.de\/metall\/privacy-policy\/?lang=en","title":{"rendered":"Privacy policy"},"content":{"rendered":"\t\t<div data-elementor-type=\"wp-page\" data-elementor-id=\"1201\" class=\"elementor elementor-1201 elementor-198\" data-elementor-post-type=\"page\">\n\t\t\t\t\t\t<section class=\"elementor-section elementor-top-section elementor-element elementor-element-57c631f6 elementor-section-boxed elementor-section-height-default elementor-section-height-default\" data-id=\"57c631f6\" data-element_type=\"section\" data-e-type=\"section\">\n\t\t\t\t\t\t<div class=\"elementor-container elementor-column-gap-default\">\n\t\t\t\t\t<div class=\"elementor-column elementor-col-100 elementor-top-column elementor-element elementor-element-6c0548c0\" data-id=\"6c0548c0\" data-element_type=\"column\" data-e-type=\"column\">\n\t\t\t<div class=\"elementor-widget-wrap elementor-element-populated\">\n\t\t\t\t\t\t<div class=\"elementor-element elementor-element-4754655b elementor-widget elementor-widget-heading\" data-id=\"4754655b\" data-element_type=\"widget\" data-e-type=\"widget\" data-widget_type=\"heading.default\">\n\t\t\t\t<div class=\"elementor-widget-container\">\n\t\t\t\t\t<h2 class=\"elementor-heading-title elementor-size-default\">Privacy policy<\/h2>\t\t\t\t<\/div>\n\t\t\t\t<\/div>\n\t\t\t\t<div class=\"elementor-element elementor-element-af989e7 elementor-widget elementor-widget-text-editor\" data-id=\"af989e7\" data-element_type=\"widget\" data-e-type=\"widget\" data-widget_type=\"text-editor.default\">\n\t\t\t\t<div class=\"elementor-widget-container\">\n\t\t\t\t\t\t\t\t\t<p>Diese Website (nachfolgend \u201eWebsite\u201c) wird bereitgestellt von der Firma Dr. Franke GmbH &amp; Co. KG (nachfolgend \u201euns\u201c oder \u201ewir\u201c). Weitere Informationen zum Anbieter der Website finden Sie in unserem Impressum.<\/p>\n<p>Diese Datenschutz-Information gilt f\u00fcr die Datenverarbeitung durch:<br \/>Verantwortlicher: Dr. Franke GmbH &amp; Co. KG, Br\u00fchler Str. 70, 42657 Solingen<\/p>\n<p>E-Mail:<\/p>\n\t\t\t\t\t\t\t\t<\/div>\n\t\t\t\t<\/div>\n\t\t\t\t<div class=\"elementor-element elementor-element-51e4ba71 elementor-widget elementor-widget-html\" data-id=\"51e4ba71\" data-element_type=\"widget\" data-e-type=\"widget\" data-widget_type=\"html.default\">\n\t\t\t\t<div class=\"elementor-widget-container\">\n\t\t\t\t\tinfo@dr-franke-umformtechnik.de\n\t\t\t\t<\/div>\n\t\t\t\t<\/div>\n\t\t\t\t<div class=\"elementor-element elementor-element-49f11bdd elementor-widget elementor-widget-text-editor\" data-id=\"49f11bdd\" data-element_type=\"widget\" data-e-type=\"widget\" data-widget_type=\"text-editor.default\">\n\t\t\t\t<div class=\"elementor-widget-container\">\n\t\t\t\t\t\t\t\t\t<p>Telefon: +49 (0)212 382400<br \/>Der\/die betriebliche Datenschutzbeauftragte von Dr. Franke Umformtechnik GmbH &amp; Co. KG ist unter der obigen Anschrift, zu Hd. Herrn J\u00f6rg Ramme erreichbar.<\/p>\n<p>Umgang mit personenbezogenen Daten<\/p>\n<p>Im Folgenden m\u00f6chten wir Sie \u00fcber unseren Umgang mit personenbezogenen Daten bei der Nutzung dieser Website informieren. Soweit in den folgenden Abschnitten nicht anders beschrieben, folgt die Rechtsgrundlage f\u00fcr einen Umgang mit Ihren personenbezogenen Daten aus der Erforderlichkeit eines Umgangs f\u00fcr die Bereitstellung der auf dieser Website von Ihnen angefragten Funktionalit\u00e4ten (Art. 6(1)(b) Datenschutz-Grundverordnung).<\/p>\n<p>I. Nutzung der Website<\/p>\n<p>1. Aufruf der Website<\/p>\n<p>Wenn Sie unsere Website aufrufen, \u00fcbertr\u00e4gt Ihr Browser technisch bedingt bestimmte Daten an unseren Webserver, um Ihnen die von Ihnen aufgerufenen Informationen zur Verf\u00fcgung zu stellen. Um Ihnen den Besuch der Website zu erm\u00f6glichen, werden dabei folgende Daten erhoben, kurzfristig gespeichert und verwendet:<br \/>IP-Adresse<br \/>Datum und Uhrzeit der Anfrage<br \/>Zeitzonendifferenz zur Greenwich Mean Time (GMT)<br \/>Inhalt der Anforderung (konkrete Seite)<br \/>Betriebssystem und dessen Zugriffsstatus \/ HTTP-Statuscode<br \/>\u00dcbertragene Datenmenge<br \/>Website, von der die Anforderung kommt<br \/>Browser, Sprache und Version der Browsersoftware<\/p>\n<p>Dar\u00fcber hinaus speichern wir zur Wahrung unserer berechtigten Interessen diese Daten f\u00fcr eine begrenzte Zeit, um im Falle unzul\u00e4ssiger Zugriffe bzw. Zugriffsversuche auf hiesige Server, eine Herleitung zu personenbezogenen Daten zu veranlassen (Art. 6(1)(f) Datenschutz-Grundverordnung).<\/p>\n<p>2. Nutzung von Kontaktformularen<\/p>\n<p>We do not use a contact form.<\/p>\n<p>3. Externe Dienste und Inhalte auf unserer Website<\/p>\n<p>Wir binden externe Dienste oder Inhalte auf unserer Website ein. Wenn Sie einen solchen Dienst verwenden oder wenn Ihnen Inhalte Dritter angezeigt werden, werden technisch bedingt Kommunikationsdaten zwischen Ihnen und dem jeweiligen Anbieter ausgetauscht.<\/p>\n<p>Dar\u00fcber hinaus kann es sein, dass der Anbieter der jeweiligen Dienste oder Inhalte Ihre Daten f\u00fcr weitere, eigene Zwecke verarbeitet. Dienste oder Inhalte von Anbietern, die bekannterma\u00dfen Daten f\u00fcr eigene Zwecke verarbeiten, haben wir nach bestem Wissen und Gewissen so konfiguriert, dass entweder eine Kommunikation f\u00fcr andere Zwecke als zur Darstellung der Inhalte bzw. Dienste auf unserer Website unterbleibt, oder eine Kommunikation erst dann stattfindet, wenn Sie sich aktiv dazu entscheiden, den Dienst zu verwenden. Da wir aber keinen Einfluss auf die von Dritten erhobenen Daten und deren Verarbeitung durch diese haben, k\u00f6nnen wir zu Zweck und Umfang der Verarbeitung Ihrer Daten keine verbindlichen Angaben machen.<\/p>\n<p>Weitere Informationen \u00fcber Zweck und Umfang der Erhebung und Verarbeitung Ihrer Daten entnehmen Sie daher bitte den Datenschutzhinweisen der jeweils datenschutzrechtlich verantwortlichen Anbieter der von uns eingebundenen Dienste bzw. Inhalte:<br \/>OSM Maps<\/p>\n<p>II. Weitergabe von Daten zur Verarbeitung in unserem Auftrag<\/p>\n<p>Zur Verarbeitung Ihrer Daten setzen wir zum Teil spezialisierte Dienstleister ein. Unsere Dienstleister werden von uns sorgf\u00e4ltig ausgew\u00e4hlt und regelm\u00e4\u00dfig kontrolliert. Sie verarbeiten personenbezogene Daten nur in unserem Auftrag und strikt nach unseren Weisungen auf der Grundlage entsprechender Vertr\u00e4ge \u00fcber eine Auftragsverarbeitung.<\/p>\n<p>III. Informationen \u00fcber Ihre Rechte<\/p>\n<p>Die folgenden Rechte stehen Ihnen aufgrund der anwendbaren Datenschutzgesetze zur Verf\u00fcgung:<br \/>Recht auf Auskunft \u00fcber die bei uns zu Ihrer Person gespeicherten Daten;<br \/>Recht auf Berichtigung, L\u00f6schung oder Einschr\u00e4nkung der Verarbeitung Ihrer personenbezogenen Daten;<br \/>Recht auf Widerspruch gegen eine Verarbeitung, die unserem berechtigten Interesse, einem \u00f6ffentlichen Interesse oder einem Profiling dient, es sei denn, wir k\u00f6nnen zwingende schutzw\u00fcrdige Gr\u00fcnde f\u00fcr die Verarbeitung nachweisen, die Ihre Interessen, Rechte und Freiheiten \u00fcberwiegen, oder die Verarbeitung dient der Geltendmachung, Aus\u00fcbung oder Verteidigung von Rechtsanspr\u00fcchen;<br \/>Recht auf Daten\u00fcbertragbarkeit;<br \/>Recht sich bei einer Aufsichtsbeh\u00f6rde zu beschweren;<br \/>Von Ihnen erteilte Einwilligungen zur Erhebung, Verarbeitung und Nutzung Ihrer personenbezogenen Daten k\u00f6nnen Sie jederzeit mit Wirkung f\u00fcr die Zukunft widerrufen. N\u00e4here Informationen hierzu finden Sie in den jeweiligen Abschnitten oben, wo eine Datenverarbeitung auf Grundlage Ihrer Einwilligung beschrieben wird.<\/p>\n<p>Falls Sie von Ihren Rechten Gebrauch machen m\u00f6chten, richten Sie bitte Ihr Anliegen an den unten genannten Ansprechpartner.<\/p>\n<p>IV. Kontakt<\/p>\n<p>F\u00fcr Ihre Anliegen zum Datenschutz kontaktieren Sie bitte folgende Adresse:<\/p>\n<p>Dr. Franke GmbH &amp; Co. KG<br \/>Abt. Datenschutz<br \/>Br\u00fchler Str. 70<br \/>42657 Solingen, Deutschland<br \/>Tel: +49(0)212 38 24 00<br \/>E-Mail:<br \/>Schicken Sie Ihre Anfragen an obige E-Mail Adresse.<\/p>\n<p>V. Urheberrechte<br \/>Das Copyright f\u00fcr Texte liegt, soweit nicht anders vermerkt, bei Dr. Franke GmbH &amp; Co. KG<br \/>Das Copyright f\u00fcr Bilder liegt, soweit nicht anders vermerkt, bei Dr. Franke GmbH &amp; Co. KG<br \/>Sofern nicht die Firma Dr. Franke GmbH &amp; Co. KG als Betreiber oder Ersteller der Inhalte fungieren, werden die Urheberrechte von Dritten beachtet.<br \/>Auf den Webseiten zur Verf\u00fcgung gestellte Texte, Textteile, Grafiken, Tabellen oder Bildmaterialien d\u00fcrfen ohne vorherige Zustimmung der Firma Dr. Franke GmbH &amp; Co. KG weder kopiert, heruntergeladen, vervielf\u00e4ltigt, nicht verbreitet und nicht ausgestellt werden.<\/p>\n<p>VI. Rechtliche Hinweise<br \/>Wir behalten uns vor, diese Datenschutzerkl\u00e4rung von Zeit zu Zeit zu aktualisieren. Aktualisierungen dieser Datenschutzerkl\u00e4rung werden auf unserer Website ver\u00f6ffentlicht. \u00c4nderungen gelten ab ihrer Publikation auf unserer Website. Wir empfehlen Ihnen daher, diese Seite regelm\u00e4\u00dfig zu besuchen, um sich \u00fcber gegebenenfalls erfolgte Aktualisierungen zu informieren.<br \/>Alle Angaben unseres Internetangebotes wurden sorgf\u00e4ltig gepr\u00fcft. Wir bem\u00fchen uns, dieses Informationsangebot aktuell und inhaltlich richtig sowie vollst\u00e4ndig anzubieten. Dennoch ist das Auftreten von Fehlern nicht v\u00f6llig auszuschlie\u00dfen. Eine Garantie f\u00fcr die<br \/>Vollst\u00e4ndigkeit, Richtigkeit und letzte Aktualit\u00e4t kann daher nicht \u00fcbernommen werden. Die angegebenen Preise verstehen sich inkl. der gesetzlichen Mehrwertsteuer. Alle Preise ohne Gew\u00e4hr, Preis\u00e4nderungen vorbehalten.<\/p>\n<p>VII. Datensicherheit<br \/>Wir verwenden innerhalb des Website-Besuchs das verbreitete SSL-Verfahren (Secure Socket Layer) in Verbindung mit der jeweils h\u00f6chsten Verschl\u00fcsselungsstufe, die von Ihrem Browser unterst\u00fctzt wird. In der Regel handelt es sich dabei um eine 256 Bit Verschl\u00fcsselung. Falls Ihr Browser keine 256-Bit Verschl\u00fcsselung unterst\u00fctzt, greifen wir stattdessen auf 128-Bit v3 Technologie zur\u00fcck. Ob eine einzelne Seite unseres Internetauftrittes verschl\u00fcsselt \u00fcbertragen wird, erkennen Sie an der geschlossenen Darstellung des Sch\u00fcssel- beziehungsweise Schloss-Symbols in der unteren Statusleiste Ihres Browsers.<br \/>Wir bedienen uns im \u00dcbrigen geeigneter technischer und organisatorischer Sicherheitsma\u00dfnahmen, um Ihre Daten gegen zuf\u00e4llige oder vors\u00e4tzliche Manipulationen, teilweisen oder vollst\u00e4ndigen Verlust, Zerst\u00f6rung oder gegen den unbefugten Zugriff Dritter zu sch\u00fctzen. Unsere Sicherheitsma\u00dfnahmen werden entsprechend der technologischen Entwicklung fortlaufend verbessert.<\/p>\n<p>Stand: Mai 2022<\/p>\n\t\t\t\t\t\t\t\t<\/div>\n\t\t\t\t<\/div>\n\t\t\t\t\t<\/div>\n\t\t<\/div>\n\t\t\t\t\t<\/div>\n\t\t<\/section>\n\t\t\t\t<\/div>\n\t\t","protected":false},"excerpt":{"rendered":"<p>Privacy policy Diese Website (nachfolgend \u201eWebsite\u201c) wird bereitgestellt von der Firma Dr. Franke GmbH &amp; Co. KG (nachfolgend \u201euns\u201c oder \u201ewir\u201c). Weitere Informationen zum Anbieter der Website finden Sie in unserem Impressum. Diese Datenschutz-Information gilt f\u00fcr die Datenverarbeitung durch:Verantwortlicher: Dr. Franke GmbH &amp; Co. KG, Br\u00fchler Str. 70, 42657 Solingen E-Mail: info@dr-franke-umformtechnik.de Telefon: +49 (0)212 [&hellip;]<\/p>\n","protected":false},"author":1,"featured_media":0,"parent":0,"menu_order":0,"comment_status":"closed","ping_status":"closed","template":"elementor_header_footer","meta":{"footnotes":""},"class_list":["post-1201","page","type-page","status-publish","hentry"],"yoast_head":"<!-- This site is optimized with the Yoast SEO plugin v27.4 - https:\/\/yoast.com\/product\/yoast-seo-wordpress\/ -->\n<title>Privacy policy - Dr. Franke Metallwaren<\/title>\n<meta name=\"robots\" content=\"index, follow, max-snippet:-1, max-image-preview:large, max-video-preview:-1\" \/>\n<link rel=\"canonical\" href=\"https:\/\/dr-franke-metallwaren.de\/metall\/privacy-policy\/\" \/>\n<meta property=\"og:locale\" content=\"de_DE\" \/>\n<meta property=\"og:type\" content=\"article\" \/>\n<meta property=\"og:title\" content=\"Privacy policy - Dr. Franke Metallwaren\" \/>\n<meta property=\"og:description\" content=\"Privacy policy Diese Website (nachfolgend \u201eWebsite\u201c) wird bereitgestellt von der Firma Dr. Franke GmbH &amp; Co. KG (nachfolgend \u201euns\u201c oder \u201ewir\u201c). Weitere Informationen zum Anbieter der Website finden Sie in unserem Impressum. Diese Datenschutz-Information gilt f\u00fcr die Datenverarbeitung durch:Verantwortlicher: Dr. Franke GmbH &amp; Co. KG, Br\u00fchler Str. 70, 42657 Solingen E-Mail: info@dr-franke-umformtechnik.de Telefon: +49 (0)212 [&hellip;]\" \/>\n<meta property=\"og:url\" content=\"https:\/\/dr-franke-metallwaren.de\/metall\/privacy-policy\/?lang=en\" \/>\n<meta property=\"og:site_name\" content=\"Dr. Franke Metallwaren\" \/>\n<meta property=\"article:modified_time\" content=\"2023-01-18T09:08:40+00:00\" \/>\n<meta name=\"twitter:card\" content=\"summary_large_image\" \/>\n<meta name=\"twitter:label1\" content=\"Gesch\u00e4tzte Lesezeit\" \/>\n\t<meta name=\"twitter:data1\" content=\"5\u00a0Minuten\" \/>\n<script type=\"application\/ld+json\" class=\"yoast-schema-graph\">{\"@context\":\"https:\\\/\\\/schema.org\",\"@graph\":[{\"@type\":\"WebPage\",\"@id\":\"https:\\\/\\\/dr-franke-metallwaren.de\\\/metall\\\/privacy-policy\\\/?lang=en\",\"url\":\"https:\\\/\\\/dr-franke-metallwaren.de\\\/metall\\\/privacy-policy\\\/?lang=en\",\"name\":\"Privacy policy - Dr. Franke Metallwaren\",\"isPartOf\":{\"@id\":\"https:\\\/\\\/dr-franke-metallwaren.de\\\/metall\\\/#website\"},\"datePublished\":\"2022-11-16T11:38:33+00:00\",\"dateModified\":\"2023-01-18T09:08:40+00:00\",\"breadcrumb\":{\"@id\":\"https:\\\/\\\/dr-franke-metallwaren.de\\\/metall\\\/privacy-policy\\\/?lang=en#breadcrumb\"},\"inLanguage\":\"de\",\"potentialAction\":[{\"@type\":\"ReadAction\",\"target\":[\"https:\\\/\\\/dr-franke-metallwaren.de\\\/metall\\\/privacy-policy\\\/?lang=en\"]}]},{\"@type\":\"BreadcrumbList\",\"@id\":\"https:\\\/\\\/dr-franke-metallwaren.de\\\/metall\\\/privacy-policy\\\/?lang=en#breadcrumb\",\"itemListElement\":[{\"@type\":\"ListItem\",\"position\":1,\"name\":\"Startseite\",\"item\":\"https:\\\/\\\/dr-franke-metallwaren.de\\\/metall\\\/\"},{\"@type\":\"ListItem\",\"position\":2,\"name\":\"Privacy policy\"}]},{\"@type\":\"WebSite\",\"@id\":\"https:\\\/\\\/dr-franke-metallwaren.de\\\/metall\\\/#website\",\"url\":\"https:\\\/\\\/dr-franke-metallwaren.de\\\/metall\\\/\",\"name\":\"Dr. Franke Metallwaren\",\"description\":\"Schl\u00f6sser, Beschl\u00e4ge, Scharniere aus Remscheid sowie Pre\u00df-, Stanz- und Ziehteile aus NRW\",\"publisher\":{\"@id\":\"https:\\\/\\\/dr-franke-metallwaren.de\\\/metall\\\/#organization\"},\"potentialAction\":[{\"@type\":\"SearchAction\",\"target\":{\"@type\":\"EntryPoint\",\"urlTemplate\":\"https:\\\/\\\/dr-franke-metallwaren.de\\\/metall\\\/?s={search_term_string}\"},\"query-input\":{\"@type\":\"PropertyValueSpecification\",\"valueRequired\":true,\"valueName\":\"search_term_string\"}}],\"inLanguage\":\"de\"},{\"@type\":\"Organization\",\"@id\":\"https:\\\/\\\/dr-franke-metallwaren.de\\\/metall\\\/#organization\",\"name\":\"Dr. Franke Metallwaren\",\"url\":\"https:\\\/\\\/dr-franke-metallwaren.de\\\/metall\\\/\",\"logo\":{\"@type\":\"ImageObject\",\"inLanguage\":\"de\",\"@id\":\"https:\\\/\\\/dr-franke-metallwaren.de\\\/metall\\\/#\\\/schema\\\/logo\\\/image\\\/\",\"url\":\"https:\\\/\\\/dr-franke-metallwaren.de\\\/metall\\\/wp-content\\\/uploads\\\/2023\\\/10\\\/cropped-RZ_Logo_dr_franke_metallwaren_Schloesser_Beschlaege_Scharniere.png\",\"contentUrl\":\"https:\\\/\\\/dr-franke-metallwaren.de\\\/metall\\\/wp-content\\\/uploads\\\/2023\\\/10\\\/cropped-RZ_Logo_dr_franke_metallwaren_Schloesser_Beschlaege_Scharniere.png\",\"width\":279,\"height\":99,\"caption\":\"Dr. Franke Metallwaren\"},\"image\":{\"@id\":\"https:\\\/\\\/dr-franke-metallwaren.de\\\/metall\\\/#\\\/schema\\\/logo\\\/image\\\/\"}}]}<\/script>\n<!-- \/ Yoast SEO plugin. -->","yoast_head_json":{"title":"Privacy policy - Dr. Franke Metallwaren","robots":{"index":"index","follow":"follow","max-snippet":"max-snippet:-1","max-image-preview":"max-image-preview:large","max-video-preview":"max-video-preview:-1"},"canonical":"https:\/\/dr-franke-metallwaren.de\/metall\/privacy-policy\/","og_locale":"de_DE","og_type":"article","og_title":"Privacy policy - Dr. Franke Metallwaren","og_description":"Privacy policy Diese Website (nachfolgend \u201eWebsite\u201c) wird bereitgestellt von der Firma Dr. Franke GmbH &amp; Co. KG (nachfolgend \u201euns\u201c oder \u201ewir\u201c). Weitere Informationen zum Anbieter der Website finden Sie in unserem Impressum. Diese Datenschutz-Information gilt f\u00fcr die Datenverarbeitung durch:Verantwortlicher: Dr. Franke GmbH &amp; Co. KG, Br\u00fchler Str. 70, 42657 Solingen E-Mail: info@dr-franke-umformtechnik.de Telefon: +49 (0)212 [&hellip;]","og_url":"https:\/\/dr-franke-metallwaren.de\/metall\/privacy-policy\/?lang=en","og_site_name":"Dr. Franke Metallwaren","article_modified_time":"2023-01-18T09:08:40+00:00","twitter_card":"summary_large_image","twitter_misc":{"Gesch\u00e4tzte Lesezeit":"5\u00a0Minuten"},"schema":{"@context":"https:\/\/schema.org","@graph":[{"@type":"WebPage","@id":"https:\/\/dr-franke-metallwaren.de\/metall\/privacy-policy\/?lang=en","url":"https:\/\/dr-franke-metallwaren.de\/metall\/privacy-policy\/?lang=en","name":"Privacy policy - Dr. Franke Metallwaren","isPartOf":{"@id":"https:\/\/dr-franke-metallwaren.de\/metall\/#website"},"datePublished":"2022-11-16T11:38:33+00:00","dateModified":"2023-01-18T09:08:40+00:00","breadcrumb":{"@id":"https:\/\/dr-franke-metallwaren.de\/metall\/privacy-policy\/?lang=en#breadcrumb"},"inLanguage":"de","potentialAction":[{"@type":"ReadAction","target":["https:\/\/dr-franke-metallwaren.de\/metall\/privacy-policy\/?lang=en"]}]},{"@type":"BreadcrumbList","@id":"https:\/\/dr-franke-metallwaren.de\/metall\/privacy-policy\/?lang=en#breadcrumb","itemListElement":[{"@type":"ListItem","position":1,"name":"Startseite","item":"https:\/\/dr-franke-metallwaren.de\/metall\/"},{"@type":"ListItem","position":2,"name":"Privacy policy"}]},{"@type":"WebSite","@id":"https:\/\/dr-franke-metallwaren.de\/metall\/#website","url":"https:\/\/dr-franke-metallwaren.de\/metall\/","name":"Dr. Franke Metallwaren","description":"Schl\u00f6sser, Beschl\u00e4ge, Scharniere aus Remscheid sowie Pre\u00df-, Stanz- und Ziehteile aus NRW","publisher":{"@id":"https:\/\/dr-franke-metallwaren.de\/metall\/#organization"},"potentialAction":[{"@type":"SearchAction","target":{"@type":"EntryPoint","urlTemplate":"https:\/\/dr-franke-metallwaren.de\/metall\/?s={search_term_string}"},"query-input":{"@type":"PropertyValueSpecification","valueRequired":true,"valueName":"search_term_string"}}],"inLanguage":"de"},{"@type":"Organization","@id":"https:\/\/dr-franke-metallwaren.de\/metall\/#organization","name":"Dr. Franke Metallwaren","url":"https:\/\/dr-franke-metallwaren.de\/metall\/","logo":{"@type":"ImageObject","inLanguage":"de","@id":"https:\/\/dr-franke-metallwaren.de\/metall\/#\/schema\/logo\/image\/","url":"https:\/\/dr-franke-metallwaren.de\/metall\/wp-content\/uploads\/2023\/10\/cropped-RZ_Logo_dr_franke_metallwaren_Schloesser_Beschlaege_Scharniere.png","contentUrl":"https:\/\/dr-franke-metallwaren.de\/metall\/wp-content\/uploads\/2023\/10\/cropped-RZ_Logo_dr_franke_metallwaren_Schloesser_Beschlaege_Scharniere.png","width":279,"height":99,"caption":"Dr. Franke Metallwaren"},"image":{"@id":"https:\/\/dr-franke-metallwaren.de\/metall\/#\/schema\/logo\/image\/"}}]}},"_links":{"self":[{"href":"https:\/\/dr-franke-metallwaren.de\/metall\/wp-json\/wp\/v2\/pages\/1201","targetHints":{"allow":["GET"]}}],"collection":[{"href":"https:\/\/dr-franke-metallwaren.de\/metall\/wp-json\/wp\/v2\/pages"}],"about":[{"href":"https:\/\/dr-franke-metallwaren.de\/metall\/wp-json\/wp\/v2\/types\/page"}],"author":[{"embeddable":true,"href":"https:\/\/dr-franke-metallwaren.de\/metall\/wp-json\/wp\/v2\/users\/1"}],"replies":[{"embeddable":true,"href":"https:\/\/dr-franke-metallwaren.de\/metall\/wp-json\/wp\/v2\/comments?post=1201"}],"version-history":[{"count":6,"href":"https:\/\/dr-franke-metallwaren.de\/metall\/wp-json\/wp\/v2\/pages\/1201\/revisions"}],"predecessor-version":[{"id":1215,"href":"https:\/\/dr-franke-metallwaren.de\/metall\/wp-json\/wp\/v2\/pages\/1201\/revisions\/1215"}],"wp:attachment":[{"href":"https:\/\/dr-franke-metallwaren.de\/metall\/wp-json\/wp\/v2\/media?parent=1201"}],"curies":[{"name":"wp","href":"https:\/\/api.w.org\/{rel}","templated":true}]}}