{"id":1196,"date":"2022-11-16T12:38:33","date_gmt":"2022-11-16T11:38:33","guid":{"rendered":"https:\/\/dr-franke-metallwaren.de\/metall\/imprint\/"},"modified":"2023-01-18T10:09:04","modified_gmt":"2023-01-18T09:09:04","slug":"imprint","status":"publish","type":"page","link":"https:\/\/dr-franke-metallwaren.de\/metall\/imprint\/?lang=en","title":{"rendered":"Imprint"},"content":{"rendered":"\t\t<div data-elementor-type=\"wp-page\" data-elementor-id=\"1196\" class=\"elementor elementor-1196 elementor-201\" data-elementor-post-type=\"page\">\n\t\t\t\t\t\t<section class=\"elementor-section elementor-top-section elementor-element elementor-element-759eda24 elementor-section-boxed elementor-section-height-default elementor-section-height-default\" data-id=\"759eda24\" data-element_type=\"section\" data-e-type=\"section\">\n\t\t\t\t\t\t<div class=\"elementor-container elementor-column-gap-default\">\n\t\t\t\t\t<div class=\"elementor-column elementor-col-100 elementor-top-column elementor-element elementor-element-50c696c8\" data-id=\"50c696c8\" data-element_type=\"column\" data-e-type=\"column\">\n\t\t\t<div class=\"elementor-widget-wrap elementor-element-populated\">\n\t\t\t\t\t\t<div class=\"elementor-element elementor-element-48f0cc22 elementor-widget elementor-widget-heading\" data-id=\"48f0cc22\" data-element_type=\"widget\" data-e-type=\"widget\" data-widget_type=\"heading.default\">\n\t\t\t\t<div class=\"elementor-widget-container\">\n\t\t\t\t\t<h2 class=\"elementor-heading-title elementor-size-default\">Imprint<\/h2>\t\t\t\t<\/div>\n\t\t\t\t<\/div>\n\t\t\t\t<div class=\"elementor-element elementor-element-7cec2f94 elementor-widget elementor-widget-text-editor\" data-id=\"7cec2f94\" data-element_type=\"widget\" data-e-type=\"widget\" data-widget_type=\"text-editor.default\">\n\t\t\t\t<div class=\"elementor-widget-container\">\n\t\t\t\t\t\t\t\t\t<p>Publisher<br \/>Dr. Franke GmbH &amp; Co. KG<\/p>\n<p>Tel: +49(0)212 \/ 38 24 00<br \/>E-Mail:<br \/>Send your enquiries to<\/p>\n\t\t\t\t\t\t\t\t<\/div>\n\t\t\t\t<\/div>\n\t\t\t\t<div class=\"elementor-element elementor-element-604ac96b elementor-widget elementor-widget-html\" data-id=\"604ac96b\" data-element_type=\"widget\" data-e-type=\"widget\" data-widget_type=\"html.default\">\n\t\t\t\t<div class=\"elementor-widget-container\">\n\t\t\t\t\t\ninfo@dr-franke-umformtechnik.de\n\t\t\t\t<\/div>\n\t\t\t\t<\/div>\n\t\t\t\t<div class=\"elementor-element elementor-element-8d40b28 elementor-widget elementor-widget-text-editor\" data-id=\"8d40b28\" data-element_type=\"widget\" data-e-type=\"widget\" data-widget_type=\"text-editor.default\">\n\t\t\t\t<div class=\"elementor-widget-container\">\n\t\t\t\t\t\t\t\t\t<p>Managing Directors:<br \/>J\u00f6rg Ramme, Sven Wieland<\/p>\n<p>Umsatzsteueridentifikationsnummer: DE 224490025<\/p>\n<p>Responsible for editorial content:<br \/>J\u00f6rg Ramme<\/p>\n<p>Dr. Franke GmbH &amp; Co. KG<br \/>Br\u00fchler Str. 70, 42657 Solingen, Deutschland<\/p>\n<p>\u00a9 Copyright <a style=\"color: black;\" href=\"https:\/\/gv-design.de\" target=\"_blank\" rel=\"noopener\">GV Design<\/a>, Wuppertal, 2023<\/p>\n\t\t\t\t\t\t\t\t<\/div>\n\t\t\t\t<\/div>\n\t\t\t\t\t<\/div>\n\t\t<\/div>\n\t\t\t\t\t<\/div>\n\t\t<\/section>\n\t\t\t\t<\/div>\n\t\t","protected":false},"excerpt":{"rendered":"<p>Imprint PublisherDr. Franke GmbH &amp; Co. KG Tel: +49(0)212 \/ 38 24 00E-Mail:Send your enquiries to info@dr-franke-umformtechnik.de Managing Directors:J\u00f6rg Ramme, Sven Wieland Umsatzsteueridentifikationsnummer: DE 224490025 Responsible for editorial content:J\u00f6rg Ramme Dr. Franke GmbH &amp; Co. KGBr\u00fchler Str. 70, 42657 Solingen, Deutschland \u00a9 Copyright GV Design, Wuppertal, 2023<\/p>\n","protected":false},"author":1,"featured_media":0,"parent":0,"menu_order":0,"comment_status":"closed","ping_status":"closed","template":"elementor_header_footer","meta":{"footnotes":""},"class_list":["post-1196","page","type-page","status-publish","hentry"],"yoast_head":"<!-- This site is optimized with the Yoast SEO plugin v27.4 - https:\/\/yoast.com\/product\/yoast-seo-wordpress\/ -->\n<title>Imprint - Dr. Franke Metallwaren<\/title>\n<meta name=\"robots\" content=\"index, follow, max-snippet:-1, max-image-preview:large, max-video-preview:-1\" \/>\n<link rel=\"canonical\" href=\"https:\/\/dr-franke-metallwaren.de\/metall\/imprint\/\" \/>\n<meta property=\"og:locale\" content=\"de_DE\" \/>\n<meta property=\"og:type\" content=\"article\" \/>\n<meta property=\"og:title\" content=\"Imprint - Dr. Franke Metallwaren\" \/>\n<meta property=\"og:description\" content=\"Imprint PublisherDr. Franke GmbH &amp; Co. KG Tel: +49(0)212 \/ 38 24 00E-Mail:Send your enquiries to info@dr-franke-umformtechnik.de Managing Directors:J\u00f6rg Ramme, Sven Wieland Umsatzsteueridentifikationsnummer: DE 224490025 Responsible for editorial content:J\u00f6rg Ramme Dr. Franke GmbH &amp; Co. KGBr\u00fchler Str. 70, 42657 Solingen, Deutschland \u00a9 Copyright GV Design, Wuppertal, 2023\" \/>\n<meta property=\"og:url\" content=\"https:\/\/dr-franke-metallwaren.de\/metall\/imprint\/?lang=en\" \/>\n<meta property=\"og:site_name\" content=\"Dr. Franke Metallwaren\" \/>\n<meta property=\"article:modified_time\" content=\"2023-01-18T09:09:04+00:00\" \/>\n<meta name=\"twitter:card\" content=\"summary_large_image\" \/>\n<script type=\"application\/ld+json\" class=\"yoast-schema-graph\">{\"@context\":\"https:\\\/\\\/schema.org\",\"@graph\":[{\"@type\":\"WebPage\",\"@id\":\"https:\\\/\\\/dr-franke-metallwaren.de\\\/metall\\\/imprint\\\/?lang=en\",\"url\":\"https:\\\/\\\/dr-franke-metallwaren.de\\\/metall\\\/imprint\\\/?lang=en\",\"name\":\"Imprint - Dr. Franke Metallwaren\",\"isPartOf\":{\"@id\":\"https:\\\/\\\/dr-franke-metallwaren.de\\\/metall\\\/#website\"},\"datePublished\":\"2022-11-16T11:38:33+00:00\",\"dateModified\":\"2023-01-18T09:09:04+00:00\",\"breadcrumb\":{\"@id\":\"https:\\\/\\\/dr-franke-metallwaren.de\\\/metall\\\/imprint\\\/?lang=en#breadcrumb\"},\"inLanguage\":\"de\",\"potentialAction\":[{\"@type\":\"ReadAction\",\"target\":[\"https:\\\/\\\/dr-franke-metallwaren.de\\\/metall\\\/imprint\\\/?lang=en\"]}]},{\"@type\":\"BreadcrumbList\",\"@id\":\"https:\\\/\\\/dr-franke-metallwaren.de\\\/metall\\\/imprint\\\/?lang=en#breadcrumb\",\"itemListElement\":[{\"@type\":\"ListItem\",\"position\":1,\"name\":\"Startseite\",\"item\":\"https:\\\/\\\/dr-franke-metallwaren.de\\\/metall\\\/\"},{\"@type\":\"ListItem\",\"position\":2,\"name\":\"Imprint\"}]},{\"@type\":\"WebSite\",\"@id\":\"https:\\\/\\\/dr-franke-metallwaren.de\\\/metall\\\/#website\",\"url\":\"https:\\\/\\\/dr-franke-metallwaren.de\\\/metall\\\/\",\"name\":\"Dr. Franke Metallwaren\",\"description\":\"Schl\u00f6sser, Beschl\u00e4ge, Scharniere aus Remscheid sowie Pre\u00df-, Stanz- und Ziehteile aus NRW\",\"publisher\":{\"@id\":\"https:\\\/\\\/dr-franke-metallwaren.de\\\/metall\\\/#organization\"},\"potentialAction\":[{\"@type\":\"SearchAction\",\"target\":{\"@type\":\"EntryPoint\",\"urlTemplate\":\"https:\\\/\\\/dr-franke-metallwaren.de\\\/metall\\\/?s={search_term_string}\"},\"query-input\":{\"@type\":\"PropertyValueSpecification\",\"valueRequired\":true,\"valueName\":\"search_term_string\"}}],\"inLanguage\":\"de\"},{\"@type\":\"Organization\",\"@id\":\"https:\\\/\\\/dr-franke-metallwaren.de\\\/metall\\\/#organization\",\"name\":\"Dr. Franke Metallwaren\",\"url\":\"https:\\\/\\\/dr-franke-metallwaren.de\\\/metall\\\/\",\"logo\":{\"@type\":\"ImageObject\",\"inLanguage\":\"de\",\"@id\":\"https:\\\/\\\/dr-franke-metallwaren.de\\\/metall\\\/#\\\/schema\\\/logo\\\/image\\\/\",\"url\":\"https:\\\/\\\/dr-franke-metallwaren.de\\\/metall\\\/wp-content\\\/uploads\\\/2023\\\/10\\\/cropped-RZ_Logo_dr_franke_metallwaren_Schloesser_Beschlaege_Scharniere.png\",\"contentUrl\":\"https:\\\/\\\/dr-franke-metallwaren.de\\\/metall\\\/wp-content\\\/uploads\\\/2023\\\/10\\\/cropped-RZ_Logo_dr_franke_metallwaren_Schloesser_Beschlaege_Scharniere.png\",\"width\":279,\"height\":99,\"caption\":\"Dr. Franke Metallwaren\"},\"image\":{\"@id\":\"https:\\\/\\\/dr-franke-metallwaren.de\\\/metall\\\/#\\\/schema\\\/logo\\\/image\\\/\"}}]}<\/script>\n<!-- \/ Yoast SEO plugin. -->","yoast_head_json":{"title":"Imprint - Dr. Franke Metallwaren","robots":{"index":"index","follow":"follow","max-snippet":"max-snippet:-1","max-image-preview":"max-image-preview:large","max-video-preview":"max-video-preview:-1"},"canonical":"https:\/\/dr-franke-metallwaren.de\/metall\/imprint\/","og_locale":"de_DE","og_type":"article","og_title":"Imprint - Dr. Franke Metallwaren","og_description":"Imprint PublisherDr. Franke GmbH &amp; Co. KG Tel: +49(0)212 \/ 38 24 00E-Mail:Send your enquiries to info@dr-franke-umformtechnik.de Managing Directors:J\u00f6rg Ramme, Sven Wieland Umsatzsteueridentifikationsnummer: DE 224490025 Responsible for editorial content:J\u00f6rg Ramme Dr. Franke GmbH &amp; Co. KGBr\u00fchler Str. 70, 42657 Solingen, Deutschland \u00a9 Copyright GV Design, Wuppertal, 2023","og_url":"https:\/\/dr-franke-metallwaren.de\/metall\/imprint\/?lang=en","og_site_name":"Dr. Franke Metallwaren","article_modified_time":"2023-01-18T09:09:04+00:00","twitter_card":"summary_large_image","schema":{"@context":"https:\/\/schema.org","@graph":[{"@type":"WebPage","@id":"https:\/\/dr-franke-metallwaren.de\/metall\/imprint\/?lang=en","url":"https:\/\/dr-franke-metallwaren.de\/metall\/imprint\/?lang=en","name":"Imprint - Dr. Franke Metallwaren","isPartOf":{"@id":"https:\/\/dr-franke-metallwaren.de\/metall\/#website"},"datePublished":"2022-11-16T11:38:33+00:00","dateModified":"2023-01-18T09:09:04+00:00","breadcrumb":{"@id":"https:\/\/dr-franke-metallwaren.de\/metall\/imprint\/?lang=en#breadcrumb"},"inLanguage":"de","potentialAction":[{"@type":"ReadAction","target":["https:\/\/dr-franke-metallwaren.de\/metall\/imprint\/?lang=en"]}]},{"@type":"BreadcrumbList","@id":"https:\/\/dr-franke-metallwaren.de\/metall\/imprint\/?lang=en#breadcrumb","itemListElement":[{"@type":"ListItem","position":1,"name":"Startseite","item":"https:\/\/dr-franke-metallwaren.de\/metall\/"},{"@type":"ListItem","position":2,"name":"Imprint"}]},{"@type":"WebSite","@id":"https:\/\/dr-franke-metallwaren.de\/metall\/#website","url":"https:\/\/dr-franke-metallwaren.de\/metall\/","name":"Dr. Franke Metallwaren","description":"Schl\u00f6sser, Beschl\u00e4ge, Scharniere aus Remscheid sowie Pre\u00df-, Stanz- und Ziehteile aus NRW","publisher":{"@id":"https:\/\/dr-franke-metallwaren.de\/metall\/#organization"},"potentialAction":[{"@type":"SearchAction","target":{"@type":"EntryPoint","urlTemplate":"https:\/\/dr-franke-metallwaren.de\/metall\/?s={search_term_string}"},"query-input":{"@type":"PropertyValueSpecification","valueRequired":true,"valueName":"search_term_string"}}],"inLanguage":"de"},{"@type":"Organization","@id":"https:\/\/dr-franke-metallwaren.de\/metall\/#organization","name":"Dr. Franke Metallwaren","url":"https:\/\/dr-franke-metallwaren.de\/metall\/","logo":{"@type":"ImageObject","inLanguage":"de","@id":"https:\/\/dr-franke-metallwaren.de\/metall\/#\/schema\/logo\/image\/","url":"https:\/\/dr-franke-metallwaren.de\/metall\/wp-content\/uploads\/2023\/10\/cropped-RZ_Logo_dr_franke_metallwaren_Schloesser_Beschlaege_Scharniere.png","contentUrl":"https:\/\/dr-franke-metallwaren.de\/metall\/wp-content\/uploads\/2023\/10\/cropped-RZ_Logo_dr_franke_metallwaren_Schloesser_Beschlaege_Scharniere.png","width":279,"height":99,"caption":"Dr. Franke Metallwaren"},"image":{"@id":"https:\/\/dr-franke-metallwaren.de\/metall\/#\/schema\/logo\/image\/"}}]}},"_links":{"self":[{"href":"https:\/\/dr-franke-metallwaren.de\/metall\/wp-json\/wp\/v2\/pages\/1196","targetHints":{"allow":["GET"]}}],"collection":[{"href":"https:\/\/dr-franke-metallwaren.de\/metall\/wp-json\/wp\/v2\/pages"}],"about":[{"href":"https:\/\/dr-franke-metallwaren.de\/metall\/wp-json\/wp\/v2\/types\/page"}],"author":[{"embeddable":true,"href":"https:\/\/dr-franke-metallwaren.de\/metall\/wp-json\/wp\/v2\/users\/1"}],"replies":[{"embeddable":true,"href":"https:\/\/dr-franke-metallwaren.de\/metall\/wp-json\/wp\/v2\/comments?post=1196"}],"version-history":[{"count":2,"href":"https:\/\/dr-franke-metallwaren.de\/metall\/wp-json\/wp\/v2\/pages\/1196\/revisions"}],"predecessor-version":[{"id":1216,"href":"https:\/\/dr-franke-metallwaren.de\/metall\/wp-json\/wp\/v2\/pages\/1196\/revisions\/1216"}],"wp:attachment":[{"href":"https:\/\/dr-franke-metallwaren.de\/metall\/wp-json\/wp\/v2\/media?parent=1196"}],"curies":[{"name":"wp","href":"https:\/\/api.w.org\/{rel}","templated":true}]}}